{"id":32866,"date":"2025-09-26T23:37:09","date_gmt":"2025-09-26T23:37:09","guid":{"rendered":"https:\/\/as-schwabe.de\/?post_type=product&#038;p=32866"},"modified":"2025-10-23T00:19:29","modified_gmt":"2025-10-23T00:19:29","slug":"przewodnik-przylaczeniowy-euro-bia-h03vvh2-f-2x075-3-m-70651","status":"publish","type":"product","link":"https:\/\/as-schwabe.de\/pl\/produkt\/przewodnik-przylaczeniowy-euro-bia-h03vvh2-f-2x075-3-m-70651\/","title":{"rendered":"Przew\u00f3d przy\u0142\u0105czeniowy z wtyczk\u0105 Euro BIA 3 m H03VVH2-F 2&#215;0,75 | 70651"},"content":{"rendered":"<p>Przew\u00f3d przy\u0142\u0105czeniowy z wtyczk\u0105 Euro H03VVH2-F 2&#215;0,75 w kolorze bia\u0142ym o d\u0142ugo\u015bci 3 metr\u00f3w to idealne rozwi\u0105zanie do zasilania urz\u0105dze\u0144 elektrycznych wewn\u0105trz pomieszcze\u0144. Wyposa\u017cony w p\u0142ask\u0105 wtyczk\u0119 Euro 2P, przew\u00f3d pozwala na \u0142atwe i szybkie pod\u0142\u0105czenie do standardowych gniazdek. Dzi\u0119ki odizolowaniu na 30 mm z tulejkami, zapewnia bezpieczne po\u0142\u0105czenie, a jego maksymalne napi\u0119cie wynosz\u0105ce 230 V i pr\u0105d do 2,5 A sprawiaj\u0105, \u017ce jest odpowiedni do wi\u0119kszo\u015bci domowych zastosowa\u0144. Klasa ochrony IP20 oznacza, \u017ce przew\u00f3d nale\u017cy stosowa\u0107 wy\u0142\u0105cznie w pomieszczeniach zamkni\u0119tych, co gwarantuje trwa\u0142o\u015b\u0107 i bezpiecze\u0144stwo u\u017cytkowania. Ten przew\u00f3d to doskona\u0142y wyb\u00f3r dla ka\u017cdego, kto ceni sobie jako\u015b\u0107 i wygod\u0119 w codziennym u\u017cytkowaniu elektryczno\u015bci.<\/p>","protected":false},"excerpt":{"rendered":"<div class=\"icons\" style=\"display: flex; flex-wrap: wrap; gap: 5px; align-items: center; margin-top: 10px;\"><img decoding=\"async\" src=\"https:\/\/as-schwabe.de\/wp-content\/uploads\/ikony\/znak_CE.png\" alt=\"\" width=\"50\" height=\"50\" \/><img decoding=\"async\" src=\"https:\/\/as-schwabe.de\/wp-content\/uploads\/ikony\/znak_IP20.png\" alt=\"\" width=\"50\" height=\"50\" \/><img decoding=\"async\" src=\"https:\/\/as-schwabe.de\/wp-content\/uploads\/ikony\/znak_D.png\" alt=\"\" width=\"50\" height=\"50\" \/><\/div>\n<ul>\n<li>IP20: do u\u017cytku wewn\u0105trz pomieszcze\u0144 <\/li>\n<li>wtyczka: 2P\/II Euro <\/li>\n<li>230 V, 2,5 A<\/li>\n<\/ul>","protected":false},"featured_media":32043,"template":"","meta":{"inline_featured_image":false},"genre":[509],"product_cat":[507,570],"product_tag":[],"class_list":{"0":"post-32866","1":"product","2":"type-product","3":"status-publish","4":"has-post-thumbnail","6":"product_brand-as-schwabe-pl","7":"product_cat-przewody-przylaczeniowe-2-pl","8":"product_cat-przewody-przylaczeniowe-z-wtyczka-pl","10":"first","11":"instock","12":"shipping-taxable","13":"product-type-simple"},"aioseo_notices":[],"_links":{"self":[{"href":"https:\/\/as-schwabe.de\/pl\/wp-json\/wp\/v2\/product\/32866","targetHints":{"allow":["GET"]}}],"collection":[{"href":"https:\/\/as-schwabe.de\/pl\/wp-json\/wp\/v2\/product"}],"about":[{"href":"https:\/\/as-schwabe.de\/pl\/wp-json\/wp\/v2\/types\/product"}],"version-history":[{"count":0,"href":"https:\/\/as-schwabe.de\/pl\/wp-json\/wp\/v2\/product\/32866\/revisions"}],"wp:featuredmedia":[{"embeddable":true,"href":"https:\/\/as-schwabe.de\/pl\/wp-json\/wp\/v2\/media\/32043"}],"wp:attachment":[{"href":"https:\/\/as-schwabe.de\/pl\/wp-json\/wp\/v2\/media?parent=32866"}],"wp:term":[{"taxonomy":"product_brand","embeddable":true,"href":"https:\/\/as-schwabe.de\/pl\/wp-json\/wp\/v2\/genre?post=32866"},{"taxonomy":"product_cat","embeddable":true,"href":"https:\/\/as-schwabe.de\/pl\/wp-json\/wp\/v2\/product_cat?post=32866"},{"taxonomy":"product_tag","embeddable":true,"href":"https:\/\/as-schwabe.de\/pl\/wp-json\/wp\/v2\/product_tag?post=32866"}],"curies":[{"name":"wp","href":"https:\/\/api.w.org\/{rel}","templated":true}]}}