{"id":32865,"date":"2025-09-26T23:37:09","date_gmt":"2025-09-26T23:37:09","guid":{"rendered":"https:\/\/as-schwabe.de\/?post_type=product&#038;p=32865"},"modified":"2025-10-23T00:19:29","modified_gmt":"2025-10-23T00:19:29","slug":"przewod-przylaczeniowy-euro-cza-h03vvh2-f-2x075-15-m-70642","status":"publish","type":"product","link":"https:\/\/as-schwabe.de\/pl\/produkt\/przewod-przylaczeniowy-euro-cza-h03vvh2-f-2x075-15-m-70642\/","title":{"rendered":"Przew\u00f3d przy\u0142\u0105czeniowy z wtyczk\u0105 Euro CZA 1,5 m H03VVH2-F 2&#215;0,75 | 70642"},"content":{"rendered":"<p>Przew\u00f3d przy\u0142\u0105czeniowy z wtyczk\u0105 Euro H03VVH2-F 2&#215;0,75 w kolorze czarnym o d\u0142ugo\u015bci 1,5 m to wysokiej jako\u015bci produkt, idealny do zastosowa\u0144 wewn\u0119trznych. Wyposa\u017cony w p\u0142ask\u0105 wtyczk\u0119 Euro 2P oraz odizolowanie na 30 mm z tulejkami, zapewnia niezawodne po\u0142\u0105czenie elektryczne. Umo\u017cliwia bezpieczne przesy\u0142anie energii elektrycznej przy maksymalnym napi\u0119ciu 230 V i nat\u0119\u017ceniu 2,5 A. Klasa ochrony IP20 gwarantuje stosowanie przewodu w suchych pomieszczeniach, co czyni go idealnym rozwi\u0105zaniem do biur, mieszka\u0144 oraz innych wn\u0119trz. Wybieraj\u0105c ten przew\u00f3d, zyskujesz pewno\u015b\u0107 trwa\u0142ej i stabilnej pracy swoich urz\u0105dze\u0144 elektrycznych.<\/p>","protected":false},"excerpt":{"rendered":"<div class=\"icons\" style=\"display: flex; flex-wrap: wrap; gap: 5px; align-items: center; margin-top: 10px;\"><img decoding=\"async\" src=\"https:\/\/as-schwabe.de\/wp-content\/uploads\/ikony\/znak_CE.png\" alt=\"\" width=\"50\" height=\"50\" \/><img decoding=\"async\" src=\"https:\/\/as-schwabe.de\/wp-content\/uploads\/ikony\/znak_IP20.png\" alt=\"\" width=\"50\" height=\"50\" \/><img decoding=\"async\" src=\"https:\/\/as-schwabe.de\/wp-content\/uploads\/ikony\/znak_D.png\" alt=\"\" width=\"50\" height=\"50\" \/><\/div>\n<ul>\n<li>IP20: do u\u017cytku wewn\u0105trz pomieszcze\u0144 <\/li>\n<li>wtyczka: 2P\/II Euro <\/li>\n<li>230 V, 2,5 A<\/li>\n<\/ul>","protected":false},"featured_media":32042,"template":"","meta":{"inline_featured_image":false},"genre":[509],"product_cat":[507,570],"product_tag":[],"class_list":{"0":"post-32865","1":"product","2":"type-product","3":"status-publish","4":"has-post-thumbnail","6":"product_brand-as-schwabe-pl","7":"product_cat-przewody-przylaczeniowe-2-pl","8":"product_cat-przewody-przylaczeniowe-z-wtyczka-pl","10":"first","11":"instock","12":"shipping-taxable","13":"product-type-simple"},"aioseo_notices":[],"_links":{"self":[{"href":"https:\/\/as-schwabe.de\/pl\/wp-json\/wp\/v2\/product\/32865","targetHints":{"allow":["GET"]}}],"collection":[{"href":"https:\/\/as-schwabe.de\/pl\/wp-json\/wp\/v2\/product"}],"about":[{"href":"https:\/\/as-schwabe.de\/pl\/wp-json\/wp\/v2\/types\/product"}],"version-history":[{"count":0,"href":"https:\/\/as-schwabe.de\/pl\/wp-json\/wp\/v2\/product\/32865\/revisions"}],"wp:featuredmedia":[{"embeddable":true,"href":"https:\/\/as-schwabe.de\/pl\/wp-json\/wp\/v2\/media\/32042"}],"wp:attachment":[{"href":"https:\/\/as-schwabe.de\/pl\/wp-json\/wp\/v2\/media?parent=32865"}],"wp:term":[{"taxonomy":"product_brand","embeddable":true,"href":"https:\/\/as-schwabe.de\/pl\/wp-json\/wp\/v2\/genre?post=32865"},{"taxonomy":"product_cat","embeddable":true,"href":"https:\/\/as-schwabe.de\/pl\/wp-json\/wp\/v2\/product_cat?post=32865"},{"taxonomy":"product_tag","embeddable":true,"href":"https:\/\/as-schwabe.de\/pl\/wp-json\/wp\/v2\/product_tag?post=32865"}],"curies":[{"name":"wp","href":"https:\/\/api.w.org\/{rel}","templated":true}]}}