{"id":32863,"date":"2025-09-26T23:37:09","date_gmt":"2025-09-26T23:37:09","guid":{"rendered":"https:\/\/as-schwabe.de\/?post_type=product&#038;p=32863"},"modified":"2025-10-23T00:19:28","modified_gmt":"2025-10-23T00:19:28","slug":"przewodnik-przylaczeniowy-z-wl-bia-h03vvh2-f-2x075-3-m-70631","status":"publish","type":"product","link":"https:\/\/as-schwabe.de\/pl\/produkt\/przewodnik-przylaczeniowy-z-wl-bia-h03vvh2-f-2x075-3-m-70631\/","title":{"rendered":"Przew\u00f3d przy\u0142\u0105czeniowy z w\u0142\u0105cznikiem i wtyczk\u0105 Euro BIA 3 m H03VVH2-F 2&#215;0,75 | 70631"},"content":{"rendered":"<p>Przew\u00f3d przy\u0142\u0105czeniowy z w\u0142\u0105cznikiem i wtyczk\u0105 Euro H03VVH2-F 2&#215;0,75 w kolorze bia\u0142ym, o d\u0142ugo\u015bci 3 metr\u00f3w, to idealne rozwi\u0105zanie do zastosowa\u0144 wewn\u0119trznych, gdzie wymagana jest \u0142atwo\u015b\u0107 obs\u0142ugi. Wyposa\u017cony w p\u0142ask\u0105 wtyczk\u0119 Euro 2P oraz wygodny w\u0142\u0105cznik, zapewnia komfortowe oraz szybkie w\u0142\u0105czanie i wy\u0142\u0105czanie urz\u0105dze\u0144. Przew\u00f3d charakteryzuje si\u0119 maksymalnym napi\u0119ciem 230 V oraz pr\u0105dem 2,5 A, co gwarantuje bezpieczne u\u017cytkowanie. Dodatkowo, odizolowanie na 30 mm z tulejkami u\u0142atwia pod\u0142\u0105czenie do r\u00f3\u017cnych urz\u0105dze\u0144, co zwi\u0119ksza jego wszechstronno\u015b\u0107. Klasa ochrony IP20 wskazuje, \u017ce produkt jest przeznaczony do u\u017cytku wewn\u0119trznego, co sprawia, \u017ce idealnie sprawdzi si\u0119 w domach, biurach oraz innych pomieszczeniach. Jest to niezawodne akcesorium, kt\u00f3re podnosi komfort codziennego u\u017cytkowania sprz\u0119tu elektrycznego.<\/p>","protected":false},"excerpt":{"rendered":"<div class=\"icons\" style=\"display: flex; flex-wrap: wrap; gap: 5px; align-items: center; margin-top: 10px;\"><img decoding=\"async\" src=\"https:\/\/as-schwabe.de\/wp-content\/uploads\/ikony\/znak_CE.png\" alt=\"\" width=\"50\" height=\"50\" \/><img decoding=\"async\" src=\"https:\/\/as-schwabe.de\/wp-content\/uploads\/ikony\/znak_IP20.png\" alt=\"\" width=\"50\" height=\"50\" \/><img decoding=\"async\" src=\"https:\/\/as-schwabe.de\/wp-content\/uploads\/ikony\/znak_D.png\" alt=\"\" width=\"50\" height=\"50\" \/><\/div>\n<ul>\n<li>IP20: do u\u017cytku wewn\u0105trz pomieszcze\u0144 <\/li>\n<li>wtyczka: 2P\/II Euro <\/li>\n<li>z wy\u0142\u0105cznikiem przelotowym, prze\u0142\u0105czanie 1-biegunowe <\/li>\n<li>d\u0142ugo\u015b\u0107 przewodu mi\u0119dzy wtyczk\u0105 a prze\u0142\u0105cznikiem: ok. 2,3 m <\/li>\n<li>d\u0142ugo\u015b\u0107 przewodu pomi\u0119dzy prze\u0142\u0105cznikiem, a ko\u0144c\u00f3wkami przewod\u00f3w: ok. 0,7 m <\/li>\n<li>230 V, 2,5 A<\/li>\n<\/ul>","protected":false},"featured_media":32039,"template":"","meta":{"inline_featured_image":false},"genre":[509],"product_cat":[507,570],"product_tag":[],"class_list":{"0":"post-32863","1":"product","2":"type-product","3":"status-publish","4":"has-post-thumbnail","6":"product_brand-as-schwabe-pl","7":"product_cat-przewody-przylaczeniowe-2-pl","8":"product_cat-przewody-przylaczeniowe-z-wtyczka-pl","10":"first","11":"instock","12":"shipping-taxable","13":"product-type-simple"},"aioseo_notices":[],"_links":{"self":[{"href":"https:\/\/as-schwabe.de\/pl\/wp-json\/wp\/v2\/product\/32863","targetHints":{"allow":["GET"]}}],"collection":[{"href":"https:\/\/as-schwabe.de\/pl\/wp-json\/wp\/v2\/product"}],"about":[{"href":"https:\/\/as-schwabe.de\/pl\/wp-json\/wp\/v2\/types\/product"}],"version-history":[{"count":0,"href":"https:\/\/as-schwabe.de\/pl\/wp-json\/wp\/v2\/product\/32863\/revisions"}],"wp:featuredmedia":[{"embeddable":true,"href":"https:\/\/as-schwabe.de\/pl\/wp-json\/wp\/v2\/media\/32039"}],"wp:attachment":[{"href":"https:\/\/as-schwabe.de\/pl\/wp-json\/wp\/v2\/media?parent=32863"}],"wp:term":[{"taxonomy":"product_brand","embeddable":true,"href":"https:\/\/as-schwabe.de\/pl\/wp-json\/wp\/v2\/genre?post=32863"},{"taxonomy":"product_cat","embeddable":true,"href":"https:\/\/as-schwabe.de\/pl\/wp-json\/wp\/v2\/product_cat?post=32863"},{"taxonomy":"product_tag","embeddable":true,"href":"https:\/\/as-schwabe.de\/pl\/wp-json\/wp\/v2\/product_tag?post=32863"}],"curies":[{"name":"wp","href":"https:\/\/api.w.org\/{rel}","templated":true}]}}