{"id":32854,"date":"2025-09-26T23:37:07","date_gmt":"2025-09-26T23:37:07","guid":{"rendered":"https:\/\/as-schwabe.de\/?post_type=product&#038;p=32854"},"modified":"2025-10-23T00:19:23","modified_gmt":"2025-10-23T00:19:23","slug":"przewodnik-przylaczeniowy-spiralny-h07bq-f-3g15-5-m-70430","status":"publish","type":"product","link":"https:\/\/as-schwabe.de\/pl\/produkt\/przewodnik-przylaczeniowy-spiralny-h07bq-f-3g15-5-m-70430\/","title":{"rendered":"Przew\u00f3d przy\u0142\u0105czeniowy spiralny 1 do 5 m H07BQ-F 3G1,5 | 70430"},"content":{"rendered":"<p>Przew\u00f3d przy\u0142\u0105czeniowy spiralny H07BQ-F 3G1,5 w kolorze pomara\u0144czowym o d\u0142ugo\u015bci do 5 metr\u00f3w to idealne rozwi\u0105zanie dla profesjonalist\u00f3w pracuj\u0105cych na zewn\u0105trz oraz na budowach. Wyposa\u017cony w wtyczk\u0119 IP44 o napi\u0119ciu 230 V i pr\u0105dzie 16 A (2P+Z), zapewnia wysok\u0105 odporno\u015b\u0107 na dzia\u0142anie czynnik\u00f3w atmosferycznych, co sprawia, \u017ce jest bezpieczny w u\u017cytkowaniu w trudnych warunkach. Zako\u0144czenie przewodu z odizolowaniem na 35 mm i tulejkami u\u0142atwia pod\u0142\u0105czenie do r\u00f3\u017cnych urz\u0105dze\u0144, a spiralna konstrukcja gwarantuje \u0142atwe przechowywanie bez spl\u0105tania. Dzi\u0119ki temu produktowi zyskujesz niezawodny i elastyczny przew\u00f3d, kt\u00f3ry spe\u0142ni oczekiwania nawet najbardziej wymagaj\u0105cych u\u017cytkownik\u00f3w.<\/p>","protected":false},"excerpt":{"rendered":"<div class=\"icons\" style=\"display: flex; flex-wrap: wrap; gap: 5px; align-items: center; margin-top: 10px;\"><img decoding=\"async\" src=\"https:\/\/as-schwabe.de\/wp-content\/uploads\/ikony\/znak_CE.png\" alt=\"\" width=\"50\" height=\"50\" \/><img decoding=\"async\" src=\"https:\/\/as-schwabe.de\/wp-content\/uploads\/ikony\/znak_IP44.png\" alt=\"\" width=\"50\" height=\"50\" \/><img decoding=\"async\" src=\"https:\/\/as-schwabe.de\/wp-content\/uploads\/ikony\/znak_PB.png\" alt=\"\" width=\"50\" height=\"50\" \/><img loading=\"lazy\" decoding=\"async\" src=\"https:\/\/as-schwabe.de\/wp-content\/uploads\/ikony\/znak_Z.png\" alt=\"\" width=\"50\" height=\"50\" \/><img loading=\"lazy\" decoding=\"async\" src=\"https:\/\/as-schwabe.de\/wp-content\/uploads\/ikony\/znak_D.png\" alt=\"\" width=\"50\" height=\"50\" \/><\/div>\n<ul>\n<li>IP44: chroniony przed cia\u0142ami obcymi i bryzgami wody <\/li>\n<li>wtyczka 2P+Z IP44 z uziemieniem <\/li>\n<li>przew\u00f3d spiralny wykonany z poliuretanu <\/li>\n<li>elastycznie rozci\u0105gliwy <\/li>\n<li>samoczynnie powraca do d\u0142ugo\u015bci podstawowej <\/li>\n<li>230 V, 16 A<\/li>\n<\/ul>","protected":false},"featured_media":32009,"template":"","meta":{"inline_featured_image":false},"genre":[509],"product_cat":[507,570],"product_tag":[],"class_list":{"0":"post-32854","1":"product","2":"type-product","3":"status-publish","4":"has-post-thumbnail","6":"product_brand-as-schwabe-pl","7":"product_cat-przewody-przylaczeniowe-2-pl","8":"product_cat-przewody-przylaczeniowe-z-wtyczka-pl","10":"first","11":"instock","12":"shipping-taxable","13":"product-type-simple"},"aioseo_notices":[],"_links":{"self":[{"href":"https:\/\/as-schwabe.de\/pl\/wp-json\/wp\/v2\/product\/32854","targetHints":{"allow":["GET"]}}],"collection":[{"href":"https:\/\/as-schwabe.de\/pl\/wp-json\/wp\/v2\/product"}],"about":[{"href":"https:\/\/as-schwabe.de\/pl\/wp-json\/wp\/v2\/types\/product"}],"version-history":[{"count":0,"href":"https:\/\/as-schwabe.de\/pl\/wp-json\/wp\/v2\/product\/32854\/revisions"}],"wp:featuredmedia":[{"embeddable":true,"href":"https:\/\/as-schwabe.de\/pl\/wp-json\/wp\/v2\/media\/32009"}],"wp:attachment":[{"href":"https:\/\/as-schwabe.de\/pl\/wp-json\/wp\/v2\/media?parent=32854"}],"wp:term":[{"taxonomy":"product_brand","embeddable":true,"href":"https:\/\/as-schwabe.de\/pl\/wp-json\/wp\/v2\/genre?post=32854"},{"taxonomy":"product_cat","embeddable":true,"href":"https:\/\/as-schwabe.de\/pl\/wp-json\/wp\/v2\/product_cat?post=32854"},{"taxonomy":"product_tag","embeddable":true,"href":"https:\/\/as-schwabe.de\/pl\/wp-json\/wp\/v2\/product_tag?post=32854"}],"curies":[{"name":"wp","href":"https:\/\/api.w.org\/{rel}","templated":true}]}}