{"id":32851,"date":"2025-09-26T23:37:06","date_gmt":"2025-09-26T23:37:06","guid":{"rendered":"https:\/\/as-schwabe.de\/?post_type=product&#038;p=32851"},"modified":"2025-10-23T00:19:22","modified_gmt":"2025-10-23T00:19:22","slug":"przedluzacz-spiralny-1-gn-h05vv-f-3g15-bia-4-m-70426","status":"publish","type":"product","link":"https:\/\/as-schwabe.de\/pl\/produkt\/przedluzacz-spiralny-1-gn-h05vv-f-3g15-bia-4-m-70426\/","title":{"rendered":"Przed\u0142u\u017cacz spiralny 1-gniazdowy z wtykiem k\u0105towym 2 do 4 m H05VV-F 3G1,5 BIA IP20 | 70426"},"content":{"rendered":"<p>Przed\u0142u\u017cacz spiralny 1-gniazdowy z wtykiem k\u0105towym H05VV-F 3G1,5 to niezawodne rozwi\u0105zanie do zasilania urz\u0105dze\u0144 elektrycznych w pomieszczeniach. Dzi\u0119ki d\u0142ugo\u015bci 4 metr\u00f3w, umo\u017cliwia swobodne poruszanie si\u0119 z pod\u0142\u0105czonym sprz\u0119tem, a jego kompaktowa konstrukcja z wtykiem k\u0105towym IP20 pozwala na \u0142atwe pod\u0142\u0105czenie w trudno dost\u0119pnych miejscach. Przed\u0142u\u017cacz obs\u0142uguje maksymalne obci\u0105\u017cenie do 3500 W przy napi\u0119ciu 230 V oraz 16 A, co czyni go idealnym do zasilania r\u00f3\u017cnorodnych urz\u0105dze\u0144 biurowych i domowych. Gniazdo IP20 zapewnia bezpiecze\u0144stwo u\u017cytkowania w warunkach wewn\u0119trznych, a wysoka jako\u015b\u0107 wykonania gwarantuje d\u0142ugotrwa\u0142\u0105 eksploatacj\u0119 produktu. Zainwestuj w funkcjonalny przed\u0142u\u017cacz, kt\u00f3ry u\u0142atwi Ci codzienne u\u017cytkowanie elektroniki.<\/p>","protected":false},"excerpt":{"rendered":"<div class=\"icons\" style=\"display: flex; flex-wrap: wrap; gap: 5px; align-items: center; margin-top: 10px;\"><img decoding=\"async\" src=\"https:\/\/as-schwabe.de\/wp-content\/uploads\/ikony\/znak_CE.png\" alt=\"\" width=\"50\" height=\"50\" \/><img decoding=\"async\" src=\"https:\/\/as-schwabe.de\/wp-content\/uploads\/ikony\/znak_IP20.png\" alt=\"\" width=\"50\" height=\"50\" \/><img decoding=\"async\" src=\"https:\/\/as-schwabe.de\/wp-content\/uploads\/ikony\/znak_D.png\" alt=\"\" width=\"50\" height=\"50\" \/><\/div>\n<ul>\n<li>IP20: do u\u017cytku wewn\u0105trz pomieszcze\u0144 <\/li>\n<li>przed\u0142u\u017cacz spiralny <\/li>\n<li>nadaj\u0105 si\u0119 do u\u017cytku w pomieszczeniach zamkni\u0119tych <\/li>\n<li>z wtyczk\u0105 k\u0105tow\u0105 i gniazdem z uziemieniem <\/li>\n<li>230 V, 16 A<\/li>\n<\/ul>","protected":false},"featured_media":32006,"template":"","meta":{"inline_featured_image":false},"genre":[509],"product_cat":[544,567],"product_tag":[],"class_list":{"0":"post-32851","1":"product","2":"type-product","3":"status-publish","4":"has-post-thumbnail","6":"product_brand-as-schwabe-pl","7":"product_cat-przedluzacze-2-pl","8":"product_cat-do-uzytku-wewnatrz-pomieszczen-2-pl","10":"first","11":"instock","12":"shipping-taxable","13":"product-type-simple"},"aioseo_notices":[],"_links":{"self":[{"href":"https:\/\/as-schwabe.de\/pl\/wp-json\/wp\/v2\/product\/32851","targetHints":{"allow":["GET"]}}],"collection":[{"href":"https:\/\/as-schwabe.de\/pl\/wp-json\/wp\/v2\/product"}],"about":[{"href":"https:\/\/as-schwabe.de\/pl\/wp-json\/wp\/v2\/types\/product"}],"version-history":[{"count":0,"href":"https:\/\/as-schwabe.de\/pl\/wp-json\/wp\/v2\/product\/32851\/revisions"}],"wp:featuredmedia":[{"embeddable":true,"href":"https:\/\/as-schwabe.de\/pl\/wp-json\/wp\/v2\/media\/32006"}],"wp:attachment":[{"href":"https:\/\/as-schwabe.de\/pl\/wp-json\/wp\/v2\/media?parent=32851"}],"wp:term":[{"taxonomy":"product_brand","embeddable":true,"href":"https:\/\/as-schwabe.de\/pl\/wp-json\/wp\/v2\/genre?post=32851"},{"taxonomy":"product_cat","embeddable":true,"href":"https:\/\/as-schwabe.de\/pl\/wp-json\/wp\/v2\/product_cat?post=32851"},{"taxonomy":"product_tag","embeddable":true,"href":"https:\/\/as-schwabe.de\/pl\/wp-json\/wp\/v2\/product_tag?post=32851"}],"curies":[{"name":"wp","href":"https:\/\/api.w.org\/{rel}","templated":true}]}}