{"id":32849,"date":"2025-09-26T23:37:06","date_gmt":"2025-09-26T23:37:06","guid":{"rendered":"https:\/\/as-schwabe.de\/?post_type=product&#038;p=32849"},"modified":"2025-10-23T00:19:21","modified_gmt":"2025-10-23T00:19:21","slug":"przewodnik-przylaczeniowy-spiralny-cza-h05vv-f-3g15-25-m-70424","status":"publish","type":"product","link":"https:\/\/as-schwabe.de\/pl\/produkt\/przewodnik-przylaczeniowy-spiralny-cza-h05vv-f-3g15-25-m-70424\/","title":{"rendered":"Przew\u00f3d przy\u0142\u0105czeniowy spiralny z wtyczk\u0105 k\u0105tow\u0105 do 2,5 m H05VV-F 3G1,5 CZA | 70424"},"content":{"rendered":"<p>Przew\u00f3d przy\u0142\u0105czeniowy spiralny z wtyczk\u0105 k\u0105tow\u0105 H05VV-F 3G1,5 czarny o d\u0142ugo\u015bci do 2,5 m to idealne rozwi\u0105zanie do zastosowa\u0144 wewn\u0119trznych, oferuj\u0105ce wysok\u0105 jako\u015b\u0107 i niezawodno\u015b\u0107. Wyposa\u017cony w wtyczk\u0119 k\u0105tow\u0105 IP20, przew\u00f3d obs\u0142uguje napi\u0119cie do 230 V oraz pr\u0105d o nat\u0119\u017ceniu do 16 A, zapewniaj\u0105c bezpieczne po\u0142\u0105czenie w r\u00f3\u017cnych warunkach. Specjalnie zaprojektowane odizolowanie na 60 mm z tulejkami u\u0142atwia monta\u017c i gwarantuje wysok\u0105 jako\u015b\u0107 sygna\u0142u. Dzi\u0119ki elastycznej konstrukcji spiralnej, przew\u00f3d jest \u0142atwy w przechowywaniu i u\u017cytkowaniu, co czyni go doskona\u0142ym wyborem dla profesjonalist\u00f3w i majsterkowicz\u00f3w. Zastosowanie klasy ochrony IP20 umo\u017cliwia efektywne wykorzystanie w pomieszczeniach, a elegancki czarny kolor doskonale wpisuje si\u0119 w nowoczesne aran\u017cacje wn\u0119trz.<\/p>","protected":false},"excerpt":{"rendered":"<div class=\"icons\" style=\"display: flex; flex-wrap: wrap; gap: 5px; align-items: center; margin-top: 10px;\"><img decoding=\"async\" src=\"https:\/\/as-schwabe.de\/wp-content\/uploads\/ikony\/znak_CE.png\" alt=\"\" width=\"50\" height=\"50\" \/><img decoding=\"async\" src=\"https:\/\/as-schwabe.de\/wp-content\/uploads\/ikony\/znak_IP20.png\" alt=\"\" width=\"50\" height=\"50\" \/><img decoding=\"async\" src=\"https:\/\/as-schwabe.de\/wp-content\/uploads\/ikony\/znak_D.png\" alt=\"\" width=\"50\" height=\"50\" \/><\/div>\n<ul>\n<li>IP20: do u\u017cytku wewn\u0105trz pomieszcze\u0144 <\/li>\n<li>wtyczka: 2P+Z k\u0105towa z uziemieniem<\/li>\n<li> samoczynnie powraca do d\u0142ugo\u015bci podstawowej <\/li>\n<li>kabel spiralny w os\u0142onie z tworzywa sztucznego H05VV-F 3G1,5 <\/li>\n<li>230 V, 16 A<\/li>\n<\/ul>","protected":false},"featured_media":32004,"template":"","meta":{"inline_featured_image":false},"genre":[509],"product_cat":[507,570],"product_tag":[],"class_list":{"0":"post-32849","1":"product","2":"type-product","3":"status-publish","4":"has-post-thumbnail","6":"product_brand-as-schwabe-pl","7":"product_cat-przewody-przylaczeniowe-2-pl","8":"product_cat-przewody-przylaczeniowe-z-wtyczka-pl","10":"first","11":"instock","12":"shipping-taxable","13":"product-type-simple"},"aioseo_notices":[],"_links":{"self":[{"href":"https:\/\/as-schwabe.de\/pl\/wp-json\/wp\/v2\/product\/32849","targetHints":{"allow":["GET"]}}],"collection":[{"href":"https:\/\/as-schwabe.de\/pl\/wp-json\/wp\/v2\/product"}],"about":[{"href":"https:\/\/as-schwabe.de\/pl\/wp-json\/wp\/v2\/types\/product"}],"version-history":[{"count":0,"href":"https:\/\/as-schwabe.de\/pl\/wp-json\/wp\/v2\/product\/32849\/revisions"}],"wp:featuredmedia":[{"embeddable":true,"href":"https:\/\/as-schwabe.de\/pl\/wp-json\/wp\/v2\/media\/32004"}],"wp:attachment":[{"href":"https:\/\/as-schwabe.de\/pl\/wp-json\/wp\/v2\/media?parent=32849"}],"wp:term":[{"taxonomy":"product_brand","embeddable":true,"href":"https:\/\/as-schwabe.de\/pl\/wp-json\/wp\/v2\/genre?post=32849"},{"taxonomy":"product_cat","embeddable":true,"href":"https:\/\/as-schwabe.de\/pl\/wp-json\/wp\/v2\/product_cat?post=32849"},{"taxonomy":"product_tag","embeddable":true,"href":"https:\/\/as-schwabe.de\/pl\/wp-json\/wp\/v2\/product_tag?post=32849"}],"curies":[{"name":"wp","href":"https:\/\/api.w.org\/{rel}","templated":true}]}}