{"id":32846,"date":"2025-09-26T23:37:05","date_gmt":"2025-09-26T23:37:05","guid":{"rendered":"https:\/\/as-schwabe.de\/?post_type=product&#038;p=32846"},"modified":"2025-10-23T00:19:20","modified_gmt":"2025-10-23T00:19:20","slug":"przedluzacz-spiralny-cee-h07bq-f-5g15-5-m-70416","status":"publish","type":"product","link":"https:\/\/as-schwabe.de\/pl\/produkt\/przedluzacz-spiralny-cee-h07bq-f-5g15-5-m-70416\/","title":{"rendered":"Przed\u0142u\u017cacz budowlany spiralny CEE do 5 m H07BQ-F 5G1,5 POM | 70416"},"content":{"rendered":"<p>Przed\u0142u\u017cacz spiralny CEE H07BQ-F 5G1,5 o d\u0142ugo\u015bci 5 metr\u00f3w w kolorze pomara\u0144czowym to niezawodne rozwi\u0105zanie do zasilania urz\u0105dze\u0144 elektrycznych w trudnych warunkach, zar\u00f3wno na budowie, jak i na zewn\u0105trz. Wyposa\u017cony w wtyczk\u0119 oraz gniazdo CEE 400 V, 16 A, 5P, zapewnia maksymaln\u0105 moc 11 kW, co czyni go idealnym do obs\u0142ugi sprz\u0119tu wymagaj\u0105cego wysokiej wydajno\u015bci. Dzi\u0119ki klasie ochrony IP44, przed\u0142u\u017cacz jest odporny na dzia\u0142anie wody oraz cia\u0142 obcych, co sprawia, \u017ce jest bezpieczny w u\u017cytkowaniu w r\u00f3\u017cnych warunkach atmosferycznych. Jego spiralna konstrukcja u\u0142atwia przechowywanie oraz transport, eliminuj\u0105c problem pl\u0105tania si\u0119 kabli. Idealny wyb\u00f3r dla profesjonalist\u00f3w poszukuj\u0105cych wydajno\u015bci i niezawodno\u015bci w codziennej pracy.<\/p>","protected":false},"excerpt":{"rendered":"<div class=\"icons\" style=\"display: flex; flex-wrap: wrap; gap: 5px; align-items: center; margin-top: 10px;\"><img decoding=\"async\" src=\"https:\/\/as-schwabe.de\/wp-content\/uploads\/ikony\/znak_CE.png\" alt=\"\" width=\"50\" height=\"50\" \/><img decoding=\"async\" src=\"https:\/\/as-schwabe.de\/wp-content\/uploads\/ikony\/znak_IP44.png\" alt=\"\" width=\"50\" height=\"50\" \/><img decoding=\"async\" src=\"https:\/\/as-schwabe.de\/wp-content\/uploads\/ikony\/znak_PB.png\" alt=\"\" width=\"50\" height=\"50\" \/><img loading=\"lazy\" decoding=\"async\" src=\"https:\/\/as-schwabe.de\/wp-content\/uploads\/ikony\/znak_Z.png\" alt=\"\" width=\"50\" height=\"50\" \/><img loading=\"lazy\" decoding=\"async\" src=\"https:\/\/as-schwabe.de\/wp-content\/uploads\/ikony\/znak_D.png\" alt=\"\" width=\"50\" height=\"50\" \/><img loading=\"lazy\" decoding=\"async\" src=\"https:\/\/as-schwabe.de\/wp-content\/uploads\/ikony\/znak_DE.png\" alt=\"\" width=\"50\" height=\"40\" \/><\/div>\n<ul>\n<li>Przed\u0142u\u017cacz spiralny wysokopr\u0105dowy na plac budowy 1 m H07BQ-F 5G1,5 do 5m <\/li>\n<li>kabel spiralny z wysokiej jako\u015bci wtyczk\u0105 CEE i gniazdem CEE z uchyln\u0105 klapk\u0105 <\/li>\n<li>wtyczki i gniazda najnowszej generacji \u201eMade in Germany\u201d <\/li>\n<li>d\u0142ugo\u015b\u0107 podstawowa ok. 1 m, elastycznie rozci\u0105gliwy do 5 m, samo kurcz\u0105cy <\/li>\n<li>pozostaje bardzo elastyczny, nawet przy d\u0142ugotrwa\u0142ym i intensywnym u\u017cytkowaniu <\/li>\n<li>400 V, 5P, 6h<\/li>\n<\/ul>","protected":false},"featured_media":31999,"template":"","meta":{"inline_featured_image":false},"genre":[509],"product_cat":[518,569],"product_tag":[],"class_list":{"0":"post-32846","1":"product","2":"type-product","3":"status-publish","4":"has-post-thumbnail","6":"product_brand-as-schwabe-pl","7":"product_cat-asortyment-produktow-cee-400-v-pl","8":"product_cat-przedluzacze-cee-i-wtyczki-testujace-cee-pl","10":"first","11":"instock","12":"shipping-taxable","13":"product-type-simple"},"aioseo_notices":[],"_links":{"self":[{"href":"https:\/\/as-schwabe.de\/pl\/wp-json\/wp\/v2\/product\/32846","targetHints":{"allow":["GET"]}}],"collection":[{"href":"https:\/\/as-schwabe.de\/pl\/wp-json\/wp\/v2\/product"}],"about":[{"href":"https:\/\/as-schwabe.de\/pl\/wp-json\/wp\/v2\/types\/product"}],"version-history":[{"count":0,"href":"https:\/\/as-schwabe.de\/pl\/wp-json\/wp\/v2\/product\/32846\/revisions"}],"wp:featuredmedia":[{"embeddable":true,"href":"https:\/\/as-schwabe.de\/pl\/wp-json\/wp\/v2\/media\/31999"}],"wp:attachment":[{"href":"https:\/\/as-schwabe.de\/pl\/wp-json\/wp\/v2\/media?parent=32846"}],"wp:term":[{"taxonomy":"product_brand","embeddable":true,"href":"https:\/\/as-schwabe.de\/pl\/wp-json\/wp\/v2\/genre?post=32846"},{"taxonomy":"product_cat","embeddable":true,"href":"https:\/\/as-schwabe.de\/pl\/wp-json\/wp\/v2\/product_cat?post=32846"},{"taxonomy":"product_tag","embeddable":true,"href":"https:\/\/as-schwabe.de\/pl\/wp-json\/wp\/v2\/product_tag?post=32846"}],"curies":[{"name":"wp","href":"https:\/\/api.w.org\/{rel}","templated":true}]}}