{"id":32815,"date":"2025-09-26T23:36:44","date_gmt":"2025-09-26T23:36:44","guid":{"rendered":"https:\/\/as-schwabe.de\/?post_type=product&#038;p=32815"},"modified":"2025-10-23T00:19:19","modified_gmt":"2025-10-23T00:19:19","slug":"przedluzacz-budowlany-spiralny-1-gn-h07bq-f-3g15-pom-do-5m-70413","status":"publish","type":"product","link":"https:\/\/as-schwabe.de\/pl\/produkt\/przedluzacz-budowlany-spiralny-1-gn-h07bq-f-3g15-pom-do-5m-70413\/","title":{"rendered":"Przed\u0142u\u017cacz budowlany spiralny 1-gniazdowy 1 do 5 m H07BQ-F 3G1,5 POM IP44 | 70413"},"content":{"rendered":"<p>Przed\u0142u\u017cacz budowlany spiralny 1-gniazdowy H07BQ-F 3G1,5 w kolorze pomara\u0144czowym to niezawodne rozwi\u0105zanie dla profesjonalist\u00f3w w bran\u017cy budowlanej. Oferuj\u0105cy d\u0142ugo\u015b\u0107 do 5 m, produkt wyposa\u017cony jest w wtyczk\u0119 IP44, co zapewnia bezpieczne u\u017cytkowanie w trudnych warunkach atmosferycznych. Dzi\u0119ki maksymalnym parametrom: 230 V, 16 A oraz mocy 3500 W, przed\u0142u\u017cacz sprawdzi si\u0119 w zasilaniu r\u00f3\u017cnych narz\u0119dzi elektrycznych na placu budowy. Gniazdo IP44 gwarantuje ochron\u0119 przed wnikaniem wody i zanieczyszcze\u0144, co czyni ten produkt idealnym do u\u017cytku na zewn\u0105trz. Spirala przed\u0142u\u017cacza u\u0142atwia organizacj\u0119 przestrzeni roboczej, zapobiegaj\u0105c pl\u0105taniu si\u0119 przewod\u00f3w. Wybieraj\u0105c ten przed\u0142u\u017cacz, inwestujesz w jako\u015b\u0107 i bezpiecze\u0144stwo swojego miejsca pracy.<\/p>","protected":false},"excerpt":{"rendered":"<div class=\"icons\" style=\"display: flex; flex-wrap: wrap; gap: 5px; align-items: center; margin-top: 10px;\"><img decoding=\"async\" src=\"https:\/\/as-schwabe.de\/wp-content\/uploads\/ikony\/znak_CE.png\" alt=\"\" width=\"50\" height=\"50\" \/><img decoding=\"async\" src=\"https:\/\/as-schwabe.de\/wp-content\/uploads\/ikony\/znak_IP44.png\" alt=\"\" width=\"50\" height=\"50\" \/><img decoding=\"async\" src=\"https:\/\/as-schwabe.de\/wp-content\/uploads\/ikony\/znak_PB.png\" alt=\"\" width=\"50\" height=\"50\" \/><img loading=\"lazy\" decoding=\"async\" src=\"https:\/\/as-schwabe.de\/wp-content\/uploads\/ikony\/znak_Z.png\" alt=\"\" width=\"50\" height=\"50\" \/><img loading=\"lazy\" decoding=\"async\" src=\"https:\/\/as-schwabe.de\/wp-content\/uploads\/ikony\/znak_D.png\" alt=\"\" width=\"50\" height=\"50\" \/><img loading=\"lazy\" decoding=\"async\" src=\"https:\/\/as-schwabe.de\/wp-content\/uploads\/ikony\/znak_DG.png\" alt=\"\" width=\"50\" height=\"50\" \/><img loading=\"lazy\" decoding=\"async\" src=\"https:\/\/as-schwabe.de\/wp-content\/uploads\/ikony\/znak_DE.png\" alt=\"\" width=\"50\" height=\"40\" \/><\/div>\n<ul>\n<li>dopuszczone do stosowania na budowach i w rolnictwie <\/li>\n<li>IP44: chroniony przed cia\u0142ami obcymi i bryzgami wody <\/li>\n<li>z kablem spiralnym BQ-F z wtyczk\u0105 z uziemieniem i gniazdem z klapk\u0105 ochronn\u0105 IP44 <\/li>\n<li>o d\u0142ugo\u015bci podstawowej ok. 1 m <\/li>\n<li>rozci\u0105gaj\u0105cy si\u0119 do 5 m <\/li>\n<li>samoczynnie powraca do d\u0142ugo\u015bci podstawowej <\/li>\n<li>pozostaje bardzo elastyczny nawet przy d\u0142ugotrwa\u0142ym i intensywnym u\u017cytkowaniu <\/li>\n<li>idealny do ruchomych platform, rusztowa\u0144 i przemys\u0142u: zawsze oferuje odpowiedni\u0105 d\u0142ugo\u015b\u0107 kabla bezpo\u015brednio w miejscu pracy <\/li>\n<li>230 V, 16 A<\/li>\n<\/ul>","protected":false},"featured_media":31997,"template":"","meta":{"inline_featured_image":false},"genre":[509],"product_cat":[544,545],"product_tag":[],"class_list":{"0":"post-32815","1":"product","2":"type-product","3":"status-publish","4":"has-post-thumbnail","6":"product_brand-as-schwabe-pl","7":"product_cat-przedluzacze-2-pl","8":"product_cat-do-stosowania-na-budowach-pl","10":"first","11":"instock","12":"shipping-taxable","13":"product-type-simple"},"aioseo_notices":[],"_links":{"self":[{"href":"https:\/\/as-schwabe.de\/pl\/wp-json\/wp\/v2\/product\/32815","targetHints":{"allow":["GET"]}}],"collection":[{"href":"https:\/\/as-schwabe.de\/pl\/wp-json\/wp\/v2\/product"}],"about":[{"href":"https:\/\/as-schwabe.de\/pl\/wp-json\/wp\/v2\/types\/product"}],"version-history":[{"count":0,"href":"https:\/\/as-schwabe.de\/pl\/wp-json\/wp\/v2\/product\/32815\/revisions"}],"wp:featuredmedia":[{"embeddable":true,"href":"https:\/\/as-schwabe.de\/pl\/wp-json\/wp\/v2\/media\/31997"}],"wp:attachment":[{"href":"https:\/\/as-schwabe.de\/pl\/wp-json\/wp\/v2\/media?parent=32815"}],"wp:term":[{"taxonomy":"product_brand","embeddable":true,"href":"https:\/\/as-schwabe.de\/pl\/wp-json\/wp\/v2\/genre?post=32815"},{"taxonomy":"product_cat","embeddable":true,"href":"https:\/\/as-schwabe.de\/pl\/wp-json\/wp\/v2\/product_cat?post=32815"},{"taxonomy":"product_tag","embeddable":true,"href":"https:\/\/as-schwabe.de\/pl\/wp-json\/wp\/v2\/product_tag?post=32815"}],"curies":[{"name":"wp","href":"https:\/\/api.w.org\/{rel}","templated":true}]}}