{"id":32814,"date":"2025-09-26T23:36:44","date_gmt":"2025-09-26T23:36:44","guid":{"rendered":"https:\/\/as-schwabe.de\/?post_type=product&#038;p=32814"},"modified":"2025-10-23T00:19:19","modified_gmt":"2025-10-23T00:19:19","slug":"przedluzacz-spiralny-1-gn-h05vv-f-3g15-bia-25-m-70412","status":"publish","type":"product","link":"https:\/\/as-schwabe.de\/pl\/produkt\/przedluzacz-spiralny-1-gn-h05vv-f-3g15-bia-25-m-70412\/","title":{"rendered":"Przed\u0142u\u017cacz spiralny 1-gniazdowy z wtykiem k\u0105towym 2,5 m H05VV-F 3G1,5 BIA IP20 | 70412"},"content":{"rendered":"<p>Przed\u0142u\u017cacz spiralny 1-gniazdowy z wtykiem k\u0105towym H05VV-F 3G1,5 o d\u0142ugo\u015bci do 2,5 m to idealne rozwi\u0105zanie dla u\u017cytkownik\u00f3w poszukuj\u0105cych wygodnego i estetycznego sposobu na zasilanie urz\u0105dze\u0144 elektrycznych w pomieszczeniach. Wtyczka k\u0105towa IP20 o napi\u0119ciu 230 V i pr\u0105dzie 16 A, a tak\u017ce gniazdo IP20 zapewniaj\u0105 bezpieczn\u0105 i niezawodn\u0105 prac\u0119. Maksymalne obci\u0105\u017cenie wynosz\u0105ce 3500 W sprawia, \u017ce przed\u0142u\u017cacz jest odpowiedni do zasilania r\u00f3\u017cnych urz\u0105dze\u0144, od sprz\u0119tu biurowego po urz\u0105dzenia RTV. Dzi\u0119ki spiralnej konstrukcji, kabel jest \u0142atwy do przechowywania oraz nie zajmuje du\u017co miejsca, co czyni go praktycznym rozwi\u0105zaniem w ka\u017cdej sytuacji. Przeznaczony do u\u017cytku wewn\u0119trznego, przed\u0142u\u017cacz ten \u0142\u0105czy w sobie funkcjonalno\u015b\u0107 z bezpiecze\u0144stwem u\u017cytkowania.<\/p>","protected":false},"excerpt":{"rendered":"<div class=\"icons\" style=\"display: flex; flex-wrap: wrap; gap: 5px; align-items: center; margin-top: 10px;\"><img decoding=\"async\" src=\"https:\/\/as-schwabe.de\/wp-content\/uploads\/ikony\/znak_CE.png\" alt=\"\" width=\"50\" height=\"50\" \/><img decoding=\"async\" src=\"https:\/\/as-schwabe.de\/wp-content\/uploads\/ikony\/znak_IP20.png\" alt=\"\" width=\"50\" height=\"50\" \/><img decoding=\"async\" src=\"https:\/\/as-schwabe.de\/wp-content\/uploads\/ikony\/znak_D.png\" alt=\"\" width=\"50\" height=\"50\" \/><\/div>\n<ul>\n<li>IP20: do u\u017cytku wewn\u0105trz pomieszcze\u0144 <\/li>\n<li>przed\u0142u\u017cacz spiralny <\/li>\n<li>nadaj\u0105 si\u0119 do u\u017cytku w pomieszczeniach zamkni\u0119tych <\/li>\n<li>z wtyczk\u0105 k\u0105tow\u0105 i gniazdem z uziemieniem <\/li>\n<li>230 V, 16 A<\/li>\n<\/ul>","protected":false},"featured_media":31996,"template":"","meta":{"inline_featured_image":false},"genre":[509],"product_cat":[544,567],"product_tag":[],"class_list":{"0":"post-32814","1":"product","2":"type-product","3":"status-publish","4":"has-post-thumbnail","6":"product_brand-as-schwabe-pl","7":"product_cat-przedluzacze-2-pl","8":"product_cat-do-uzytku-wewnatrz-pomieszczen-2-pl","10":"first","11":"instock","12":"shipping-taxable","13":"product-type-simple"},"aioseo_notices":[],"_links":{"self":[{"href":"https:\/\/as-schwabe.de\/pl\/wp-json\/wp\/v2\/product\/32814","targetHints":{"allow":["GET"]}}],"collection":[{"href":"https:\/\/as-schwabe.de\/pl\/wp-json\/wp\/v2\/product"}],"about":[{"href":"https:\/\/as-schwabe.de\/pl\/wp-json\/wp\/v2\/types\/product"}],"version-history":[{"count":0,"href":"https:\/\/as-schwabe.de\/pl\/wp-json\/wp\/v2\/product\/32814\/revisions"}],"wp:featuredmedia":[{"embeddable":true,"href":"https:\/\/as-schwabe.de\/pl\/wp-json\/wp\/v2\/media\/31996"}],"wp:attachment":[{"href":"https:\/\/as-schwabe.de\/pl\/wp-json\/wp\/v2\/media?parent=32814"}],"wp:term":[{"taxonomy":"product_brand","embeddable":true,"href":"https:\/\/as-schwabe.de\/pl\/wp-json\/wp\/v2\/genre?post=32814"},{"taxonomy":"product_cat","embeddable":true,"href":"https:\/\/as-schwabe.de\/pl\/wp-json\/wp\/v2\/product_cat?post=32814"},{"taxonomy":"product_tag","embeddable":true,"href":"https:\/\/as-schwabe.de\/pl\/wp-json\/wp\/v2\/product_tag?post=32814"}],"curies":[{"name":"wp","href":"https:\/\/api.w.org\/{rel}","templated":true}]}}