{"id":32813,"date":"2025-09-26T23:36:44","date_gmt":"2025-09-26T23:36:44","guid":{"rendered":"https:\/\/as-schwabe.de\/?post_type=product&#038;p=32813"},"modified":"2025-10-23T00:19:18","modified_gmt":"2025-10-23T00:19:18","slug":"przedluzacz-spiralny-1-gn-h05vv-f-3g15-cza-25-m-70410","status":"publish","type":"product","link":"https:\/\/as-schwabe.de\/pl\/produkt\/przedluzacz-spiralny-1-gn-h05vv-f-3g15-cza-25-m-70410\/","title":{"rendered":"Przed\u0142u\u017cacz spiralny 1-gniazdowy z wtykiem k\u0105towym 2,5 m H05VV-F 3G1,5 CZA IP20 | 70410"},"content":{"rendered":"<p>Przed\u0142u\u017cacz spiralny 1-gniazdowy z wtykiem k\u0105towym H05VV-F 3G1,5 o d\u0142ugo\u015bci do 2,5 m to idealne rozwi\u0105zanie dla os\u00f3b poszukuj\u0105cych praktycznego \u017ar\u00f3d\u0142a zasilania w r\u00f3\u017cnych domowych i biurowych zastosowaniach. Jego konstrukcja z wtyczk\u0105 k\u0105tow\u0105 IP20 230 V oraz gniazdem IP20 230 V 16 A zapewnia wygod\u0119 oraz bezpiecze\u0144stwo u\u017cytkowania. Dzi\u0119ki maksymalnej mocy 3500 W, przed\u0142u\u017cacz doskonale sprawdzi si\u0119 do zasilania sprz\u0119tu elektronicznego i AGD. Zastosowanie klasy ochrony IP20 gwarantuje, \u017ce produkt jest przystosowany do u\u017cytku wewn\u0105trz pomieszcze\u0144, co czyni go funkcjonalnym narz\u0119dziem w codziennych sytuacjach. Elastyczna spirala przed\u0142u\u017cacza umo\u017cliwia regulacj\u0119 d\u0142ugo\u015bci w miar\u0119 potrzeb, co zwi\u0119ksza jego wszechstronno\u015b\u0107 i wygod\u0119 u\u017cytkowania.<\/p>","protected":false},"excerpt":{"rendered":"<div class=\"icons\" style=\"display: flex; flex-wrap: wrap; gap: 5px; align-items: center; margin-top: 10px;\"><img decoding=\"async\" src=\"https:\/\/as-schwabe.de\/wp-content\/uploads\/ikony\/znak_CE.png\" alt=\"\" width=\"50\" height=\"50\" \/><img decoding=\"async\" src=\"https:\/\/as-schwabe.de\/wp-content\/uploads\/ikony\/znak_IP20.png\" alt=\"\" width=\"50\" height=\"50\" \/><img decoding=\"async\" src=\"https:\/\/as-schwabe.de\/wp-content\/uploads\/ikony\/znak_D.png\" alt=\"\" width=\"50\" height=\"50\" \/><\/div>\n<ul>\n<li>IP20: do u\u017cytku wewn\u0105trz pomieszcze\u0144 <\/li>\n<li>przed\u0142u\u017cacz spiralny <\/li>\n<li>nadaj\u0105 si\u0119 do u\u017cytku w pomieszczeniach zamkni\u0119tych <\/li>\n<li>z wtyczk\u0105 k\u0105tow\u0105 i gniazdem z uziemieniem <\/li>\n<li>230 V, 16 A<\/li>\n<\/ul>","protected":false},"featured_media":31995,"template":"","meta":{"inline_featured_image":false},"genre":[509],"product_cat":[544,567],"product_tag":[],"class_list":{"0":"post-32813","1":"product","2":"type-product","3":"status-publish","4":"has-post-thumbnail","6":"product_brand-as-schwabe-pl","7":"product_cat-przedluzacze-2-pl","8":"product_cat-do-uzytku-wewnatrz-pomieszczen-2-pl","10":"first","11":"instock","12":"shipping-taxable","13":"product-type-simple"},"aioseo_notices":[],"_links":{"self":[{"href":"https:\/\/as-schwabe.de\/pl\/wp-json\/wp\/v2\/product\/32813","targetHints":{"allow":["GET"]}}],"collection":[{"href":"https:\/\/as-schwabe.de\/pl\/wp-json\/wp\/v2\/product"}],"about":[{"href":"https:\/\/as-schwabe.de\/pl\/wp-json\/wp\/v2\/types\/product"}],"version-history":[{"count":0,"href":"https:\/\/as-schwabe.de\/pl\/wp-json\/wp\/v2\/product\/32813\/revisions"}],"wp:featuredmedia":[{"embeddable":true,"href":"https:\/\/as-schwabe.de\/pl\/wp-json\/wp\/v2\/media\/31995"}],"wp:attachment":[{"href":"https:\/\/as-schwabe.de\/pl\/wp-json\/wp\/v2\/media?parent=32813"}],"wp:term":[{"taxonomy":"product_brand","embeddable":true,"href":"https:\/\/as-schwabe.de\/pl\/wp-json\/wp\/v2\/genre?post=32813"},{"taxonomy":"product_cat","embeddable":true,"href":"https:\/\/as-schwabe.de\/pl\/wp-json\/wp\/v2\/product_cat?post=32813"},{"taxonomy":"product_tag","embeddable":true,"href":"https:\/\/as-schwabe.de\/pl\/wp-json\/wp\/v2\/product_tag?post=32813"}],"curies":[{"name":"wp","href":"https:\/\/api.w.org\/{rel}","templated":true}]}}