{"id":32808,"date":"2025-09-26T23:36:42","date_gmt":"2025-09-26T23:36:42","guid":{"rendered":"https:\/\/as-schwabe.de\/?post_type=product&#038;p=32808"},"modified":"2025-10-23T00:19:16","modified_gmt":"2025-10-23T00:19:16","slug":"przewod-grzejny-h05rn-f-3g10-12-m-67012","status":"publish","type":"product","link":"https:\/\/as-schwabe.de\/pl\/produkt\/przewod-grzejny-h05rn-f-3g10-12-m-67012\/","title":{"rendered":"Przew\u00f3d grzejny 2 m H05RN-F 3G1,0 + kabel grzejny 12 m | 67012"},"content":{"rendered":"<p>Przew\u00f3d grzejny o d\u0142ugo\u015bci 12 m stanowi niezawodne rozwi\u0105zanie do skutecznego ogrzewania przestrzeni na zewn\u0105trz. Wyposa\u017cony w przew\u00f3d zasilaj\u0105cy H05RN-F 3G1 o d\u0142ugo\u015bci 2 m, zako\u0144czony wtyczk\u0105 IP44, zapewnia bezpieczne zasilanie przy napi\u0119ciu 230 V i pr\u0105dzie 16 A. Jego moc wynosi 15 W\/m, co sprawia, \u017ce urz\u0105dzenie jest zar\u00f3wno efektywne, jak i ekonomiczne w u\u017cytkowaniu. Automatyczne w\u0142\u0105czanie grzania przy temperaturze +3\u00b0C i wy\u0142\u0105czanie przy +10\u00b0C zapewnia komfort oraz ochron\u0119 przed niekorzystnymi warunkami atmosferycznymi. Maksymalna temperatura generowana przez przew\u00f3d wynosi 45\u00b0C, a klasa odporno\u015bci IP44 umo\u017cliwia u\u017cycie w trudnych warunkach zewn\u0119trznych. Przew\u00f3d grzejny doskonale sprawdzi si\u0119 w zabezpieczaniu instalacji przed zamarzaniem oraz w innych zastosowaniach wymagaj\u0105cych efektywnego ogrzewania.<\/p>","protected":false},"excerpt":{"rendered":"<div class=\"icons\" style=\"display: flex; flex-wrap: wrap; gap: 5px; align-items: center; margin-top: 10px;\"><img decoding=\"async\" src=\"https:\/\/as-schwabe.de\/wp-content\/uploads\/ikony\/znak_CE.png\" alt=\"\" width=\"50\" height=\"50\" \/><img decoding=\"async\" src=\"https:\/\/as-schwabe.de\/wp-content\/uploads\/ikony\/znak_IP44.png\" alt=\"\" width=\"50\" height=\"50\" \/><img decoding=\"async\" src=\"https:\/\/as-schwabe.de\/wp-content\/uploads\/ikony\/znak_Z.png\" alt=\"\" width=\"50\" height=\"50\" \/><img loading=\"lazy\" decoding=\"async\" src=\"https:\/\/as-schwabe.de\/wp-content\/uploads\/ikony\/znak_D.png\" alt=\"\" width=\"50\" height=\"50\" \/><\/div>\n<ul>\n<li>przewody grzejne z wbudowanym termostatem, zosta\u0142y opracowane w celu zapobiegania zamarzaniu metalowych rur wodnych w zimie <\/li>\n<li>2 m gotowy do monta\u017cu nieogrzewany kabel zasilaj\u0105cy H05RN-F 3G1,0 z wtyczk\u0105 z uziemieniem <\/li>\n<li>zewn\u0119trzne systemy monitorowania temperatury i akcesoria nie s\u0105 wymagane <\/li>\n<li>temperatura generowana przez kabel: maks. 45\u00b0C <\/li>\n<li>moc w\u0142a\u015bciwa: 15 W\/m <\/li>\n<li>maks. temperatura pracy: 70\u00b0C <\/li>\n<li>w\u0142\u0105cza si\u0119 automatycznie przy +3\u00b0C i wy\u0142\u0105cza ponownie przy +10\u00b0C (mierzona na termostacie na ko\u0144cu kabla) <\/li>\n<li>pod\u0142\u0105czenie: 230 V, 50-60 Hz <\/li>\n<li>IP44: chroniony przed cia\u0142ami obcymi i bryzgami wody<\/li>\n<\/ul>","protected":false},"featured_media":31988,"template":"","meta":{"inline_featured_image":false},"genre":[509],"product_cat":[525,601],"product_tag":[],"class_list":{"0":"post-32808","1":"product","2":"type-product","3":"status-publish","4":"has-post-thumbnail","6":"product_brand-as-schwabe-pl","7":"product_cat-dom-i-ogrod-2-pl","8":"product_cat-przewody-grzejne-pl","10":"first","11":"instock","12":"shipping-taxable","13":"product-type-simple"},"aioseo_notices":[],"_links":{"self":[{"href":"https:\/\/as-schwabe.de\/pl\/wp-json\/wp\/v2\/product\/32808","targetHints":{"allow":["GET"]}}],"collection":[{"href":"https:\/\/as-schwabe.de\/pl\/wp-json\/wp\/v2\/product"}],"about":[{"href":"https:\/\/as-schwabe.de\/pl\/wp-json\/wp\/v2\/types\/product"}],"version-history":[{"count":0,"href":"https:\/\/as-schwabe.de\/pl\/wp-json\/wp\/v2\/product\/32808\/revisions"}],"wp:featuredmedia":[{"embeddable":true,"href":"https:\/\/as-schwabe.de\/pl\/wp-json\/wp\/v2\/media\/31988"}],"wp:attachment":[{"href":"https:\/\/as-schwabe.de\/pl\/wp-json\/wp\/v2\/media?parent=32808"}],"wp:term":[{"taxonomy":"product_brand","embeddable":true,"href":"https:\/\/as-schwabe.de\/pl\/wp-json\/wp\/v2\/genre?post=32808"},{"taxonomy":"product_cat","embeddable":true,"href":"https:\/\/as-schwabe.de\/pl\/wp-json\/wp\/v2\/product_cat?post=32808"},{"taxonomy":"product_tag","embeddable":true,"href":"https:\/\/as-schwabe.de\/pl\/wp-json\/wp\/v2\/product_tag?post=32808"}],"curies":[{"name":"wp","href":"https:\/\/api.w.org\/{rel}","templated":true}]}}