{"id":32807,"date":"2025-09-26T23:36:42","date_gmt":"2025-09-26T23:36:42","guid":{"rendered":"https:\/\/as-schwabe.de\/?post_type=product&#038;p=32807"},"modified":"2025-10-23T00:19:16","modified_gmt":"2025-10-23T00:19:16","slug":"przewod-grzejny-h05rn-f-3g10-8-m-67011","status":"publish","type":"product","link":"https:\/\/as-schwabe.de\/pl\/produkt\/przewod-grzejny-h05rn-f-3g10-8-m-67011\/","title":{"rendered":"Przew\u00f3d grzejny 2 m H05RN-F 3G1,0 + kabel grzejny 8 m | 67011"},"content":{"rendered":"<p>Przew\u00f3d grzejny o d\u0142ugo\u015bci 8 m z wtyczk\u0105 IP44 to idealne rozwi\u0105zanie dla zewn\u0119trznych instalacji elektrycznych, zapewniaj\u0105ce niezawodne ogrzewanie w niskich temperaturach. Wyposa\u017cony w przew\u00f3d zasilaj\u0105cy H05RN-F 3G1 o d\u0142ugo\u015bci 2 m, jest dostosowany do pracy w napi\u0119ciu 230 V i pr\u0105dzie do 16 A. Innowacyjny termostat automatycznie w\u0142\u0105cza grzanie przy temperaturze +3\u00b0C i wy\u0142\u0105cza je przy +10\u00b0C, co pozwala na efektywne zarz\u0105dzanie energi\u0105 oraz utrzymanie stabilnej temperatury. Dzi\u0119ki mocy w\u0142a\u015bciwej wynosz\u0105cej 15 W\/m oraz maksymalnej temperaturze generowanej przez kabel si\u0119gaj\u0105cej 45\u00b0C, ten przew\u00f3d grzejny doskonale sprawdzi si\u0119 w ochronie powierzchni przed oblodzeniem oraz w ogrzewaniu przestrzeni na zewn\u0105trz. Klasa szczelno\u015bci IP44 zapewnia odporno\u015b\u0107 na dzia\u0142anie wody oraz py\u0142u, co czyni go bezpiecznym rozwi\u0105zaniem do u\u017cytku na zewn\u0105trz.<\/p>","protected":false},"excerpt":{"rendered":"<div class=\"icons\" style=\"display: flex; flex-wrap: wrap; gap: 5px; align-items: center; margin-top: 10px;\"><img decoding=\"async\" src=\"https:\/\/as-schwabe.de\/wp-content\/uploads\/ikony\/znak_CE.png\" alt=\"\" width=\"50\" height=\"50\" \/><img decoding=\"async\" src=\"https:\/\/as-schwabe.de\/wp-content\/uploads\/ikony\/znak_IP44.png\" alt=\"\" width=\"50\" height=\"50\" \/><img decoding=\"async\" src=\"https:\/\/as-schwabe.de\/wp-content\/uploads\/ikony\/znak_Z.png\" alt=\"\" width=\"50\" height=\"50\" \/><img loading=\"lazy\" decoding=\"async\" src=\"https:\/\/as-schwabe.de\/wp-content\/uploads\/ikony\/znak_D.png\" alt=\"\" width=\"50\" height=\"50\" \/><\/div>\n<ul>\n<li>przewody grzejne z wbudowanym termostatem, zosta\u0142y opracowane w celu zapobiegania zamarzaniu metalowych rur wodnych w zimie <\/li>\n<li>2 m gotowy do monta\u017cu nieogrzewany kabel zasilaj\u0105cy H05RN-F 3G1,0 z wtyczk\u0105 z uziemieniem <\/li>\n<li>zewn\u0119trzne systemy monitorowania temperatury i akcesoria nie s\u0105 wymagane <\/li>\n<li>temperatura generowana przez kabel: maks. 45\u00b0C <\/li>\n<li>moc w\u0142a\u015bciwa: 15 W\/m <\/li>\n<li>maks. temperatura pracy: 70\u00b0C <\/li>\n<li>w\u0142\u0105cza si\u0119 automatycznie przy +3\u00b0C i wy\u0142\u0105cza ponownie przy +10\u00b0C (mierzona na termostacie na ko\u0144cu kabla) <\/li>\n<li>pod\u0142\u0105czenie: 230 V, 50-60 Hz <\/li>\n<li>IP44: chroniony przed cia\u0142ami obcymi i bryzgami wody<\/li>\n<\/ul>","protected":false},"featured_media":31987,"template":"","meta":{"inline_featured_image":false},"genre":[509],"product_cat":[525,601],"product_tag":[],"class_list":{"0":"post-32807","1":"product","2":"type-product","3":"status-publish","4":"has-post-thumbnail","6":"product_brand-as-schwabe-pl","7":"product_cat-dom-i-ogrod-2-pl","8":"product_cat-przewody-grzejne-pl","10":"first","11":"instock","12":"shipping-taxable","13":"product-type-simple"},"aioseo_notices":[],"_links":{"self":[{"href":"https:\/\/as-schwabe.de\/pl\/wp-json\/wp\/v2\/product\/32807","targetHints":{"allow":["GET"]}}],"collection":[{"href":"https:\/\/as-schwabe.de\/pl\/wp-json\/wp\/v2\/product"}],"about":[{"href":"https:\/\/as-schwabe.de\/pl\/wp-json\/wp\/v2\/types\/product"}],"version-history":[{"count":0,"href":"https:\/\/as-schwabe.de\/pl\/wp-json\/wp\/v2\/product\/32807\/revisions"}],"wp:featuredmedia":[{"embeddable":true,"href":"https:\/\/as-schwabe.de\/pl\/wp-json\/wp\/v2\/media\/31987"}],"wp:attachment":[{"href":"https:\/\/as-schwabe.de\/pl\/wp-json\/wp\/v2\/media?parent=32807"}],"wp:term":[{"taxonomy":"product_brand","embeddable":true,"href":"https:\/\/as-schwabe.de\/pl\/wp-json\/wp\/v2\/genre?post=32807"},{"taxonomy":"product_cat","embeddable":true,"href":"https:\/\/as-schwabe.de\/pl\/wp-json\/wp\/v2\/product_cat?post=32807"},{"taxonomy":"product_tag","embeddable":true,"href":"https:\/\/as-schwabe.de\/pl\/wp-json\/wp\/v2\/product_tag?post=32807"}],"curies":[{"name":"wp","href":"https:\/\/api.w.org\/{rel}","templated":true}]}}