{"id":32805,"date":"2025-09-26T23:36:42","date_gmt":"2025-09-26T23:36:42","guid":{"rendered":"https:\/\/as-schwabe.de\/?post_type=product&#038;p=32805"},"modified":"2025-10-23T00:19:15","modified_gmt":"2025-10-23T00:19:15","slug":"zestaw-uchwytow-sciennych-do-ladowarki-mobilnej-mode-2-65153","status":"publish","type":"product","link":"https:\/\/as-schwabe.de\/pl\/produkt\/zestaw-uchwytow-sciennych-do-ladowarki-mobilnej-mode-2-65153\/","title":{"rendered":"Zestaw uchwyt\u00f3w \u015bciennych do \u0142adowarki mobilnej Mode 2 | 65153"},"content":{"rendered":"<p>Zestaw uchwyt\u00f3w \u015bciennych do \u0142adowarki mobilnej Mode 2 to kompleksowe rozwi\u0105zanie, kt\u00f3re umo\u017cliwia estetyczne i funkcjonalne zorganizowanie przestrzeni wok\u00f3\u0142 stacji \u0142adowania. W sk\u0142ad zestawu wchodzi uchwyt na skrzynk\u0119 kontroln\u0105, uchwyt na kabel oraz uchwyt na wtyczk\u0119, co pozwala na bezpieczne przechowywanie wszystkich element\u00f3w systemu \u0142adowania w jednym miejscu. Dodatkowo, do zestawu do\u0142\u0105czone s\u0105 materia\u0142y mocuj\u0105ce, gwarantuj\u0105ce \u0142atw\u0105 i solidn\u0105 instalacj\u0119 na ka\u017cdym rodzaju \u015bciany. Dzi\u0119ki temu u\u017cytkownik zyskuje porz\u0105dek oraz zwi\u0119ksza komfort korzystania z \u0142adowarki mobilnej, eliminuj\u0105c ryzyko uszkodze\u0144 kabli i urz\u0105dze\u0144. Wybieraj\u0105c zestaw Mode 2, inwestujesz w wygod\u0119 i bezpiecze\u0144stwo swojego systemu \u0142adowania.<\/p>","protected":false},"excerpt":{"rendered":"<div class=\"icons\" style=\"display: flex; flex-wrap: wrap; gap: 5px; align-items: center; margin-top: 10px;\"><img decoding=\"async\" src=\"https:\/\/as-schwabe.de\/wp-content\/uploads\/ikony\/znak_CE.png\" alt=\"\" width=\"50\" height=\"50\" \/><img decoding=\"async\" src=\"https:\/\/as-schwabe.de\/wp-content\/uploads\/ikony\/znak_Z.png\" alt=\"\" width=\"50\" height=\"50\" \/><img decoding=\"async\" src=\"https:\/\/as-schwabe.de\/wp-content\/uploads\/ikony\/znak_D.png\" alt=\"\" width=\"50\" height=\"50\" \/><\/div>\n<ul>\n<li>uchwyt \u015bcienny na skrzynk\u0119 kontroln\u0105, uchwyt na kabel i uchwyt na wtyczk\u0119 <\/li>\n<li>zawiera: materia\u0142y do mocowania (ko\u0142ki i \u015bruby). <\/li>\n<li>zapakowane w torebk\u0119 foliow\u0105 z etykiet\u0105.<\/li>\n<\/ul>","protected":false},"featured_media":31982,"template":"","meta":{"inline_featured_image":false},"genre":[509],"product_cat":[606,600],"product_tag":[],"class_list":{"0":"post-32805","1":"product","2":"type-product","3":"status-publish","4":"has-post-thumbnail","6":"product_brand-as-schwabe-pl","7":"product_cat-elektromobilnosc-pl","8":"product_cat-ladowarka-mobilna-mode-2-pl","10":"first","11":"instock","12":"shipping-taxable","13":"product-type-simple"},"aioseo_notices":[],"_links":{"self":[{"href":"https:\/\/as-schwabe.de\/pl\/wp-json\/wp\/v2\/product\/32805","targetHints":{"allow":["GET"]}}],"collection":[{"href":"https:\/\/as-schwabe.de\/pl\/wp-json\/wp\/v2\/product"}],"about":[{"href":"https:\/\/as-schwabe.de\/pl\/wp-json\/wp\/v2\/types\/product"}],"version-history":[{"count":0,"href":"https:\/\/as-schwabe.de\/pl\/wp-json\/wp\/v2\/product\/32805\/revisions"}],"wp:featuredmedia":[{"embeddable":true,"href":"https:\/\/as-schwabe.de\/pl\/wp-json\/wp\/v2\/media\/31982"}],"wp:attachment":[{"href":"https:\/\/as-schwabe.de\/pl\/wp-json\/wp\/v2\/media?parent=32805"}],"wp:term":[{"taxonomy":"product_brand","embeddable":true,"href":"https:\/\/as-schwabe.de\/pl\/wp-json\/wp\/v2\/genre?post=32805"},{"taxonomy":"product_cat","embeddable":true,"href":"https:\/\/as-schwabe.de\/pl\/wp-json\/wp\/v2\/product_cat?post=32805"},{"taxonomy":"product_tag","embeddable":true,"href":"https:\/\/as-schwabe.de\/pl\/wp-json\/wp\/v2\/product_tag?post=32805"}],"curies":[{"name":"wp","href":"https:\/\/api.w.org\/{rel}","templated":true}]}}