{"id":32804,"date":"2025-09-26T23:36:42","date_gmt":"2025-09-26T23:36:42","guid":{"rendered":"https:\/\/as-schwabe.de\/?post_type=product&#038;p=32804"},"modified":"2025-10-23T00:19:14","modified_gmt":"2025-10-23T00:19:14","slug":"ladowarka-e-mobility-mode-2-400-v-32-a-65152","status":"publish","type":"product","link":"https:\/\/as-schwabe.de\/pl\/produkt\/ladowarka-e-mobility-mode-2-400-v-32-a-65152\/","title":{"rendered":"\u0141adowarka mobilna 5 m do \u0142adowania samochodu elektrycznego Mode 2, 400 V 32 A 5P, 22 kW | 65152"},"content":{"rendered":"<p>\u0141adowarka mobilna do \u0142adowania samochodu elektrycznego Mode 2 to niezawodne rozwi\u0105zanie dla u\u017cytkownik\u00f3w pojazd\u00f3w elektrycznych, oferuj\u0105ce \u0142atwe i efektywne \u0142adowanie w r\u00f3\u017cnych warunkach. Wyposa\u017cona w przew\u00f3d z wtyczk\u0105 CEE 400 V 32 A oraz gniazdo Typ 2, zapewnia mo\u017cliwo\u015b\u0107 dostosowania pr\u0105du \u0142adowania do warto\u015bci 10 A, 12 A, 16 A, 20 A, 24 A oraz 32 A, co pozwala na optymalne wykorzystanie dost\u0119pnej mocy. Dzi\u0119ki tr\u00f3jfazowemu zasilaniu 400 V oraz mocy 22 kW, urz\u0105dzenie umo\u017cliwia szybkie i efektywne \u0142adowanie w czasie kr\u00f3tszym ni\u017c tradycyjne metody. Dodatkowo, certyfikowany stopie\u0144 ochrony IP44 sprawia, \u017ce \u0142adowarka doskonale sprawdza si\u0119 w zastosowaniach zewn\u0119trznych, a do\u0142\u0105czona torba u\u0142atwia jej transport i przechowywanie. Produkt idealnie wpisuje si\u0119 w potrzeby nowoczesnych u\u017cytkownik\u00f3w samochod\u00f3w elektrycznych, \u0142\u0105cz\u0105c wygod\u0119, wydajno\u015b\u0107 i bezpiecze\u0144stwo.<\/p>","protected":false},"excerpt":{"rendered":"<div class=\"icons\" style=\"display: flex; flex-wrap: wrap; gap: 5px; align-items: center; margin-top: 10px;\"><img decoding=\"async\" src=\"https:\/\/as-schwabe.de\/wp-content\/uploads\/ikony\/znak_CE.png\" alt=\"\" width=\"50\" height=\"50\" \/><img decoding=\"async\" src=\"https:\/\/as-schwabe.de\/wp-content\/uploads\/ikony\/znak_IP44.png\" alt=\"\" width=\"50\" height=\"50\" \/><img decoding=\"async\" src=\"https:\/\/as-schwabe.de\/wp-content\/uploads\/ikony\/znak_MODE2.png\" alt=\"\" width=\"50\" height=\"50\" \/><img loading=\"lazy\" decoding=\"async\" src=\"https:\/\/as-schwabe.de\/wp-content\/uploads\/ikony\/znak_Z.png\" alt=\"\" width=\"50\" height=\"50\" \/><\/div>\n<ul>\n<li>kabel samochodowy wyj\u0105tkowo odporny na warunki atmosferyczne i trwa\u0142y, odpowiedni do regularnego u\u017cytkowania <\/li>\n<li>zakres temperatury pracy: od -25\u00b0C do +50\u00b0C <\/li>\n<li>IP44: chroniony przed cia\u0142ami obcymi i bryzgami wody <\/li>\n<li>wtyczka CEE 32 A na Type 2 <\/li>\n<li>regulowany pr\u0105d \u0142adowania 10 A \/ 16 A \/ 20 A \/ 24 A \/ 32 A <\/li>\n<li>w zestawie torba do przechowywania<\/li>\n<\/ul>","protected":false},"featured_media":31975,"template":"","meta":{"inline_featured_image":false},"genre":[509],"product_cat":[606,600],"product_tag":[],"class_list":{"0":"post-32804","1":"product","2":"type-product","3":"status-publish","4":"has-post-thumbnail","6":"product_brand-as-schwabe-pl","7":"product_cat-elektromobilnosc-pl","8":"product_cat-ladowarka-mobilna-mode-2-pl","10":"first","11":"instock","12":"shipping-taxable","13":"product-type-simple"},"aioseo_notices":[],"_links":{"self":[{"href":"https:\/\/as-schwabe.de\/pl\/wp-json\/wp\/v2\/product\/32804","targetHints":{"allow":["GET"]}}],"collection":[{"href":"https:\/\/as-schwabe.de\/pl\/wp-json\/wp\/v2\/product"}],"about":[{"href":"https:\/\/as-schwabe.de\/pl\/wp-json\/wp\/v2\/types\/product"}],"version-history":[{"count":0,"href":"https:\/\/as-schwabe.de\/pl\/wp-json\/wp\/v2\/product\/32804\/revisions"}],"wp:featuredmedia":[{"embeddable":true,"href":"https:\/\/as-schwabe.de\/pl\/wp-json\/wp\/v2\/media\/31975"}],"wp:attachment":[{"href":"https:\/\/as-schwabe.de\/pl\/wp-json\/wp\/v2\/media?parent=32804"}],"wp:term":[{"taxonomy":"product_brand","embeddable":true,"href":"https:\/\/as-schwabe.de\/pl\/wp-json\/wp\/v2\/genre?post=32804"},{"taxonomy":"product_cat","embeddable":true,"href":"https:\/\/as-schwabe.de\/pl\/wp-json\/wp\/v2\/product_cat?post=32804"},{"taxonomy":"product_tag","embeddable":true,"href":"https:\/\/as-schwabe.de\/pl\/wp-json\/wp\/v2\/product_tag?post=32804"}],"curies":[{"name":"wp","href":"https:\/\/api.w.org\/{rel}","templated":true}]}}