{"id":32801,"date":"2025-09-26T23:36:41","date_gmt":"2025-09-26T23:36:41","guid":{"rendered":"https:\/\/as-schwabe.de\/?post_type=product&#038;p=32801"},"modified":"2025-10-23T00:19:13","modified_gmt":"2025-10-23T00:19:13","slug":"zapasowa-wtyczka-e-mobility-mode-3-od-strony-pojazdu-400-v-22-kw-65147","status":"publish","type":"product","link":"https:\/\/as-schwabe.de\/pl\/produkt\/zapasowa-wtyczka-e-mobility-mode-3-od-strony-pojazdu-400-v-22-kw-65147\/","title":{"rendered":"Zapasowa wtyczka do kabla \u0142adowania samochodu elektrycznego Mode 3 od strony pojazdu 400 V 32 A 5P, 22 kW Type 2 | 65147"},"content":{"rendered":"<p>Zapasowa wtyczka do kabla \u0142adowania samochodu elektrycznego Mode 3 to niezawodne rozwi\u0105zanie dla kierowc\u00f3w pojazd\u00f3w elektrycznych, umo\u017cliwiaj\u0105ce szybkie i efektywne \u0142adowanie. Produkt obs\u0142uguje tr\u00f3jfazowe napi\u0119cie 400 V, z pr\u0105dem \u0142adowania do 32 A, co zapewnia moc \u0142adowania do 22 kW. Dzi\u0119ki standardowi IP44, wtyczka jest przystosowana do u\u017cytku na zewn\u0105trz, co czyni j\u0105 idealnym wyborem w r\u00f3\u017cnych warunkach atmosferycznych. Wybieraj\u0105c nasz\u0105 wtyczk\u0119, zyskujesz pewno\u015b\u0107 kompatybilno\u015bci z szerok\u0105 gam\u0105 modeli samochod\u00f3w elektrycznych oraz wi\u0119ksz\u0105 elastyczno\u015b\u0107 w codziennym u\u017cytkowaniu. Produkt ten \u0142\u0105czy wysok\u0105 jako\u015b\u0107 wykonania z wygod\u0105 i bezpiecze\u0144stwem, co jest kluczowe w nowoczesnej mobilno\u015bci elektrycznej.<\/p>","protected":false},"excerpt":{"rendered":"<div class=\"icons\" style=\"display: flex; flex-wrap: wrap; gap: 5px; align-items: center; margin-top: 10px;\"><img decoding=\"async\" src=\"https:\/\/as-schwabe.de\/wp-content\/uploads\/ikony\/znak_CE.png\" alt=\"\" width=\"50\" height=\"50\" \/><img decoding=\"async\" src=\"https:\/\/as-schwabe.de\/wp-content\/uploads\/ikony\/znak_IP44.png\" alt=\"\" width=\"50\" height=\"50\" \/><img decoding=\"async\" src=\"https:\/\/as-schwabe.de\/wp-content\/uploads\/ikony\/znak_MODE3.png\" alt=\"\" width=\"50\" height=\"50\" \/><img loading=\"lazy\" decoding=\"async\" src=\"https:\/\/as-schwabe.de\/wp-content\/uploads\/ikony\/znak_Z.png\" alt=\"\" width=\"50\" height=\"50\" \/><\/div>\n<ul>\n<li>zakres temperatury pracy: od -30\u00b0C do +50\u00b0C <\/li>\n<li>zawiera rezystor do kodowania kabla \u0142aduj\u0105cego <\/li>\n<li>pod\u0142\u0105czenie poprzez styki zaciskane <\/li>\n<li>IP44: chroniony przed cia\u0142ami obcymi i bryzgami wody <\/li>\n<li>zapasowa wtyczka do kabla \u0142adowania samochodu elektrycznego MODE 3 po stronie pojazdu<\/li>\n<\/ul>","protected":false},"featured_media":31969,"template":"","meta":{"inline_featured_image":false},"genre":[509],"product_cat":[606,599],"product_tag":[],"class_list":{"0":"post-32801","1":"product","2":"type-product","3":"status-publish","4":"has-post-thumbnail","6":"product_brand-as-schwabe-pl","7":"product_cat-elektromobilnosc-pl","8":"product_cat-zapasowe-zlacza-do-kabli-mode-3-pl","10":"first","11":"instock","12":"shipping-taxable","13":"product-type-simple"},"aioseo_notices":[],"_links":{"self":[{"href":"https:\/\/as-schwabe.de\/pl\/wp-json\/wp\/v2\/product\/32801","targetHints":{"allow":["GET"]}}],"collection":[{"href":"https:\/\/as-schwabe.de\/pl\/wp-json\/wp\/v2\/product"}],"about":[{"href":"https:\/\/as-schwabe.de\/pl\/wp-json\/wp\/v2\/types\/product"}],"version-history":[{"count":0,"href":"https:\/\/as-schwabe.de\/pl\/wp-json\/wp\/v2\/product\/32801\/revisions"}],"wp:featuredmedia":[{"embeddable":true,"href":"https:\/\/as-schwabe.de\/pl\/wp-json\/wp\/v2\/media\/31969"}],"wp:attachment":[{"href":"https:\/\/as-schwabe.de\/pl\/wp-json\/wp\/v2\/media?parent=32801"}],"wp:term":[{"taxonomy":"product_brand","embeddable":true,"href":"https:\/\/as-schwabe.de\/pl\/wp-json\/wp\/v2\/genre?post=32801"},{"taxonomy":"product_cat","embeddable":true,"href":"https:\/\/as-schwabe.de\/pl\/wp-json\/wp\/v2\/product_cat?post=32801"},{"taxonomy":"product_tag","embeddable":true,"href":"https:\/\/as-schwabe.de\/pl\/wp-json\/wp\/v2\/product_tag?post=32801"}],"curies":[{"name":"wp","href":"https:\/\/api.w.org\/{rel}","templated":true}]}}