{"id":32796,"date":"2025-09-26T23:36:40","date_gmt":"2025-09-26T23:36:40","guid":{"rendered":"https:\/\/as-schwabe.de\/?post_type=product&#038;p=32796"},"modified":"2025-10-23T00:19:11","modified_gmt":"2025-10-23T00:19:11","slug":"zapasowa-wtyczka-e-mobility-mode-3-od-strony-stacji-ladujacej-400-v-11-kw-65142","status":"publish","type":"product","link":"https:\/\/as-schwabe.de\/pl\/produkt\/zapasowa-wtyczka-e-mobility-mode-3-od-strony-stacji-ladujacej-400-v-11-kw-65142\/","title":{"rendered":"Zapasowa wtyczka do kabla \u0142adowania samochodu elektrycznego Mode 3 od strony stacji \u0142aduj\u0105cej 400 V 16 A 5P, 11 kW Type 2 | 65142"},"content":{"rendered":"<p>Zapasowa wtyczka do kabla \u0142adowania samochodu elektrycznego Mode 3 to profesjonalne rozwi\u0105zanie do wygodnego \u0142adowania pojazd\u00f3w elektrycznych z wykorzystaniem tr\u00f3jfazowych stacji \u0142aduj\u0105cych. Umo\u017cliwia przesy\u0142 energii o napi\u0119ciu 400 V oraz nat\u0119\u017ceniu 16 A, co pozwala na efektywne \u0142adowanie z moc\u0105 do 11 kW. Dzi\u0119ki klasie ochrony IP44, wtyczka jest przystosowana do u\u017cytku na zewn\u0105trz, zapewniaj\u0105c wysok\u0105 odporno\u015b\u0107 na warunki atmosferyczne. Wyb\u00f3r tej wtyczki to gwarancja niezawodno\u015bci i bezpiecze\u0144stwa, co czyni j\u0105 idealnym rozwi\u0105zaniem dla u\u017cytkownik\u00f3w pojazd\u00f3w elektrycznych, ceni\u0105cych sobie wygod\u0119 oraz nowoczesne technologie.<\/p>","protected":false},"excerpt":{"rendered":"<div class=\"icons\" style=\"display: flex; flex-wrap: wrap; gap: 5px; align-items: center; margin-top: 10px;\"><img decoding=\"async\" src=\"https:\/\/as-schwabe.de\/wp-content\/uploads\/ikony\/znak_CE.png\" alt=\"\" width=\"50\" height=\"50\" \/><img decoding=\"async\" src=\"https:\/\/as-schwabe.de\/wp-content\/uploads\/ikony\/znak_IP44.png\" alt=\"\" width=\"50\" height=\"50\" \/><img decoding=\"async\" src=\"https:\/\/as-schwabe.de\/wp-content\/uploads\/ikony\/znak_MODE3.png\" alt=\"\" width=\"50\" height=\"50\" \/><img loading=\"lazy\" decoding=\"async\" src=\"https:\/\/as-schwabe.de\/wp-content\/uploads\/ikony\/znak_Z.png\" alt=\"\" width=\"50\" height=\"50\" \/><\/div>\n<ul>\n<li>zakres temperatury pracy: od -30\u00b0C do +50\u00b0C <\/li>\n<li>zawiera rezystor do kodowania kabla \u0142aduj\u0105cego <\/li>\n<li>pod\u0142\u0105czenie poprzez styki zaciskane <\/li>\n<li>IP44: chroniony przed cia\u0142ami obcymi i bryzgami wody <\/li>\n<li>zapasowa wtyczka do kabla \u0142adowania samochodu elektrycznego MODE 3 po stronie stacji \u0142aduj\u0105cej<\/li>\n<\/ul>","protected":false},"featured_media":31965,"template":"","meta":{"inline_featured_image":false},"genre":[509],"product_cat":[606,599],"product_tag":[],"class_list":{"0":"post-32796","1":"product","2":"type-product","3":"status-publish","4":"has-post-thumbnail","6":"product_brand-as-schwabe-pl","7":"product_cat-elektromobilnosc-pl","8":"product_cat-zapasowe-zlacza-do-kabli-mode-3-pl","10":"first","11":"instock","12":"shipping-taxable","13":"product-type-simple"},"aioseo_notices":[],"_links":{"self":[{"href":"https:\/\/as-schwabe.de\/pl\/wp-json\/wp\/v2\/product\/32796","targetHints":{"allow":["GET"]}}],"collection":[{"href":"https:\/\/as-schwabe.de\/pl\/wp-json\/wp\/v2\/product"}],"about":[{"href":"https:\/\/as-schwabe.de\/pl\/wp-json\/wp\/v2\/types\/product"}],"version-history":[{"count":0,"href":"https:\/\/as-schwabe.de\/pl\/wp-json\/wp\/v2\/product\/32796\/revisions"}],"wp:featuredmedia":[{"embeddable":true,"href":"https:\/\/as-schwabe.de\/pl\/wp-json\/wp\/v2\/media\/31965"}],"wp:attachment":[{"href":"https:\/\/as-schwabe.de\/pl\/wp-json\/wp\/v2\/media?parent=32796"}],"wp:term":[{"taxonomy":"product_brand","embeddable":true,"href":"https:\/\/as-schwabe.de\/pl\/wp-json\/wp\/v2\/genre?post=32796"},{"taxonomy":"product_cat","embeddable":true,"href":"https:\/\/as-schwabe.de\/pl\/wp-json\/wp\/v2\/product_cat?post=32796"},{"taxonomy":"product_tag","embeddable":true,"href":"https:\/\/as-schwabe.de\/pl\/wp-json\/wp\/v2\/product_tag?post=32796"}],"curies":[{"name":"wp","href":"https:\/\/api.w.org\/{rel}","templated":true}]}}