{"id":32774,"date":"2025-09-26T23:36:19","date_gmt":"2025-09-26T23:36:19","guid":{"rendered":"https:\/\/as-schwabe.de\/?post_type=product&#038;p=32774"},"modified":"2025-10-23T00:19:10","modified_gmt":"2025-10-23T00:19:10","slug":"zapasowa-wtyczka-e-mobility-mode-3-od-strony-stacji-ladujacej-230-v-36-kw-65140","status":"publish","type":"product","link":"https:\/\/as-schwabe.de\/pl\/produkt\/zapasowa-wtyczka-e-mobility-mode-3-od-strony-stacji-ladujacej-230-v-36-kw-65140\/","title":{"rendered":"Zapasowa wtyczka do kabla \u0142adowania samochodu elektrycznego Mode 3 od strony stacji \u0142aduj\u0105cej 230 V 16 A 1P, 3,6 kW Type 2 | 65140"},"content":{"rendered":"<p>Zapasowa wtyczka do kabla \u0142adowania samochodu elektrycznego Mode 3 to niezawodne rozwi\u0105zanie dla u\u017cytkownik\u00f3w, kt\u00f3rzy korzystaj\u0105 z jednofazowych stacji \u0142adowania. Charakteryzuje si\u0119 parametrami 230 V, 16 A oraz moc\u0105 3,6 kW, co zapewnia szybkie i efektywne \u0142adowanie pojazd\u00f3w elektrycznych. Wtyczka posiada klas\u0119 ochrony IP44, co umo\u017cliwia jej bezpieczne u\u017cytkowanie na zewn\u0105trz, nawet w trudnych warunkach atmosferycznych. Dzi\u0119ki solidnej konstrukcji i wysokiej jako\u015bci materia\u0142\u00f3w, produkt oferuje d\u0142ugotrwa\u0142o\u015b\u0107 oraz niezawodno\u015b\u0107, co jest kluczowe dla komfortu i bezpiecze\u0144stwa u\u017cytkownik\u00f3w. Idealnie sprawdzi si\u0119 jako element zapasowy, zapewniaj\u0105c ci\u0105g\u0142o\u015b\u0107 \u0142adowania w ka\u017cdej sytuacji.<\/p>","protected":false},"excerpt":{"rendered":"<div class=\"icons\" style=\"display: flex; flex-wrap: wrap; gap: 5px; align-items: center; margin-top: 10px;\"><img decoding=\"async\" src=\"https:\/\/as-schwabe.de\/wp-content\/uploads\/ikony\/znak_CE.png\" alt=\"\" width=\"50\" height=\"50\" \/><img decoding=\"async\" src=\"https:\/\/as-schwabe.de\/wp-content\/uploads\/ikony\/znak_IP44.png\" alt=\"\" width=\"50\" height=\"50\" \/><img decoding=\"async\" src=\"https:\/\/as-schwabe.de\/wp-content\/uploads\/ikony\/znak_MODE3.png\" alt=\"\" width=\"50\" height=\"50\" \/><img loading=\"lazy\" decoding=\"async\" src=\"https:\/\/as-schwabe.de\/wp-content\/uploads\/ikony\/znak_Z.png\" alt=\"\" width=\"50\" height=\"50\" \/><\/div>\n<ul>\n<li>zakres temperatury pracy: od -30\u00b0C do +50\u00b0C <\/li>\n<li>zawiera rezystor do kodowania kabla \u0142aduj\u0105cego <\/li>\n<li>pod\u0142\u0105czenie poprzez styki zaciskane <\/li>\n<li>IP44: chroniony przed cia\u0142ami obcymi i bryzgami wody <\/li>\n<li>zapasowa wtyczka do kabla \u0142adowania samochodu elektrycznego MODE 3 po stronie stacji \u0142aduj\u0105cej<\/li>\n<\/ul>","protected":false},"featured_media":31963,"template":"","meta":{"inline_featured_image":false},"genre":[509],"product_cat":[606,599],"product_tag":[],"class_list":{"0":"post-32774","1":"product","2":"type-product","3":"status-publish","4":"has-post-thumbnail","6":"product_brand-as-schwabe-pl","7":"product_cat-elektromobilnosc-pl","8":"product_cat-zapasowe-zlacza-do-kabli-mode-3-pl","10":"first","11":"instock","12":"shipping-taxable","13":"product-type-simple"},"aioseo_notices":[],"_links":{"self":[{"href":"https:\/\/as-schwabe.de\/pl\/wp-json\/wp\/v2\/product\/32774","targetHints":{"allow":["GET"]}}],"collection":[{"href":"https:\/\/as-schwabe.de\/pl\/wp-json\/wp\/v2\/product"}],"about":[{"href":"https:\/\/as-schwabe.de\/pl\/wp-json\/wp\/v2\/types\/product"}],"version-history":[{"count":0,"href":"https:\/\/as-schwabe.de\/pl\/wp-json\/wp\/v2\/product\/32774\/revisions"}],"wp:featuredmedia":[{"embeddable":true,"href":"https:\/\/as-schwabe.de\/pl\/wp-json\/wp\/v2\/media\/31963"}],"wp:attachment":[{"href":"https:\/\/as-schwabe.de\/pl\/wp-json\/wp\/v2\/media?parent=32774"}],"wp:term":[{"taxonomy":"product_brand","embeddable":true,"href":"https:\/\/as-schwabe.de\/pl\/wp-json\/wp\/v2\/genre?post=32774"},{"taxonomy":"product_cat","embeddable":true,"href":"https:\/\/as-schwabe.de\/pl\/wp-json\/wp\/v2\/product_cat?post=32774"},{"taxonomy":"product_tag","embeddable":true,"href":"https:\/\/as-schwabe.de\/pl\/wp-json\/wp\/v2\/product_tag?post=32774"}],"curies":[{"name":"wp","href":"https:\/\/api.w.org\/{rel}","templated":true}]}}