{"id":32773,"date":"2025-09-26T23:36:19","date_gmt":"2025-09-26T23:36:19","guid":{"rendered":"https:\/\/as-schwabe.de\/?post_type=product&#038;p=32773"},"modified":"2025-10-23T00:19:10","modified_gmt":"2025-10-23T00:19:10","slug":"adapter-kabla-do-ladowania-e-mobility-mode-3-230-v-16-a-65131","status":"publish","type":"product","link":"https:\/\/as-schwabe.de\/pl\/produkt\/adapter-kabla-do-ladowania-e-mobility-mode-3-230-v-16-a-65131\/","title":{"rendered":"Adapter kabla do \u0142adowania samochod\u00f3w elektrycznych Mode 3 z gniazdem 230 V 2P+Z | 65131"},"content":{"rendered":"<p>Adapter kabla do \u0142adowania samochod\u00f3w elektrycznych Mode 3 to niezawodne rozwi\u0105zanie dla u\u017cytkownik\u00f3w pojazd\u00f3w elektrycznych, umo\u017cliwiaj\u0105ce \u0142adowanie z stacji wyposa\u017conych w gniazdo Typ 2. Dzi\u0119ki parametrom 1-fazowym, 230 V i 16 A, adapter zapewnia moc \u0142adowania wynosz\u0105c\u0105 3,6 kW, co pozwala na efektywne zasilanie pojazd\u00f3w elektrycznych w r\u00f3\u017cnych warunkach. D\u0142ugo\u015b\u0107 0,5 m i wysoka klasa szczelno\u015bci IP44 sprawiaj\u0105, \u017ce produkt jest idealny do u\u017cytku zewn\u0119trznego, gwarantuj\u0105c bezpiecze\u0144stwo oraz wygod\u0119 w eksploatacji, niezale\u017cnie od pogody. Inwestuj\u0105c w ten adapter, u\u017cytkownicy zyskuj\u0105 pewno\u015b\u0107 sprawnego i szybkiego \u0142adowania swojego pojazdu elektrycznego w ka\u017cdej sytuacji.<\/p>","protected":false},"excerpt":{"rendered":"<div class=\"icons\" style=\"display: flex; flex-wrap: wrap; gap: 5px; align-items: center; margin-top: 10px;\"><img decoding=\"async\" src=\"https:\/\/as-schwabe.de\/wp-content\/uploads\/ikony\/znak_CE.png\" alt=\"\" width=\"50\" height=\"50\" \/><img decoding=\"async\" src=\"https:\/\/as-schwabe.de\/wp-content\/uploads\/ikony\/znak_IP44.png\" alt=\"\" width=\"50\" height=\"50\" \/><img decoding=\"async\" src=\"https:\/\/as-schwabe.de\/wp-content\/uploads\/ikony\/znak_MODE3.png\" alt=\"\" width=\"50\" height=\"50\" \/><img loading=\"lazy\" decoding=\"async\" src=\"https:\/\/as-schwabe.de\/wp-content\/uploads\/ikony\/znak_Z.png\" alt=\"\" width=\"50\" height=\"50\" \/><\/div>\n<ul>\n<li>niebieski kabel samochodowy z wyj\u0105tkowo odporn\u0105 na warunki atmosferyczne i trwa\u0142\u0105 izolacj\u0105 zewn\u0119trzn\u0105 <\/li>\n<li>idealny do regularnego u\u017cytku <\/li>\n<li>zakres temperatury pracy: od -30\u00b0C do +50\u00b0C <\/li>\n<li>IP44: chroniony przed cia\u0142ami obcymi i bryzgami wody <\/li>\n<li>Type 2 (od strony stacji \u0142adowania) na gniazdo z uziemieniem (od strony pojazdu)<\/li>\n<\/ul>","protected":false},"featured_media":31958,"template":"","meta":{"inline_featured_image":false},"genre":[509],"product_cat":[606,598],"product_tag":[],"class_list":{"0":"post-32773","1":"product","2":"type-product","3":"status-publish","4":"has-post-thumbnail","6":"product_brand-as-schwabe-pl","7":"product_cat-elektromobilnosc-pl","8":"product_cat-adaptery-do-ladowania-mode-3-pl","10":"first","11":"instock","12":"shipping-taxable","13":"product-type-simple"},"aioseo_notices":[],"_links":{"self":[{"href":"https:\/\/as-schwabe.de\/pl\/wp-json\/wp\/v2\/product\/32773","targetHints":{"allow":["GET"]}}],"collection":[{"href":"https:\/\/as-schwabe.de\/pl\/wp-json\/wp\/v2\/product"}],"about":[{"href":"https:\/\/as-schwabe.de\/pl\/wp-json\/wp\/v2\/types\/product"}],"version-history":[{"count":0,"href":"https:\/\/as-schwabe.de\/pl\/wp-json\/wp\/v2\/product\/32773\/revisions"}],"wp:featuredmedia":[{"embeddable":true,"href":"https:\/\/as-schwabe.de\/pl\/wp-json\/wp\/v2\/media\/31958"}],"wp:attachment":[{"href":"https:\/\/as-schwabe.de\/pl\/wp-json\/wp\/v2\/media?parent=32773"}],"wp:term":[{"taxonomy":"product_brand","embeddable":true,"href":"https:\/\/as-schwabe.de\/pl\/wp-json\/wp\/v2\/genre?post=32773"},{"taxonomy":"product_cat","embeddable":true,"href":"https:\/\/as-schwabe.de\/pl\/wp-json\/wp\/v2\/product_cat?post=32773"},{"taxonomy":"product_tag","embeddable":true,"href":"https:\/\/as-schwabe.de\/pl\/wp-json\/wp\/v2\/product_tag?post=32773"}],"curies":[{"name":"wp","href":"https:\/\/api.w.org\/{rel}","templated":true}]}}