{"id":32772,"date":"2025-09-26T23:36:19","date_gmt":"2025-09-26T23:36:19","guid":{"rendered":"https:\/\/as-schwabe.de\/?post_type=product&#038;p=32772"},"modified":"2025-10-23T00:19:09","modified_gmt":"2025-10-23T00:19:09","slug":"adapter-kabla-do-ladowania-e-mobility-mode-3-230-v-32-a-65130","status":"publish","type":"product","link":"https:\/\/as-schwabe.de\/pl\/produkt\/adapter-kabla-do-ladowania-e-mobility-mode-3-230-v-32-a-65130\/","title":{"rendered":"Adapter kabla do \u0142adowania samochod\u00f3w elektrycznych Mode 3 z wtyczk\u0105 Type 1 | 65130"},"content":{"rendered":"<p>Adapter kabla do \u0142adowania samochod\u00f3w elektrycznych Mode 3 to wysokiej jako\u015bci rozwi\u0105zanie, kt\u00f3re umo\u017cliwia bezpieczne i efektywne \u0142adowanie pojazd\u00f3w elektrycznych. Wyposa\u017cony w z\u0142\u0105cze Typ 2 z strony stacji \u0142adowania oraz Typ 1 od strony pojazdu, adapter zapewnia kompatybilno\u015b\u0107 z szerok\u0105 gam\u0105 samochod\u00f3w elektrycznych. Dzi\u0119ki jednofazowemu zasilaniu 230 V i maksymalnej mocy 7,2 kW (32 A), \u0142adowanie odbywa si\u0119 szybko i wydajnie. Dodatkowo, d\u0142ugo\u015b\u0107 kabla wynosz\u0105ca 5 m oraz klasa szczelno\u015bci IP44 sprawiaj\u0105, \u017ce produkt jest idealny do u\u017cytku na zewn\u0105trz, znosz\u0105c wszelkie warunki atmosferyczne. W zestawie znajduje si\u0119 praktyczna torba do przechowywania, co u\u0142atwia transport i ochron\u0119 adaptera.<\/p>","protected":false},"excerpt":{"rendered":"<div class=\"icons\" style=\"display: flex; flex-wrap: wrap; gap: 5px; align-items: center; margin-top: 10px;\"><img decoding=\"async\" src=\"https:\/\/as-schwabe.de\/wp-content\/uploads\/ikony\/znak_CE.png\" alt=\"\" width=\"50\" height=\"50\" \/><img decoding=\"async\" src=\"https:\/\/as-schwabe.de\/wp-content\/uploads\/ikony\/znak_IP44.png\" alt=\"\" width=\"50\" height=\"50\" \/><img decoding=\"async\" src=\"https:\/\/as-schwabe.de\/wp-content\/uploads\/ikony\/znak_MODE3.png\" alt=\"\" width=\"50\" height=\"50\" \/><img loading=\"lazy\" decoding=\"async\" src=\"https:\/\/as-schwabe.de\/wp-content\/uploads\/ikony\/znak_Z.png\" alt=\"\" width=\"50\" height=\"50\" \/><\/div>\n<ul>\n<li>niebieski kabel samochodowy z wyj\u0105tkowo odporn\u0105 na warunki atmosferyczne i trwa\u0142\u0105 izolacj\u0105 zewn\u0119trzn\u0105 <\/li>\n<li>idealny do regularnego u\u017cytku <\/li>\n<li>zakres temperatury pracy: od -30\u00b0C do +50\u00b0C <\/li>\n<li>IP44: chroniony przed cia\u0142ami obcymi i bryzgami wody <\/li>\n<li>Type 2 (od strony stacji \u0142adowania) do Type 1 (od strony pojazdu) <\/li>\n<li>wtyczka Type 1 z otworem na k\u0142\u00f3dk\u0119 <\/li>\n<li>w zestawie torba do przechowywania<\/li>\n<\/ul>","protected":false},"featured_media":31956,"template":"","meta":{"inline_featured_image":false},"genre":[509],"product_cat":[606,598],"product_tag":[],"class_list":{"0":"post-32772","1":"product","2":"type-product","3":"status-publish","4":"has-post-thumbnail","6":"product_brand-as-schwabe-pl","7":"product_cat-elektromobilnosc-pl","8":"product_cat-adaptery-do-ladowania-mode-3-pl","10":"first","11":"instock","12":"shipping-taxable","13":"product-type-simple"},"aioseo_notices":[],"_links":{"self":[{"href":"https:\/\/as-schwabe.de\/pl\/wp-json\/wp\/v2\/product\/32772","targetHints":{"allow":["GET"]}}],"collection":[{"href":"https:\/\/as-schwabe.de\/pl\/wp-json\/wp\/v2\/product"}],"about":[{"href":"https:\/\/as-schwabe.de\/pl\/wp-json\/wp\/v2\/types\/product"}],"version-history":[{"count":0,"href":"https:\/\/as-schwabe.de\/pl\/wp-json\/wp\/v2\/product\/32772\/revisions"}],"wp:featuredmedia":[{"embeddable":true,"href":"https:\/\/as-schwabe.de\/pl\/wp-json\/wp\/v2\/media\/31956"}],"wp:attachment":[{"href":"https:\/\/as-schwabe.de\/pl\/wp-json\/wp\/v2\/media?parent=32772"}],"wp:term":[{"taxonomy":"product_brand","embeddable":true,"href":"https:\/\/as-schwabe.de\/pl\/wp-json\/wp\/v2\/genre?post=32772"},{"taxonomy":"product_cat","embeddable":true,"href":"https:\/\/as-schwabe.de\/pl\/wp-json\/wp\/v2\/product_cat?post=32772"},{"taxonomy":"product_tag","embeddable":true,"href":"https:\/\/as-schwabe.de\/pl\/wp-json\/wp\/v2\/product_tag?post=32772"}],"curies":[{"name":"wp","href":"https:\/\/api.w.org\/{rel}","templated":true}]}}