{"id":32771,"date":"2025-09-26T23:36:18","date_gmt":"2025-09-26T23:36:18","guid":{"rendered":"https:\/\/as-schwabe.de\/?post_type=product&#038;p=32771"},"modified":"2025-10-23T00:19:09","modified_gmt":"2025-10-23T00:19:09","slug":"kabel-spiralny-do-ladowania-e-mobility-mode-3-400-v-32-a-65123","status":"publish","type":"product","link":"https:\/\/as-schwabe.de\/pl\/produkt\/kabel-spiralny-do-ladowania-e-mobility-mode-3-400-v-32-a-65123\/","title":{"rendered":"Kabel spiralny 1 do 5 m do \u0142adowania samochod\u00f3w elektrycznych Mode 3, 400 V, 32 A, 3-fazowy, 22 kW | 65123"},"content":{"rendered":"<p>Kabel spiralny do \u0142adowania samochod\u00f3w elektrycznych Mode 3 to niezawodne rozwi\u0105zanie dla u\u017cytkownik\u00f3w pojazd\u00f3w elektrycznych. Wyposa\u017cony w z\u0142\u0105cza Typ 2 na Typ 2, umo\u017cliwia wygodne \u0142adowanie z moc\u0105 do 22 kW, przy napi\u0119ciu 400 V i pr\u0105dzie 32 A, co zapewnia szybkie i efektywne \u0142adowanie. D\u0142ugo\u015b\u0107 kabla wynosz\u0105ca do 5 m oraz klasa ochrony IP44 sprawiaj\u0105, \u017ce produkt jest idealny do u\u017cytku na zewn\u0105trz, nawet w trudnych warunkach atmosferycznych. W zestawie znajduje si\u0119 praktyczna torba do przechowywania, co zwi\u0119ksza komfort u\u017cytkowania i transportu. Dzi\u0119ki wysokiej jako\u015bci wykonania, kabel ten gwarantuje bezpiecze\u0144stwo i niezawodno\u015b\u0107 w codziennym u\u017cytkowaniu.<\/p>","protected":false},"excerpt":{"rendered":"<div class=\"icons\" style=\"display: flex; flex-wrap: wrap; gap: 5px; align-items: center; margin-top: 10px;\"><img decoding=\"async\" src=\"https:\/\/as-schwabe.de\/wp-content\/uploads\/ikony\/znak_CE.png\" alt=\"\" width=\"50\" height=\"50\" \/><img decoding=\"async\" src=\"https:\/\/as-schwabe.de\/wp-content\/uploads\/ikony\/znak_IP44.png\" alt=\"\" width=\"50\" height=\"50\" \/><img decoding=\"async\" src=\"https:\/\/as-schwabe.de\/wp-content\/uploads\/ikony\/znak_MODE3.png\" alt=\"\" width=\"50\" height=\"50\" \/><img loading=\"lazy\" decoding=\"async\" src=\"https:\/\/as-schwabe.de\/wp-content\/uploads\/ikony\/znak_Z.png\" alt=\"\" width=\"50\" height=\"50\" \/><\/div>\n<ul>\n<li>Type 2 to Type 2 <\/li>\n<li>Mode 3 <\/li>\n<li>zakres temperatury pracy od -30\u00b0C do +50\u00b0C <\/li>\n<li>w zestawie torba do przechowywania <\/li>\n<li>spiralny niebieski przew\u00f3d samochodowy z wyj\u0105tkowo odporn\u0105 na warunki atmosferyczne i trwa\u0142\u0105 os\u0142on\u0105 zewn\u0119trzn\u0105, idealny do regularnego u\u017cytku <\/li>\n<li>IP44: chroniony przed cia\u0142ami obcymi i bryzgami wody<\/li>\n<\/ul>","protected":false},"featured_media":31952,"template":"","meta":{"inline_featured_image":false},"genre":[509],"product_cat":[606,596],"product_tag":[],"class_list":{"0":"post-32771","1":"product","2":"type-product","3":"status-publish","4":"has-post-thumbnail","6":"product_brand-as-schwabe-pl","7":"product_cat-elektromobilnosc-pl","8":"product_cat-kable-do-ladowania-mode-3-pl","10":"first","11":"instock","12":"shipping-taxable","13":"product-type-simple"},"aioseo_notices":[],"_links":{"self":[{"href":"https:\/\/as-schwabe.de\/pl\/wp-json\/wp\/v2\/product\/32771","targetHints":{"allow":["GET"]}}],"collection":[{"href":"https:\/\/as-schwabe.de\/pl\/wp-json\/wp\/v2\/product"}],"about":[{"href":"https:\/\/as-schwabe.de\/pl\/wp-json\/wp\/v2\/types\/product"}],"version-history":[{"count":0,"href":"https:\/\/as-schwabe.de\/pl\/wp-json\/wp\/v2\/product\/32771\/revisions"}],"wp:featuredmedia":[{"embeddable":true,"href":"https:\/\/as-schwabe.de\/pl\/wp-json\/wp\/v2\/media\/31952"}],"wp:attachment":[{"href":"https:\/\/as-schwabe.de\/pl\/wp-json\/wp\/v2\/media?parent=32771"}],"wp:term":[{"taxonomy":"product_brand","embeddable":true,"href":"https:\/\/as-schwabe.de\/pl\/wp-json\/wp\/v2\/genre?post=32771"},{"taxonomy":"product_cat","embeddable":true,"href":"https:\/\/as-schwabe.de\/pl\/wp-json\/wp\/v2\/product_cat?post=32771"},{"taxonomy":"product_tag","embeddable":true,"href":"https:\/\/as-schwabe.de\/pl\/wp-json\/wp\/v2\/product_tag?post=32771"}],"curies":[{"name":"wp","href":"https:\/\/api.w.org\/{rel}","templated":true}]}}