{"id":32767,"date":"2025-09-26T23:36:17","date_gmt":"2025-09-26T23:36:17","guid":{"rendered":"https:\/\/as-schwabe.de\/?post_type=product&#038;p=32767"},"modified":"2025-10-23T00:19:07","modified_gmt":"2025-10-23T00:19:07","slug":"kabel-do-ladowania-e-mobility-mode-3-licznik-mixo-5-m-65109","status":"publish","type":"product","link":"https:\/\/as-schwabe.de\/pl\/produkt\/kabel-do-ladowania-e-mobility-mode-3-licznik-mixo-5-m-65109\/","title":{"rendered":"Kabel do \u0142adowania samochod\u00f3w elektrycznych Mode 3 z MIXO energy meter 400 V, 16 A, 3-fazowy | 65109"},"content":{"rendered":"<p>Kabel do \u0142adowania samochod\u00f3w elektrycznych Mode 3 z wtyczkami Typ 2 na Typ 2 to niezawodne rozwi\u0105zanie dla u\u017cytkownik\u00f3w pojazd\u00f3w elektrycznych, oferuj\u0105ce efektywne \u0142adowanie w 3 fazach przy mocy 11 kW oraz napi\u0119ciu 400 V. Dzi\u0119ki pr\u0105dowi o nat\u0119\u017ceniu 16 A, kabel zapewnia szybkie i bezpieczne \u0142adowanie w ka\u017cdych warunkach. Posiada stopie\u0144 ochrony IP44, co pozwala na jego wykorzystanie na zewn\u0105trz, nawet w trudniejszych warunkach atmosferycznych. W zestawie znajduje si\u0119 praktyczna torba do przechowywania, kt\u00f3ra u\u0142atwia transport i organizacj\u0119 kabelka. Idealny dla u\u017cytkownik\u00f3w, kt\u00f3rzy ceni\u0105 sobie komfort oraz efektywno\u015b\u0107 w codziennym u\u017cytkowaniu samochod\u00f3w elektrycznych.<\/p>","protected":false},"excerpt":{"rendered":"<div class=\"icons\" style=\"display: flex; flex-wrap: wrap; gap: 5px; align-items: center; margin-top: 10px;\"><img decoding=\"async\" src=\"https:\/\/as-schwabe.de\/wp-content\/uploads\/ikony\/znak_CE.png\" alt=\"\" width=\"50\" height=\"50\" \/><img decoding=\"async\" src=\"https:\/\/as-schwabe.de\/wp-content\/uploads\/ikony\/znak_IP44.png\" alt=\"\" width=\"50\" height=\"50\" \/><img decoding=\"async\" src=\"https:\/\/as-schwabe.de\/wp-content\/uploads\/ikony\/znak_MODE3.png\" alt=\"\" width=\"50\" height=\"50\" \/><img loading=\"lazy\" decoding=\"async\" src=\"https:\/\/as-schwabe.de\/wp-content\/uploads\/ikony\/znak_Z.png\" alt=\"\" width=\"50\" height=\"50\" \/><img loading=\"lazy\" decoding=\"async\" src=\"https:\/\/as-schwabe.de\/wp-content\/uploads\/ikony\/znak_D.png\" alt=\"\" width=\"50\" height=\"50\" \/><img loading=\"lazy\" decoding=\"async\" src=\"https:\/\/as-schwabe.de\/wp-content\/uploads\/ikony\/znak_DE.png\" alt=\"\" width=\"50\" height=\"40\" \/><\/div>\n<ul>\n<li>kabel do \u0142adowania z licznikami energii elektrycznej zgodnymi z MID w kompaktowej obudowie wykonanej z wysoce odpornego na uszkodzenia specjalnego tworzywa sztucznego z okienkiem do odczytu licznika analogowego <\/li>\n<li>nadaje si\u0119 do rozlicze\u0144 i kontroli proces\u00f3w \u0142adowania <\/li>\n<li>IP44: chroniony przed cia\u0142ami obcymi i bryzgami wody <\/li>\n<li>5 m niebieski kabel do \u0142adowania samochod\u00f3w elektrycznych, ze szczeg\u00f3lnie odporn\u0105 na warunki atmosferyczne i trwa\u0142\u0105 izolacj\u0105 zewn\u0119trzn\u0105, odpowiedni do regularnego stosowania w poje\u017adzie <\/li>\n<li>z wtyczkami Type 2 (od strony pojazdu \/ po stronie stacji \u0142adowania), ka\u017cda z nak\u0142adk\u0105 ochronn\u0105 <\/li>\n<li>400 V, 16 A, 3P, maks. 11 kW <\/li>\n<li>z licznikiem energii elektrycznej MIXO: <\/li>\n<li>zgodny z MID i przystosowany do rozlicze\u0144, klasa dok\u0142adno\u015bci B <\/li>\n<li>wy\u015bwietlacz analogowy: 6+1 cyfr <\/li>\n<li>czytelny w ka\u017cdej chwili wy\u015bwietlacz dla maks. 999.999,9 kWh <\/li>\n<li>brak mo\u017cliwo\u015bci zresetowania licznika analogowego do 0 <\/li>\n<li>nat\u0119\u017cenie pr\u0105du: 0,25-5 A (maks. 80 A) <\/li>\n<li>temperatura pracy: od -30\u00b0C do +50\u00b0C <\/li>\n<li>zawiera torb\u0119 na kabel do przechowywania kabla \u0142aduj\u0105cego<\/li>\n<\/ul>","protected":false},"featured_media":31940,"template":"","meta":{"inline_featured_image":false},"genre":[509],"product_cat":[606,597],"product_tag":[],"class_list":{"0":"post-32767","1":"product","2":"type-product","3":"status-publish","4":"has-post-thumbnail","6":"product_brand-as-schwabe-pl","7":"product_cat-elektromobilnosc-pl","8":"product_cat-kable-do-ladowania-mode-3-z-licznikiem-energii-pl","10":"first","11":"instock","12":"shipping-taxable","13":"product-type-simple"},"aioseo_notices":[],"_links":{"self":[{"href":"https:\/\/as-schwabe.de\/pl\/wp-json\/wp\/v2\/product\/32767","targetHints":{"allow":["GET"]}}],"collection":[{"href":"https:\/\/as-schwabe.de\/pl\/wp-json\/wp\/v2\/product"}],"about":[{"href":"https:\/\/as-schwabe.de\/pl\/wp-json\/wp\/v2\/types\/product"}],"version-history":[{"count":0,"href":"https:\/\/as-schwabe.de\/pl\/wp-json\/wp\/v2\/product\/32767\/revisions"}],"wp:featuredmedia":[{"embeddable":true,"href":"https:\/\/as-schwabe.de\/pl\/wp-json\/wp\/v2\/media\/31940"}],"wp:attachment":[{"href":"https:\/\/as-schwabe.de\/pl\/wp-json\/wp\/v2\/media?parent=32767"}],"wp:term":[{"taxonomy":"product_brand","embeddable":true,"href":"https:\/\/as-schwabe.de\/pl\/wp-json\/wp\/v2\/genre?post=32767"},{"taxonomy":"product_cat","embeddable":true,"href":"https:\/\/as-schwabe.de\/pl\/wp-json\/wp\/v2\/product_cat?post=32767"},{"taxonomy":"product_tag","embeddable":true,"href":"https:\/\/as-schwabe.de\/pl\/wp-json\/wp\/v2\/product_tag?post=32767"}],"curies":[{"name":"wp","href":"https:\/\/api.w.org\/{rel}","templated":true}]}}