{"id":32766,"date":"2025-09-26T23:36:17","date_gmt":"2025-09-26T23:36:17","guid":{"rendered":"https:\/\/as-schwabe.de\/?post_type=product&#038;p=32766"},"modified":"2025-10-23T00:19:07","modified_gmt":"2025-10-23T00:19:07","slug":"kabel-do-ladowania-e-mobility-mode-3-licznik-roco-5-m-65108","status":"publish","type":"product","link":"https:\/\/as-schwabe.de\/pl\/produkt\/kabel-do-ladowania-e-mobility-mode-3-licznik-roco-5-m-65108\/","title":{"rendered":"Kabel do \u0142adowania samochod\u00f3w elektrycznych Mode 3 z ROCO energy meter 230 V, 16 A, 1-fazowy | 65108"},"content":{"rendered":"<p>Kabel do \u0142adowania samochod\u00f3w elektrycznych Mode 3 Typ 2 na Typ 2 to niezawodne rozwi\u0105zanie dla u\u017cytkownik\u00f3w pojazd\u00f3w elektrycznych, zapewniaj\u0105ce \u0142atwe i wygodne \u0142adowanie. Oferuje jednostkowe \u0142adowanie w trybie 1-fazowym, z moc\u0105 3,6 kW (16 A, 230 V), co gwarantuje efektywne zasilanie. Dzi\u0119ki d\u0142ugo\u015bci 5 m, kabel zapewnia elastyczno\u015b\u0107 podczas pod\u0142\u0105czania do stacji \u0142adowania. W zestawie znajduje si\u0119 praktyczna torba do przechowywania, co u\u0142atwia transport i organizacj\u0119. Oznaczenie IP44 sprawia, \u017ce produkt jest odporny na dzia\u0142anie czynnik\u00f3w atmosferycznych, co czyni go idealnym do u\u017cytku na zewn\u0105trz. Wybieraj\u0105c nasz kabel, zyskujesz pewno\u015b\u0107 i komfort podczas \u0142adowania swojego pojazdu elektrycznego.<\/p>","protected":false},"excerpt":{"rendered":"<div class=\"icons\" style=\"display: flex; flex-wrap: wrap; gap: 5px; align-items: center; margin-top: 10px;\"><img decoding=\"async\" src=\"https:\/\/as-schwabe.de\/wp-content\/uploads\/ikony\/znak_CE.png\" alt=\"\" width=\"50\" height=\"50\" \/><img decoding=\"async\" src=\"https:\/\/as-schwabe.de\/wp-content\/uploads\/ikony\/znak_IP44.png\" alt=\"\" width=\"50\" height=\"50\" \/><img decoding=\"async\" src=\"https:\/\/as-schwabe.de\/wp-content\/uploads\/ikony\/znak_MODE3.png\" alt=\"\" width=\"50\" height=\"50\" \/><img loading=\"lazy\" decoding=\"async\" src=\"https:\/\/as-schwabe.de\/wp-content\/uploads\/ikony\/znak_Z.png\" alt=\"\" width=\"50\" height=\"50\" \/><img loading=\"lazy\" decoding=\"async\" src=\"https:\/\/as-schwabe.de\/wp-content\/uploads\/ikony\/znak_D.png\" alt=\"\" width=\"50\" height=\"50\" \/><img loading=\"lazy\" decoding=\"async\" src=\"https:\/\/as-schwabe.de\/wp-content\/uploads\/ikony\/znak_DE.png\" alt=\"\" width=\"50\" height=\"40\" \/><\/div>\n<ul>\n<li>kabel do \u0142adowania z licznikami energii elektrycznej zgodnymi z MID w kompaktowej obudowie wykonanej z wysoce odpornego na uszkodzenia specjalnego tworzywa sztucznego z okienkiem do odczytu licznika analogowego <\/li>\n<li>nadaje si\u0119 do rozlicze\u0144 i kontroli proces\u00f3w \u0142adowania <\/li>\n<li>IP44: chroniony przed cia\u0142ami obcymi i bryzgami wody <\/li>\n<li>5 m niebieski kabel do \u0142adowania samochod\u00f3w elektrycznych, ze szczeg\u00f3lnie odporn\u0105 na warunki atmosferyczne i trwa\u0142\u0105 izolacj\u0105 zewn\u0119trzn\u0105, odpowiedni do regularnego stosowania w poje\u017adzie. <\/li>\n<li>z wtyczkami Type 2 (od strony pojazdu \/ po stronie stacji \u0142adowania), ka\u017cda z nak\u0142adk\u0105 ochronn\u0105 <\/li>\n<li>230 V, 16 A, 1P, maks. 3,6 kW <\/li>\n<li>z licznikiem energii elektrycznej ROCO: <\/li>\n<li>zgodny z MID i przystosowany do rozlicze\u0144, klasa dok\u0142adno\u015bci B <\/li>\n<li>wy\u015bwietlacz analogowy: 5+1 cyfr <\/li>\n<li>czytelny w ka\u017cdej chwili wy\u015bwietlacz dla maks. 99 999,9 kWh <\/li>\n<li>brak mo\u017cliwo\u015bci zresetowania licznika analogowego do 0 <\/li>\n<li>nat\u0119\u017cenie pr\u0105du: 0,25-5 A (maks. 45 A) <\/li>\n<li>temperatura pracy: od -30\u00b0C do +50\u00b0C <\/li>\n<li>zawiera torb\u0119 na kabel do przechowywania kabla \u0142aduj\u0105cego<\/li>\n<\/ul>","protected":false},"featured_media":31935,"template":"","meta":{"inline_featured_image":false},"genre":[509],"product_cat":[606,597],"product_tag":[],"class_list":{"0":"post-32766","1":"product","2":"type-product","3":"status-publish","4":"has-post-thumbnail","6":"product_brand-as-schwabe-pl","7":"product_cat-elektromobilnosc-pl","8":"product_cat-kable-do-ladowania-mode-3-z-licznikiem-energii-pl","10":"first","11":"instock","12":"shipping-taxable","13":"product-type-simple"},"aioseo_notices":[],"_links":{"self":[{"href":"https:\/\/as-schwabe.de\/pl\/wp-json\/wp\/v2\/product\/32766","targetHints":{"allow":["GET"]}}],"collection":[{"href":"https:\/\/as-schwabe.de\/pl\/wp-json\/wp\/v2\/product"}],"about":[{"href":"https:\/\/as-schwabe.de\/pl\/wp-json\/wp\/v2\/types\/product"}],"version-history":[{"count":0,"href":"https:\/\/as-schwabe.de\/pl\/wp-json\/wp\/v2\/product\/32766\/revisions"}],"wp:featuredmedia":[{"embeddable":true,"href":"https:\/\/as-schwabe.de\/pl\/wp-json\/wp\/v2\/media\/31935"}],"wp:attachment":[{"href":"https:\/\/as-schwabe.de\/pl\/wp-json\/wp\/v2\/media?parent=32766"}],"wp:term":[{"taxonomy":"product_brand","embeddable":true,"href":"https:\/\/as-schwabe.de\/pl\/wp-json\/wp\/v2\/genre?post=32766"},{"taxonomy":"product_cat","embeddable":true,"href":"https:\/\/as-schwabe.de\/pl\/wp-json\/wp\/v2\/product_cat?post=32766"},{"taxonomy":"product_tag","embeddable":true,"href":"https:\/\/as-schwabe.de\/pl\/wp-json\/wp\/v2\/product_tag?post=32766"}],"curies":[{"name":"wp","href":"https:\/\/api.w.org\/{rel}","templated":true}]}}