{"id":32760,"date":"2025-09-26T23:36:16","date_gmt":"2025-09-26T23:36:16","guid":{"rendered":"https:\/\/as-schwabe.de\/?post_type=product&#038;p=32760"},"modified":"2025-10-23T00:19:04","modified_gmt":"2025-10-23T00:19:04","slug":"kabel-do-ladowania-e-mobility-mode-3-400-v-16-a-5-m-65102","status":"publish","type":"product","link":"https:\/\/as-schwabe.de\/pl\/produkt\/kabel-do-ladowania-e-mobility-mode-3-400-v-16-a-5-m-65102\/","title":{"rendered":"Kabel 5 m do \u0142adowania samochod\u00f3w elektrycznych Mode 3, 400 V, 16 A, 3-fazowy, 11 kW | 65102"},"content":{"rendered":"<p>Kabel do \u0142adowania samochod\u00f3w elektrycznych Mode 3 Typ 2 na Typ 2 to doskona\u0142e rozwi\u0105zanie dla u\u017cytkownik\u00f3w pojazd\u00f3w elektrycznych, zapewniaj\u0105ce szybkie i wygodne \u0142adowanie. Oferuje on trzyfazowe zasilanie o napi\u0119ciu 400 V i nat\u0119\u017ceniu 16 A, co pozwala na \u0142adowanie z moc\u0105 do 11 kW. D\u0142ugo\u015b\u0107 kabla wynosz\u0105ca 5 metr\u00f3w zapewnia du\u017c\u0105 elastyczno\u015b\u0107 podczas korzystania z publicznych stacji \u0142adowania oraz w warunkach domowych. Dzi\u0119ki klasie szczelno\u015bci IP44, kabel jest przystosowany do u\u017cytku na zewn\u0105trz, co sprawia, \u017ce mo\u017cna go bezpiecznie u\u017cywa\u0107 w r\u00f3\u017cnych warunkach atmosferycznych. W zestawie znajduje si\u0119 praktyczna torba do przechowywania, co u\u0142atwia transport i organizacj\u0119 akcesori\u00f3w do \u0142adowania. Wybieraj\u0105c ten kabel, inwestujesz w niezawodne i efektywne \u0142adowanie swojego pojazdu elektrycznego.<\/p>","protected":false},"excerpt":{"rendered":"<div class=\"icons\" style=\"display: flex; flex-wrap: wrap; gap: 5px; align-items: center; margin-top: 10px;\"><img decoding=\"async\" src=\"https:\/\/as-schwabe.de\/wp-content\/uploads\/ikony\/znak_CE.png\" alt=\"\" width=\"50\" height=\"50\" \/><img decoding=\"async\" src=\"https:\/\/as-schwabe.de\/wp-content\/uploads\/ikony\/znak_IP44.png\" alt=\"\" width=\"50\" height=\"50\" \/><img decoding=\"async\" src=\"https:\/\/as-schwabe.de\/wp-content\/uploads\/ikony\/znak_MODE3.png\" alt=\"\" width=\"50\" height=\"50\" \/><img loading=\"lazy\" decoding=\"async\" src=\"https:\/\/as-schwabe.de\/wp-content\/uploads\/ikony\/znak_Z.png\" alt=\"\" width=\"50\" height=\"50\" \/><\/div>\n<ul>\n<li>Type 2 to Type 2 <\/li>\n<li>Mode 3 <\/li>\n<li>zakres temperatury pracy od -30\u00b0C do +50\u00b0C <\/li>\n<li>w zestawie torba do przechowywania <\/li>\n<li>niebieski przew\u00f3d samochodowy z wyj\u0105tkowo odporn\u0105 na warunki atmosferyczne i trwa\u0142\u0105 os\u0142on\u0105 zewn\u0119trzn\u0105, idealny do regularnego u\u017cytku <\/li>\n<li>IP44: chroniony przed cia\u0142ami obcymi i bryzgami wody<\/li>\n<\/ul>","protected":false},"featured_media":31905,"template":"","meta":{"inline_featured_image":false},"genre":[509],"product_cat":[606,596],"product_tag":[],"class_list":{"0":"post-32760","1":"product","2":"type-product","3":"status-publish","4":"has-post-thumbnail","6":"product_brand-as-schwabe-pl","7":"product_cat-elektromobilnosc-pl","8":"product_cat-kable-do-ladowania-mode-3-pl","10":"first","11":"instock","12":"shipping-taxable","13":"product-type-simple"},"aioseo_notices":[],"_links":{"self":[{"href":"https:\/\/as-schwabe.de\/pl\/wp-json\/wp\/v2\/product\/32760","targetHints":{"allow":["GET"]}}],"collection":[{"href":"https:\/\/as-schwabe.de\/pl\/wp-json\/wp\/v2\/product"}],"about":[{"href":"https:\/\/as-schwabe.de\/pl\/wp-json\/wp\/v2\/types\/product"}],"version-history":[{"count":0,"href":"https:\/\/as-schwabe.de\/pl\/wp-json\/wp\/v2\/product\/32760\/revisions"}],"wp:featuredmedia":[{"embeddable":true,"href":"https:\/\/as-schwabe.de\/pl\/wp-json\/wp\/v2\/media\/31905"}],"wp:attachment":[{"href":"https:\/\/as-schwabe.de\/pl\/wp-json\/wp\/v2\/media?parent=32760"}],"wp:term":[{"taxonomy":"product_brand","embeddable":true,"href":"https:\/\/as-schwabe.de\/pl\/wp-json\/wp\/v2\/genre?post=32760"},{"taxonomy":"product_cat","embeddable":true,"href":"https:\/\/as-schwabe.de\/pl\/wp-json\/wp\/v2\/product_cat?post=32760"},{"taxonomy":"product_tag","embeddable":true,"href":"https:\/\/as-schwabe.de\/pl\/wp-json\/wp\/v2\/product_tag?post=32760"}],"curies":[{"name":"wp","href":"https:\/\/api.w.org\/{rel}","templated":true}]}}