{"id":32756,"date":"2025-09-26T23:36:15","date_gmt":"2025-09-26T23:36:15","guid":{"rendered":"https:\/\/as-schwabe.de\/?post_type=product&#038;p=32756"},"modified":"2025-10-23T00:19:01","modified_gmt":"2025-10-23T00:19:01","slug":"przedluzacz-cee-3p-230-v-32-a-3p-h07rn-f-3g6-10-m-63281","status":"publish","type":"product","link":"https:\/\/as-schwabe.de\/pl\/produkt\/przedluzacz-cee-3p-230-v-32-a-3p-h07rn-f-3g6-10-m-63281\/","title":{"rendered":"Przed\u0142u\u017cacz CEE 3P 230 V, 32 A 10 m H07RN-F 3G6 IP44 | 63281"},"content":{"rendered":"<p>Przed\u0142u\u017cacz CEE 3P 230 V, 32 A, 3P o d\u0142ugo\u015bci 10 m to idealne rozwi\u0105zanie do zasilania urz\u0105dze\u0144 elektrycznych w warunkach zewn\u0119trznych. Wykonany z wysokiej jako\u015bci przewodu H07RN-F 3G6, zapewnia niezawodno\u015b\u0107 oraz odporno\u015b\u0107 na niekorzystne warunki atmosferyczne dzi\u0119ki klasie ochrony IP44. Wtyczka CEE 230 V, 32 A, 3P zapewnia stabilne po\u0142\u0105czenie, a maksymalne obci\u0105\u017cenie do 32 A i 7 kW sprawia, \u017ce produkt doskonale sprawdzi si\u0119 w aplikacjach przemys\u0142owych oraz budowlanych. Przed\u0142u\u017cacz jest \u0142atwy w u\u017cyciu, co czyni go praktycznym narz\u0119dziem dla profesjonalist\u00f3w oraz amator\u00f3w. Dzi\u0119ki swojej konstrukcji, zapewnia wygod\u0119 i bezpiecze\u0144stwo podczas korzystania z urz\u0105dze\u0144 elektrycznych na \u015bwie\u017cym powietrzu.<\/p>","protected":false},"excerpt":{"rendered":"<div class=\"icons\" style=\"display: flex; flex-wrap: wrap; gap: 5px; align-items: center; margin-top: 10px;\"><img decoding=\"async\" src=\"https:\/\/as-schwabe.de\/wp-content\/uploads\/ikony\/znak_CE.png\" alt=\"\" width=\"50\" height=\"50\" \/><img decoding=\"async\" src=\"https:\/\/as-schwabe.de\/wp-content\/uploads\/ikony\/znak_IP44.png\" alt=\"\" width=\"50\" height=\"50\" \/><img decoding=\"async\" src=\"https:\/\/as-schwabe.de\/wp-content\/uploads\/ikony\/znak_PB.png\" alt=\"\" width=\"50\" height=\"50\" \/><img loading=\"lazy\" decoding=\"async\" src=\"https:\/\/as-schwabe.de\/wp-content\/uploads\/ikony\/znak_Z.png\" alt=\"\" width=\"50\" height=\"50\" \/><img loading=\"lazy\" decoding=\"async\" src=\"https:\/\/as-schwabe.de\/wp-content\/uploads\/ikony\/znak_D.png\" alt=\"\" width=\"50\" height=\"50\" \/><img loading=\"lazy\" decoding=\"async\" src=\"https:\/\/as-schwabe.de\/wp-content\/uploads\/ikony\/znak_DE.png\" alt=\"\" width=\"50\" height=\"40\" \/><\/div>\n<ul>\n<li>z wtyczk\u0105 i gniazdem CEE 230 V, 32 A, 3P <\/li>\n<li>wytrzyma\u0142y neoprenowy przew\u00f3d klasy H07RN-F 3G6 <\/li>\n<li>230 V, 32 A, ok. 7,2 kW <\/li>\n<li>IP44: chroniony przed cia\u0142ami obcymi i bryzgami wody<\/li>\n<\/ul>","protected":false},"featured_media":31880,"template":"","meta":{"inline_featured_image":false},"genre":[509],"product_cat":[521,584],"product_tag":[],"class_list":{"0":"post-32756","1":"product","2":"type-product","3":"status-publish","4":"has-post-thumbnail","6":"product_brand-as-schwabe-pl","7":"product_cat-produkty-z-zakresu-elektrycznej-ochrony-indywidualnej-pl","8":"product_cat-p-seria-g-do-generatorow-pradu-pl","10":"first","11":"instock","12":"shipping-taxable","13":"product-type-simple"},"aioseo_notices":[],"_links":{"self":[{"href":"https:\/\/as-schwabe.de\/pl\/wp-json\/wp\/v2\/product\/32756","targetHints":{"allow":["GET"]}}],"collection":[{"href":"https:\/\/as-schwabe.de\/pl\/wp-json\/wp\/v2\/product"}],"about":[{"href":"https:\/\/as-schwabe.de\/pl\/wp-json\/wp\/v2\/types\/product"}],"version-history":[{"count":0,"href":"https:\/\/as-schwabe.de\/pl\/wp-json\/wp\/v2\/product\/32756\/revisions"}],"wp:featuredmedia":[{"embeddable":true,"href":"https:\/\/as-schwabe.de\/pl\/wp-json\/wp\/v2\/media\/31880"}],"wp:attachment":[{"href":"https:\/\/as-schwabe.de\/pl\/wp-json\/wp\/v2\/media?parent=32756"}],"wp:term":[{"taxonomy":"product_brand","embeddable":true,"href":"https:\/\/as-schwabe.de\/pl\/wp-json\/wp\/v2\/genre?post=32756"},{"taxonomy":"product_cat","embeddable":true,"href":"https:\/\/as-schwabe.de\/pl\/wp-json\/wp\/v2\/product_cat?post=32756"},{"taxonomy":"product_tag","embeddable":true,"href":"https:\/\/as-schwabe.de\/pl\/wp-json\/wp\/v2\/product_tag?post=32756"}],"curies":[{"name":"wp","href":"https:\/\/api.w.org\/{rel}","templated":true}]}}