{"id":32753,"date":"2025-09-26T23:36:14","date_gmt":"2025-09-26T23:36:14","guid":{"rendered":"https:\/\/as-schwabe.de\/?post_type=product&#038;p=32753"},"modified":"2025-10-23T00:18:58","modified_gmt":"2025-10-23T00:18:58","slug":"mobilna-rozdzielnica-budowlana-g-m24-h07rn-f-5g25-2-m-63271","status":"publish","type":"product","link":"https:\/\/as-schwabe.de\/pl\/produkt\/mobilna-rozdzielnica-budowlana-g-m24-h07rn-f-5g25-2-m-63271\/","title":{"rendered":"Mobilna rozdzielnica budowlana z utwardzonej gumy G-M24 11 kW 2 m H07RN-F 5G2,5 IP44 | 63271"},"content":{"rendered":"<p>Mobilna rozdzielnica budowlana G-M24 to niezawodne rozwi\u0105zanie do zasilania narz\u0119dzi i sprz\u0119tu na placach budowy oraz w trudnych warunkach zewn\u0119trznych. Wykonana z utwardzonej gumy, charakteryzuje si\u0119 wysok\u0105 odporno\u015bci\u0105 na uszkodzenia mechaniczne i warunki atmosferyczne. Posiada wej\u015bcie z wtyczk\u0105 CEE 400 V, 16 A, a tak\u017ce trzy gniazda 230 V z klapk\u0105 i uziemieniem oraz jedno gniazdo CEE 400 V, dzi\u0119ki czemu zapewnia elastyczno\u015b\u0107 w zasilaniu r\u00f3\u017cnych urz\u0105dze\u0144. Wyposa\u017cona w zabezpieczenia w postaci RCD, rozdzielnica gwarantuje bezpiecze\u0144stwo u\u017cytkowania, a jej stopie\u0144 ochrony IP44 sprawia, \u017ce idealnie sprawdzi si\u0119 zar\u00f3wno w zastosowaniach zewn\u0119trznych, jak i w trudnych warunkach budowlanych. Maksymalne obci\u0105\u017cenie wynosz\u0105ce 400 V, 16 A oraz moc do 11 kW czyni j\u0105 wszechstronnym narz\u0119dziem dla profesjonalist\u00f3w w bran\u017cy elektrotechnicznej.<\/p>","protected":false},"excerpt":{"rendered":"<div class=\"icons\" style=\"display: flex; flex-wrap: wrap; gap: 5px; align-items: center; margin-top: 10px;\"><img decoding=\"async\" src=\"https:\/\/as-schwabe.de\/wp-content\/uploads\/ikony\/znak_SCH.png\" alt=\"\" width=\"45\" height=\"50\" \/><img decoding=\"async\" src=\"https:\/\/as-schwabe.de\/wp-content\/uploads\/ikony\/znak_CE.png\" alt=\"\" width=\"50\" height=\"50\" \/><img decoding=\"async\" src=\"https:\/\/as-schwabe.de\/wp-content\/uploads\/ikony\/znak_IP44.png\" alt=\"\" width=\"50\" height=\"50\" \/><img loading=\"lazy\" decoding=\"async\" src=\"https:\/\/as-schwabe.de\/wp-content\/uploads\/ikony\/znak_PB.png\" alt=\"\" width=\"50\" height=\"50\" \/><img loading=\"lazy\" decoding=\"async\" src=\"https:\/\/as-schwabe.de\/wp-content\/uploads\/ikony\/znak_Z.png\" alt=\"\" width=\"50\" height=\"50\" \/><img loading=\"lazy\" decoding=\"async\" src=\"https:\/\/as-schwabe.de\/wp-content\/uploads\/ikony\/znak_D.png\" alt=\"\" width=\"50\" height=\"50\" \/><img loading=\"lazy\" decoding=\"async\" src=\"https:\/\/as-schwabe.de\/wp-content\/uploads\/ikony\/znak_K2.png\" alt=\"\" width=\"50\" height=\"50\" \/><img loading=\"lazy\" decoding=\"async\" src=\"https:\/\/as-schwabe.de\/wp-content\/uploads\/ikony\/znak_DG.png\" alt=\"\" width=\"50\" height=\"50\" \/><img loading=\"lazy\" decoding=\"async\" src=\"https:\/\/as-schwabe.de\/wp-content\/uploads\/ikony\/znak_DE.png\" alt=\"\" width=\"50\" height=\"40\" \/><\/div>\n<ul>\n<li>obudowa wykonana z wyj\u0105tkowo wytrzyma\u0142ej, utwardzonej gumy, kt\u00f3r\u0105 mo\u017cna uk\u0142ada\u0107 jeden na drugim, co pozwala zaoszcz\u0119dzi\u0107 miejsce podczas przechowywania <\/li>\n<li>zaprojektowana do intensywnego u\u017cytkowania na placach budowy <\/li>\n<li>zalecana do agregat\u00f3w pr\u0105dotw\u00f3rczych zgodnie z informacj\u0105 DGUV 203-032 <\/li>\n<li>zamkni\u0119ta podstawa obudowy z prze\u015bwitem pod pojazdem wynosz\u0105cym 77 mm zapobiega przedostawaniu si\u0119 wody <\/li>\n<li>pokrywa obudowy ze stali nierdzewnej z samozamykaj\u0105c\u0105 si\u0119 klapk\u0105 <\/li>\n<li>ochrona przed pora\u017ceniem pr\u0105dem, nawet przy otwartej pokrywie \u2013 zgodnie z BGV A2 <\/li>\n<li>wymiary (SxWxG): 330x290x245 mm <\/li>\n<li>IP44: chroniony przed cia\u0142ami obcymi i bryzgami wody<\/li>\n<\/ul>","protected":false},"featured_media":31861,"template":"","meta":{"inline_featured_image":false},"genre":[509],"product_cat":[521,584],"product_tag":[],"class_list":{"0":"post-32753","1":"product","2":"type-product","3":"status-publish","4":"has-post-thumbnail","6":"product_brand-as-schwabe-pl","7":"product_cat-produkty-z-zakresu-elektrycznej-ochrony-indywidualnej-pl","8":"product_cat-p-seria-g-do-generatorow-pradu-pl","10":"first","11":"instock","12":"shipping-taxable","13":"product-type-simple"},"aioseo_notices":[],"_links":{"self":[{"href":"https:\/\/as-schwabe.de\/pl\/wp-json\/wp\/v2\/product\/32753","targetHints":{"allow":["GET"]}}],"collection":[{"href":"https:\/\/as-schwabe.de\/pl\/wp-json\/wp\/v2\/product"}],"about":[{"href":"https:\/\/as-schwabe.de\/pl\/wp-json\/wp\/v2\/types\/product"}],"version-history":[{"count":0,"href":"https:\/\/as-schwabe.de\/pl\/wp-json\/wp\/v2\/product\/32753\/revisions"}],"wp:featuredmedia":[{"embeddable":true,"href":"https:\/\/as-schwabe.de\/pl\/wp-json\/wp\/v2\/media\/31861"}],"wp:attachment":[{"href":"https:\/\/as-schwabe.de\/pl\/wp-json\/wp\/v2\/media?parent=32753"}],"wp:term":[{"taxonomy":"product_brand","embeddable":true,"href":"https:\/\/as-schwabe.de\/pl\/wp-json\/wp\/v2\/genre?post=32753"},{"taxonomy":"product_cat","embeddable":true,"href":"https:\/\/as-schwabe.de\/pl\/wp-json\/wp\/v2\/product_cat?post=32753"},{"taxonomy":"product_tag","embeddable":true,"href":"https:\/\/as-schwabe.de\/pl\/wp-json\/wp\/v2\/product_tag?post=32753"}],"curies":[{"name":"wp","href":"https:\/\/api.w.org\/{rel}","templated":true}]}}