{"id":32751,"date":"2025-09-26T23:36:14","date_gmt":"2025-09-26T23:36:14","guid":{"rendered":"https:\/\/as-schwabe.de\/?post_type=product&#038;p=32751"},"modified":"2025-10-23T00:18:57","modified_gmt":"2025-10-23T00:18:57","slug":"mobilna-lista-zasilajaca-g-s22-h07rn-f-3g6-2-m-63261","status":"publish","type":"product","link":"https:\/\/as-schwabe.de\/pl\/produkt\/mobilna-lista-zasilajaca-g-s22-h07rn-f-3g6-2-m-63261\/","title":{"rendered":"Mobilna listwa zasilaj\u0105ca z utwardzonej gumy G-S22 3,6 kW 2 m H07RN-F 3G6 IP44 | 63261"},"content":{"rendered":"<p>Mobilna listwa zasilaj\u0105ca G-S22 to wszechstronne rozwi\u0105zanie, idealne do u\u017cytku na budowach oraz w warunkach zewn\u0119trznych. Wyposa\u017cona w przew\u00f3d zasilaj\u0105cy z wtyczk\u0105 CEE 230 V, 32 A oraz dwa gniazda z klapk\u0105 i uziemieniem 230 V, 16 A, zapewnia wygodny dost\u0119p do energii elektrycznej w trudno dost\u0119pnych miejscach. Ochron\u0119 u\u017cytkownik\u00f3w gwarantuj\u00ed dwa wy\u0142\u0105czniki r\u00f3\u017cnicowopr\u0105dowe RCD 16 A, 2P, 30 mA, co podnosi poziom bezpiecze\u0144stwa pracy. Dzi\u0119ki stopniu ochrony IP44, listwa jest odporna na dzia\u0142anie wody i py\u0142u, co czyni j\u0105 niezawodnym narz\u0119dziem w trudnych warunkach. Maksymalne obci\u0105\u017cenie 32 A i moc do 7,2 kW sprawiaj\u0105, \u017ce produkt ten jest odpowiedni do zasilania r\u00f3\u017cnorodnych urz\u0105dze\u0144 elektrycznych.<\/p>","protected":false},"excerpt":{"rendered":"<div class=\"icons\" style=\"display: flex; flex-wrap: wrap; gap: 5px; align-items: center; margin-top: 10px;\"><img decoding=\"async\" src=\"https:\/\/as-schwabe.de\/wp-content\/uploads\/ikony\/znak_SCH.png\" alt=\"\" width=\"45\" height=\"50\" \/><img decoding=\"async\" src=\"https:\/\/as-schwabe.de\/wp-content\/uploads\/ikony\/znak_CE.png\" alt=\"\" width=\"50\" height=\"50\" \/><img decoding=\"async\" src=\"https:\/\/as-schwabe.de\/wp-content\/uploads\/ikony\/znak_IP44.png\" alt=\"\" width=\"50\" height=\"50\" \/><img loading=\"lazy\" decoding=\"async\" src=\"https:\/\/as-schwabe.de\/wp-content\/uploads\/ikony\/znak_PB.png\" alt=\"\" width=\"50\" height=\"50\" \/><img loading=\"lazy\" decoding=\"async\" src=\"https:\/\/as-schwabe.de\/wp-content\/uploads\/ikony\/znak_Z.png\" alt=\"\" width=\"50\" height=\"50\" \/><img loading=\"lazy\" decoding=\"async\" src=\"https:\/\/as-schwabe.de\/wp-content\/uploads\/ikony\/znak_D.png\" alt=\"\" width=\"50\" height=\"50\" \/><img loading=\"lazy\" decoding=\"async\" src=\"https:\/\/as-schwabe.de\/wp-content\/uploads\/ikony\/znak_DE.png\" alt=\"\" width=\"50\" height=\"40\" \/><\/div>\n<ul>\n<li>obudowa wykonana z wyj\u0105tkowo wytrzyma\u0142ej utwardzonej gumy <\/li>\n<li>zaprojektowana do intensywnego u\u017cytkowania na placach budowy <\/li>\n<li>zalecana do agregat\u00f3w pr\u0105dotw\u00f3rczych zgodnie z informacj\u0105 DGUV 203-032<\/li>\n<li> wymiary (SxWxG): 500x135x140 mm <\/li>\n<li>IP44: chroniony przed cia\u0142ami obcymi i bryzgami wody<\/li>\n<\/ul>","protected":false},"featured_media":31855,"template":"","meta":{"inline_featured_image":false},"genre":[509],"product_cat":[521,584],"product_tag":[],"class_list":{"0":"post-32751","1":"product","2":"type-product","3":"status-publish","4":"has-post-thumbnail","6":"product_brand-as-schwabe-pl","7":"product_cat-produkty-z-zakresu-elektrycznej-ochrony-indywidualnej-pl","8":"product_cat-p-seria-g-do-generatorow-pradu-pl","10":"first","11":"instock","12":"shipping-taxable","13":"product-type-simple"},"aioseo_notices":[],"_links":{"self":[{"href":"https:\/\/as-schwabe.de\/pl\/wp-json\/wp\/v2\/product\/32751","targetHints":{"allow":["GET"]}}],"collection":[{"href":"https:\/\/as-schwabe.de\/pl\/wp-json\/wp\/v2\/product"}],"about":[{"href":"https:\/\/as-schwabe.de\/pl\/wp-json\/wp\/v2\/types\/product"}],"version-history":[{"count":0,"href":"https:\/\/as-schwabe.de\/pl\/wp-json\/wp\/v2\/product\/32751\/revisions"}],"wp:featuredmedia":[{"embeddable":true,"href":"https:\/\/as-schwabe.de\/pl\/wp-json\/wp\/v2\/media\/31855"}],"wp:attachment":[{"href":"https:\/\/as-schwabe.de\/pl\/wp-json\/wp\/v2\/media?parent=32751"}],"wp:term":[{"taxonomy":"product_brand","embeddable":true,"href":"https:\/\/as-schwabe.de\/pl\/wp-json\/wp\/v2\/genre?post=32751"},{"taxonomy":"product_cat","embeddable":true,"href":"https:\/\/as-schwabe.de\/pl\/wp-json\/wp\/v2\/product_cat?post=32751"},{"taxonomy":"product_tag","embeddable":true,"href":"https:\/\/as-schwabe.de\/pl\/wp-json\/wp\/v2\/product_tag?post=32751"}],"curies":[{"name":"wp","href":"https:\/\/api.w.org\/{rel}","templated":true}]}}