{"id":32725,"date":"2025-09-26T23:35:53","date_gmt":"2025-09-26T23:35:53","guid":{"rendered":"https:\/\/as-schwabe.de\/?post_type=product&#038;p=32725"},"modified":"2025-10-23T00:18:57","modified_gmt":"2025-10-23T00:18:57","slug":"mobilna-rozdzielnica-budowlana-g-m22-h07rn-f-3g6-2-m-63260","status":"publish","type":"product","link":"https:\/\/as-schwabe.de\/pl\/produkt\/mobilna-rozdzielnica-budowlana-g-m22-h07rn-f-3g6-2-m-63260\/","title":{"rendered":"Mobilna rozdzielnica budowlana z utwardzonej gumy G-M22 3,6 kW 2 m H07RN-F 3G6 IP44 | 63260"},"content":{"rendered":"<p>Mobilna rozdzielnica budowlana G-M22 to wysokiej jako\u015bci rozwi\u0105zanie dla profesjonalnych u\u017cytkownik\u00f3w, kt\u00f3re zapewnia bezpieczne zasilanie na budowie oraz w warunkach zewn\u0119trznych. Wyposa\u017cona w wej\u015bcie z wtyczk\u0105 CEE 230 V, 32 A (H07RN-F 3G6), oraz cztery gniazda z klapk\u0105 i uziemieniem 230 V, 16 A, umo\u017cliwia jednoczesne zasilanie r\u00f3\u017cnych urz\u0105dze\u0144 elektrycznych. Zabezpieczenie w postaci czterech wy\u0142\u0105cznik\u00f3w RCD\/C 16 A (2P, 30 mA, 10 kA, typ A) gwarantuje wysok\u0105 ochron\u0119 przed przeci\u0105\u017ceniem oraz pora\u017ceniem pr\u0105dem. Dzi\u0119ki klasie ochrony IP44, rozdzielnica jest odpowiednia do u\u017cytku na zewn\u0105trz, co sprawia, \u017ce jest idealna do zastosowa\u0144 budowlanych oraz wsz\u0119dzie tam, gdzie niezb\u0119dne jest niezawodne zasilanie w trudnych warunkach. Z maksymaln\u0105 moc\u0105 7,2 kW, G-M22 skutecznie wspiera r\u00f3\u017cnorodne aplikacje elektryczne na budowie.<\/p>","protected":false},"excerpt":{"rendered":"<div class=\"icons\" style=\"display: flex; flex-wrap: wrap; gap: 5px; align-items: center; margin-top: 10px;\"><img decoding=\"async\" src=\"https:\/\/as-schwabe.de\/wp-content\/uploads\/ikony\/znak_SCH.png\" alt=\"\" width=\"45\" height=\"50\" \/><img decoding=\"async\" src=\"https:\/\/as-schwabe.de\/wp-content\/uploads\/ikony\/znak_CE.png\" alt=\"\" width=\"50\" height=\"50\" \/><img decoding=\"async\" src=\"https:\/\/as-schwabe.de\/wp-content\/uploads\/ikony\/znak_IP44.png\" alt=\"\" width=\"50\" height=\"50\" \/><img loading=\"lazy\" decoding=\"async\" src=\"https:\/\/as-schwabe.de\/wp-content\/uploads\/ikony\/znak_PB.png\" alt=\"\" width=\"50\" height=\"50\" \/><img loading=\"lazy\" decoding=\"async\" src=\"https:\/\/as-schwabe.de\/wp-content\/uploads\/ikony\/znak_Z.png\" alt=\"\" width=\"50\" height=\"50\" \/><img loading=\"lazy\" decoding=\"async\" src=\"https:\/\/as-schwabe.de\/wp-content\/uploads\/ikony\/znak_D.png\" alt=\"\" width=\"50\" height=\"50\" \/><img loading=\"lazy\" decoding=\"async\" src=\"https:\/\/as-schwabe.de\/wp-content\/uploads\/ikony\/znak_K2.png\" alt=\"\" width=\"50\" height=\"50\" \/><img loading=\"lazy\" decoding=\"async\" src=\"https:\/\/as-schwabe.de\/wp-content\/uploads\/ikony\/znak_DG.png\" alt=\"\" width=\"50\" height=\"50\" \/><img loading=\"lazy\" decoding=\"async\" src=\"https:\/\/as-schwabe.de\/wp-content\/uploads\/ikony\/znak_DE.png\" alt=\"\" width=\"50\" height=\"40\" \/><\/div>\n<ul>\n<li>obudowa wykonana z wyj\u0105tkowo wytrzyma\u0142ej, utwardzonej gumy, kt\u00f3r\u0105 mo\u017cna uk\u0142ada\u0107 jeden na drugim, co pozwala zaoszcz\u0119dzi\u0107 miejsce podczas przechowywania <\/li>\n<li>zaprojektowana do intensywnego u\u017cytkowania na placach budowy <\/li>\n<li>zalecana do agregat\u00f3w pr\u0105dotw\u00f3rczych zgodnie z informacj\u0105 DGUV 203-032 <\/li>\n<li>zamkni\u0119ta podstawa obudowy z prze\u015bwitem pod pojazdem wynosz\u0105cym 77 mm zapobiega przedostawaniu si\u0119 wody <\/li>\n<li>pokrywa obudowy ze stali nierdzewnej z samozamykaj\u0105c\u0105 si\u0119 klapk\u0105 <\/li>\n<li>ochrona przed pora\u017ceniem pr\u0105dem, nawet przy otwartej pokrywie \u2013 zgodnie z BGV A2 <\/li>\n<li>wymiary (SxWxG): 330x290x245 mm <\/li>\n<li>IP44: chroniony przed cia\u0142ami obcymi i bryzgami wody<\/li>\n<\/ul>","protected":false},"featured_media":31854,"template":"","meta":{"inline_featured_image":false},"genre":[509],"product_cat":[521,584],"product_tag":[],"class_list":{"0":"post-32725","1":"product","2":"type-product","3":"status-publish","4":"has-post-thumbnail","6":"product_brand-as-schwabe-pl","7":"product_cat-produkty-z-zakresu-elektrycznej-ochrony-indywidualnej-pl","8":"product_cat-p-seria-g-do-generatorow-pradu-pl","10":"first","11":"instock","12":"shipping-taxable","13":"product-type-simple"},"aioseo_notices":[],"_links":{"self":[{"href":"https:\/\/as-schwabe.de\/pl\/wp-json\/wp\/v2\/product\/32725","targetHints":{"allow":["GET"]}}],"collection":[{"href":"https:\/\/as-schwabe.de\/pl\/wp-json\/wp\/v2\/product"}],"about":[{"href":"https:\/\/as-schwabe.de\/pl\/wp-json\/wp\/v2\/types\/product"}],"version-history":[{"count":0,"href":"https:\/\/as-schwabe.de\/pl\/wp-json\/wp\/v2\/product\/32725\/revisions"}],"wp:featuredmedia":[{"embeddable":true,"href":"https:\/\/as-schwabe.de\/pl\/wp-json\/wp\/v2\/media\/31854"}],"wp:attachment":[{"href":"https:\/\/as-schwabe.de\/pl\/wp-json\/wp\/v2\/media?parent=32725"}],"wp:term":[{"taxonomy":"product_brand","embeddable":true,"href":"https:\/\/as-schwabe.de\/pl\/wp-json\/wp\/v2\/genre?post=32725"},{"taxonomy":"product_cat","embeddable":true,"href":"https:\/\/as-schwabe.de\/pl\/wp-json\/wp\/v2\/product_cat?post=32725"},{"taxonomy":"product_tag","embeddable":true,"href":"https:\/\/as-schwabe.de\/pl\/wp-json\/wp\/v2\/product_tag?post=32725"}],"curies":[{"name":"wp","href":"https:\/\/api.w.org\/{rel}","templated":true}]}}