{"id":32724,"date":"2025-09-26T23:35:53","date_gmt":"2025-09-26T23:35:53","guid":{"rendered":"https:\/\/as-schwabe.de\/?post_type=product&#038;p=32724"},"modified":"2025-10-23T00:18:56","modified_gmt":"2025-10-23T00:18:56","slug":"zakonczenie-najazdu-kablowego-maxi-63257","status":"publish","type":"product","link":"https:\/\/as-schwabe.de\/pl\/produkt\/zakonczenie-najazdu-kablowego-maxi-63257\/","title":{"rendered":"Zako\u0144czenie najazdu kablowego MAXI, gumowe, z pi\u0119ciokrotnym kana\u0142em kablowym &#8211; 40&#215;40 mm | 63257"},"content":{"rendered":"<p>Zako\u0144czenie najazdu kablowego MAXI to doskona\u0142e rozwi\u0105zanie dla ochrony kabli w miejscach o du\u017cym nat\u0119\u017ceniu ruchu. Wykonane z wysokiej jako\u015bci gumy, oferuje pi\u0119ciokanalow\u0105 konstrukcj\u0119, gdzie ka\u017cdy kana\u0142 ma wymiary 40&#215;40 mm, co pozwala na wygodne prowadzenie r\u00f3\u017cnych typ\u00f3w przewod\u00f3w. Wymiary zako\u0144czenia wynosz\u0105 200 x 500 x 50 mm, natomiast jego no\u015bno\u015b\u0107 osi\u0105ga 20 ton, co sprawia, \u017ce jest idealnym wyborem do zastosowa\u0144 przemys\u0142owych oraz w infrastrukturze transportowej. Dzi\u0119ki zastosowaniu tego produktu, u\u017cytkownicy zyskuj\u0105 nie tylko ochron\u0119 kabli przed uszkodzeniami mechanicznymi, ale r\u00f3wnie\u017c zwi\u0119kszenie bezpiecze\u0144stwa w ruchliwych miejscach.<\/p>","protected":false},"excerpt":{"rendered":"<div class=\"icons\" style=\"display: flex; flex-wrap: wrap; gap: 5px; align-items: center; margin-top: 10px;\"><img decoding=\"async\" src=\"https:\/\/as-schwabe.de\/wp-content\/uploads\/ikony\/znak_CE.png\" alt=\"\" width=\"50\" height=\"50\" \/><img decoding=\"async\" src=\"https:\/\/as-schwabe.de\/wp-content\/uploads\/ikony\/znak_PB.png\" alt=\"\" width=\"50\" height=\"50\" \/><img decoding=\"async\" src=\"https:\/\/as-schwabe.de\/wp-content\/uploads\/ikony\/znak_Z.png\" alt=\"\" width=\"50\" height=\"50\" \/><img loading=\"lazy\" decoding=\"async\" src=\"https:\/\/as-schwabe.de\/wp-content\/uploads\/ikony\/znak_D.png\" alt=\"\" width=\"50\" height=\"50\" \/><\/div>\n<ul>\n<li>Ko\u0144c\u00f3wka najazdu kablowego 5 kana\u0142owego <\/li>\n<li>s\u0142u\u017c\u0105 do ochrony przewod\u00f3w, kabli, w\u0119\u017cy i rur na placu budowy <\/li>\n<li>pomosty kablowe u\u0142atwiaj\u0105 przechodzenie przez roz\u0142o\u017cone przewody i zapobiegaj\u0105 wypadkom spowodowanym potkni\u0119ciami na placu budowy <\/li>\n<li>wykonane z nieprzewodz\u0105cej, wytrzyma\u0142ej i niezwykle trwa\u0142ej gumy w kolorze czarno-\u017c\u00f3\u0142tym <\/li>\n<li>dzi\u0119ki wytrzyma\u0142ej gumie i strukturyzowanej powierzchni zapewniaj\u0105 wyj\u0105tkowo antypo\u015blizgow\u0105 nawierzchni\u0119 <\/li>\n<li>materia\u0142 jest odporny na promieniowanie UV i ciep\u0142o, a tak\u017ce kwasy i zasady <\/li>\n<li>bardzo stabilne osadzenie na pod\u0142o\u017cu dzi\u0119ki du\u017cej masie w\u0142asnej pomost\u00f3w kablowych <\/li>\n<li>przejazd nadaje si\u0119 do ruchu ci\u0119\u017ckich pojazd\u00f3w o masie do 10 t lub 20 t na o\u015b przy maksymalnej pr\u0119dko\u015bci przejazdu 10 km\/h <\/li>\n<li>prosty system wtykowy pozwala na dowoln\u0105 rozbudow\u0119 pomost\u00f3w kablowych<\/li>\n<\/ul>","protected":false},"featured_media":31852,"template":"","meta":{"inline_featured_image":false},"genre":[509],"product_cat":[518,595],"product_tag":[],"class_list":{"0":"post-32724","1":"product","2":"type-product","3":"status-publish","4":"has-post-thumbnail","6":"product_brand-as-schwabe-pl","7":"product_cat-asortyment-produktow-cee-400-v-pl","8":"product_cat-najazdy-kablowe-pl","10":"first","11":"instock","12":"shipping-taxable","13":"product-type-simple"},"aioseo_notices":[],"_links":{"self":[{"href":"https:\/\/as-schwabe.de\/pl\/wp-json\/wp\/v2\/product\/32724","targetHints":{"allow":["GET"]}}],"collection":[{"href":"https:\/\/as-schwabe.de\/pl\/wp-json\/wp\/v2\/product"}],"about":[{"href":"https:\/\/as-schwabe.de\/pl\/wp-json\/wp\/v2\/types\/product"}],"version-history":[{"count":0,"href":"https:\/\/as-schwabe.de\/pl\/wp-json\/wp\/v2\/product\/32724\/revisions"}],"wp:featuredmedia":[{"embeddable":true,"href":"https:\/\/as-schwabe.de\/pl\/wp-json\/wp\/v2\/media\/31852"}],"wp:attachment":[{"href":"https:\/\/as-schwabe.de\/pl\/wp-json\/wp\/v2\/media?parent=32724"}],"wp:term":[{"taxonomy":"product_brand","embeddable":true,"href":"https:\/\/as-schwabe.de\/pl\/wp-json\/wp\/v2\/genre?post=32724"},{"taxonomy":"product_cat","embeddable":true,"href":"https:\/\/as-schwabe.de\/pl\/wp-json\/wp\/v2\/product_cat?post=32724"},{"taxonomy":"product_tag","embeddable":true,"href":"https:\/\/as-schwabe.de\/pl\/wp-json\/wp\/v2\/product_tag?post=32724"}],"curies":[{"name":"wp","href":"https:\/\/api.w.org\/{rel}","templated":true}]}}