{"id":32723,"date":"2025-09-26T23:35:53","date_gmt":"2025-09-26T23:35:53","guid":{"rendered":"https:\/\/as-schwabe.de\/?post_type=product&#038;p=32723"},"modified":"2025-10-23T00:18:56","modified_gmt":"2025-10-23T00:18:56","slug":"najazd-kablowy-maxi-katowy-30-5-kanalow-63256","status":"publish","type":"product","link":"https:\/\/as-schwabe.de\/pl\/produkt\/najazd-kablowy-maxi-katowy-30-5-kanalow-63256\/","title":{"rendered":"Najazd kablowy MAXI, k\u0105towy, 30\u00b0 z pi\u0119ciokrotnym kana\u0142em kablowym &#8211; 40&#215;40 mm | 63256"},"content":{"rendered":"<p>Najazd kablowy MAXI o k\u0105cie 30\u00b0 to wydajne rozwi\u0105zanie do zarz\u0105dzania kablami w r\u00f3\u017cnych warunkach, oferuj\u0105ce pi\u0119ciokrotny kana\u0142 kablowy o wymiarach 40&#215;40 mm ka\u017cdy. Jego kompaktowe wymiary (D x S x W: 500 x 300 x 50 mm) oraz no\u015bno\u015b\u0107 do 20 ton sprawiaj\u0105, \u017ce idealnie sprawdza si\u0119 w miejscach o du\u017cym nat\u0119\u017ceniu ruchu, takich jak hale produkcyjne, magazyny czy obiekty eventowe. Dzi\u0119ki ergonomicznemu kszta\u0142towi i wysokiej wytrzyma\u0142o\u015bci, najazd skutecznie chroni kabel przed uszkodzeniem, zapewniaj\u0105c jednocze\u015bnie bezpiecze\u0144stwo u\u017cytkownik\u00f3w. Produkt ten jest prosty w monta\u017cu i doskonale integruje si\u0119 z innymi elementami infrastruktury, co czyni go niezast\u0105pionym narz\u0119dziem w organizacji przestrzeni roboczej.<\/p>","protected":false},"excerpt":{"rendered":"<div class=\"icons\" style=\"display: flex; flex-wrap: wrap; gap: 5px; align-items: center; margin-top: 10px;\"><img decoding=\"async\" src=\"https:\/\/as-schwabe.de\/wp-content\/uploads\/ikony\/znak_CE.png\" alt=\"\" width=\"50\" height=\"50\" \/><img decoding=\"async\" src=\"https:\/\/as-schwabe.de\/wp-content\/uploads\/ikony\/znak_PB.png\" alt=\"\" width=\"50\" height=\"50\" \/><img decoding=\"async\" src=\"https:\/\/as-schwabe.de\/wp-content\/uploads\/ikony\/znak_Z.png\" alt=\"\" width=\"50\" height=\"50\" \/><img loading=\"lazy\" decoding=\"async\" src=\"https:\/\/as-schwabe.de\/wp-content\/uploads\/ikony\/znak_D.png\" alt=\"\" width=\"50\" height=\"50\" \/><\/div>\n<ul>\n<li>Najazd kablowy \u0142uk <\/li>\n<li>5 kana\u0142\u00f3w z klap\u0105 <\/li>\n<li>s\u0142u\u017c\u0105 do ochrony przewod\u00f3w, kabli, w\u0119\u017cy i rur na placu budowy <\/li>\n<li>pomosty kablowe u\u0142atwiaj\u0105 przechodzenie przez roz\u0142o\u017cone przewody i zapobiegaj\u0105 wypadkom spowodowanym potkni\u0119ciami na placu budowy <\/li>\n<li>wykonane z nieprzewodz\u0105cej, wytrzyma\u0142ej i niezwykle trwa\u0142ej gumy w kolorze czarno-\u017c\u00f3\u0142tym <\/li>\n<li>dzi\u0119ki wytrzyma\u0142ej gumie i strukturyzowanej powierzchni zapewniaj\u0105 wyj\u0105tkowo antypo\u015blizgow\u0105 nawierzchni\u0119 <\/li>\n<li>materia\u0142 jest odporny na promieniowanie UV i ciep\u0142o, a tak\u017ce kwasy i zasady <\/li>\n<li>bardzo stabilne osadzenie na pod\u0142o\u017cu dzi\u0119ki du\u017cej masie w\u0142asnej pomost\u00f3w kablowych <\/li>\n<li>przejazd nadaje si\u0119 do ruchu ci\u0119\u017ckich pojazd\u00f3w o masie do 10 t lub 20 t na o\u015b przy maksymalnej pr\u0119dko\u015bci przejazdu 10 km\/h <\/li>\n<li>prosty system wtykowy pozwala na dowoln\u0105 rozbudow\u0119 pomost\u00f3w kablowych<\/li>\n<\/ul>","protected":false},"featured_media":31851,"template":"","meta":{"inline_featured_image":false},"genre":[509],"product_cat":[518,595],"product_tag":[],"class_list":{"0":"post-32723","1":"product","2":"type-product","3":"status-publish","4":"has-post-thumbnail","6":"product_brand-as-schwabe-pl","7":"product_cat-asortyment-produktow-cee-400-v-pl","8":"product_cat-najazdy-kablowe-pl","10":"first","11":"instock","12":"shipping-taxable","13":"product-type-simple"},"aioseo_notices":[],"_links":{"self":[{"href":"https:\/\/as-schwabe.de\/pl\/wp-json\/wp\/v2\/product\/32723","targetHints":{"allow":["GET"]}}],"collection":[{"href":"https:\/\/as-schwabe.de\/pl\/wp-json\/wp\/v2\/product"}],"about":[{"href":"https:\/\/as-schwabe.de\/pl\/wp-json\/wp\/v2\/types\/product"}],"version-history":[{"count":0,"href":"https:\/\/as-schwabe.de\/pl\/wp-json\/wp\/v2\/product\/32723\/revisions"}],"wp:featuredmedia":[{"embeddable":true,"href":"https:\/\/as-schwabe.de\/pl\/wp-json\/wp\/v2\/media\/31851"}],"wp:attachment":[{"href":"https:\/\/as-schwabe.de\/pl\/wp-json\/wp\/v2\/media?parent=32723"}],"wp:term":[{"taxonomy":"product_brand","embeddable":true,"href":"https:\/\/as-schwabe.de\/pl\/wp-json\/wp\/v2\/genre?post=32723"},{"taxonomy":"product_cat","embeddable":true,"href":"https:\/\/as-schwabe.de\/pl\/wp-json\/wp\/v2\/product_cat?post=32723"},{"taxonomy":"product_tag","embeddable":true,"href":"https:\/\/as-schwabe.de\/pl\/wp-json\/wp\/v2\/product_tag?post=32723"}],"curies":[{"name":"wp","href":"https:\/\/api.w.org\/{rel}","templated":true}]}}