{"id":32722,"date":"2025-09-26T23:35:53","date_gmt":"2025-09-26T23:35:53","guid":{"rendered":"https:\/\/as-schwabe.de\/?post_type=product&#038;p=32722"},"modified":"2025-10-23T00:18:55","modified_gmt":"2025-10-23T00:18:55","slug":"najazd-kablowy-maxi-prosty-z-pieciokrotnym-kanalem-kablowym-63255","status":"publish","type":"product","link":"https:\/\/as-schwabe.de\/pl\/produkt\/najazd-kablowy-maxi-prosty-z-pieciokrotnym-kanalem-kablowym-63255\/","title":{"rendered":"Najazd kablowy MAXI, prosty z pi\u0119ciokrotnym kana\u0142em kablowym &#8211; 35&#215;32 mm | 63255"},"content":{"rendered":"<p>Najazd kablowy MAXI to niezast\u0105pione rozwi\u0105zanie w miejscach o intensywnym ruchu, zaprojektowane z my\u015bl\u0105 o zabezpieczaniu i porz\u0105dkowaniu kabli. Wyposa\u017cony w pi\u0119\u0107 kana\u0142\u00f3w kablowych o wymiarach 35&#215;32 mm ka\u017cdy, zapewnia komfortowe prowadzenie kabli o r\u00f3\u017cnych \u015brednicach. Jego wymiary 880 x 480 x 46 mm oraz no\u015bno\u015b\u0107 do 20 ton gwarantuj\u0105 stabilno\u015b\u0107 i bezpiecze\u0144stwo wsz\u0119dzie tam, gdzie wymagane jest du\u017ce obci\u0105\u017cenie. Dzi\u0119ki solidnej konstrukcji, najazd MAXI \u015bwietnie sprawdzi si\u0119 w obiektach przemys\u0142owych, na placach budowy oraz w trakcie event\u00f3w, minimalizuj\u0105c ryzyko potkni\u0119\u0107 i uszkodze\u0144 kabli. Wybieraj\u0105c nasz najazd kablowy, zyskujesz nie tylko funkcjonalno\u015b\u0107, ale tak\u017ce estetyk\u0119 i porz\u0105dek w przestrzeni roboczej.<\/p>","protected":false},"excerpt":{"rendered":"<div class=\"icons\" style=\"display: flex; flex-wrap: wrap; gap: 5px; align-items: center; margin-top: 10px;\"><img decoding=\"async\" src=\"https:\/\/as-schwabe.de\/wp-content\/uploads\/ikony\/znak_CE.png\" alt=\"\" width=\"50\" height=\"50\" \/><img decoding=\"async\" src=\"https:\/\/as-schwabe.de\/wp-content\/uploads\/ikony\/znak_PB.png\" alt=\"\" width=\"50\" height=\"50\" \/><img decoding=\"async\" src=\"https:\/\/as-schwabe.de\/wp-content\/uploads\/ikony\/znak_Z.png\" alt=\"\" width=\"50\" height=\"50\" \/><img loading=\"lazy\" decoding=\"async\" src=\"https:\/\/as-schwabe.de\/wp-content\/uploads\/ikony\/znak_D.png\" alt=\"\" width=\"50\" height=\"50\" \/><\/div>\n<ul>\n<li>Najazd kablowy prosty <\/li>\n<li>5 kana\u0142\u00f3w z klap\u0105 <\/li>\n<li>s\u0142u\u017c\u0105 do ochrony przewod\u00f3w, kabli, w\u0119\u017cy i rur na placu budowy <\/li>\n<li>pomosty kablowe u\u0142atwiaj\u0105 przechodzenie przez roz\u0142o\u017cone przewody i zapobiegaj\u0105 wypadkom spowodowanym potkni\u0119ciami na placu budowy <\/li>\n<li>wykonane z nieprzewodz\u0105cej, wytrzyma\u0142ej i niezwykle trwa\u0142ej gumy w kolorze czarno-\u017c\u00f3\u0142tym <\/li>\n<li>dzi\u0119ki wytrzyma\u0142ej gumie i strukturyzowanej powierzchni zapewniaj\u0105 wyj\u0105tkowo antypo\u015blizgow\u0105 nawierzchni\u0119 <\/li>\n<li>materia\u0142 jest odporny na promieniowanie UV i ciep\u0142o, a tak\u017ce kwasy i zasady <\/li>\n<li>bardzo stabilne osadzenie na pod\u0142o\u017cu dzi\u0119ki du\u017cej masie w\u0142asnej pomost\u00f3w kablowych <\/li>\n<li>przejazd nadaje si\u0119 do ruchu ci\u0119\u017ckich pojazd\u00f3w o masie do 10 t lub 20 t na o\u015b przy maksymalnej pr\u0119dko\u015bci przejazdu 10 km\/h <\/li>\n<li>prosty system wtykowy pozwala na dowoln\u0105 rozbudow\u0119 pomost\u00f3w kablowych<\/li>\n<\/ul>","protected":false},"featured_media":31849,"template":"","meta":{"inline_featured_image":false},"genre":[509],"product_cat":[518,595],"product_tag":[],"class_list":{"0":"post-32722","1":"product","2":"type-product","3":"status-publish","4":"has-post-thumbnail","6":"product_brand-as-schwabe-pl","7":"product_cat-asortyment-produktow-cee-400-v-pl","8":"product_cat-najazdy-kablowe-pl","10":"first","11":"instock","12":"shipping-taxable","13":"product-type-simple"},"aioseo_notices":[],"_links":{"self":[{"href":"https:\/\/as-schwabe.de\/pl\/wp-json\/wp\/v2\/product\/32722","targetHints":{"allow":["GET"]}}],"collection":[{"href":"https:\/\/as-schwabe.de\/pl\/wp-json\/wp\/v2\/product"}],"about":[{"href":"https:\/\/as-schwabe.de\/pl\/wp-json\/wp\/v2\/types\/product"}],"version-history":[{"count":0,"href":"https:\/\/as-schwabe.de\/pl\/wp-json\/wp\/v2\/product\/32722\/revisions"}],"wp:featuredmedia":[{"embeddable":true,"href":"https:\/\/as-schwabe.de\/pl\/wp-json\/wp\/v2\/media\/31849"}],"wp:attachment":[{"href":"https:\/\/as-schwabe.de\/pl\/wp-json\/wp\/v2\/media?parent=32722"}],"wp:term":[{"taxonomy":"product_brand","embeddable":true,"href":"https:\/\/as-schwabe.de\/pl\/wp-json\/wp\/v2\/genre?post=32722"},{"taxonomy":"product_cat","embeddable":true,"href":"https:\/\/as-schwabe.de\/pl\/wp-json\/wp\/v2\/product_cat?post=32722"},{"taxonomy":"product_tag","embeddable":true,"href":"https:\/\/as-schwabe.de\/pl\/wp-json\/wp\/v2\/product_tag?post=32722"}],"curies":[{"name":"wp","href":"https:\/\/api.w.org\/{rel}","templated":true}]}}