{"id":32720,"date":"2025-09-26T23:35:52","date_gmt":"2025-09-26T23:35:52","guid":{"rendered":"https:\/\/as-schwabe.de\/?post_type=product&#038;p=32720"},"modified":"2025-10-23T00:18:54","modified_gmt":"2025-10-23T00:18:54","slug":"zakonczenie-najazdu-kablowego-z-podwojnym-kanalem-kablowym-63227","status":"publish","type":"product","link":"https:\/\/as-schwabe.de\/pl\/produkt\/zakonczenie-najazdu-kablowego-z-podwojnym-kanalem-kablowym-63227\/","title":{"rendered":"Zako\u0144czenie najazdu kablowego, gumowe, z podw\u00f3jnym kana\u0142em kablowym &#8211; 32&#215;32 mm | 63227"},"content":{"rendered":"<p>Zako\u0144czenie najazdu kablowego wykonane z wytrzyma\u0142ej gumy to idealne rozwi\u0105zanie dla ochrony kabli w miejscach o du\u017cym nat\u0119\u017ceniu ruchu. Dzi\u0119ki podw\u00f3jnemu kana\u0142owi kablowemu o wymiarach 32&#215;32 mm ka\u017cdy, u\u017cytkownik zyskuje mo\u017cliwo\u015b\u0107 uporz\u0105dkowania i zabezpieczenia wielu kabli jednocze\u015bnie. Wymiary zako\u0144czenia wynosz\u0105 150 x 245 x 40 mm, co sprawia, \u017ce jest ono \u0142atwe do zastosowania w r\u00f3\u017cnych konfiguracjach przestrzennych. Produkt charakteryzuje si\u0119 no\u015bno\u015bci\u0105 do 10 ton, co zapewnia mo\u017cliwo\u015b\u0107 jego wykorzystania w warunkach przemys\u0142owych oraz na terenach wystawowych. Zastosowanie tego zako\u0144czenia przyczynia si\u0119 do zwi\u0119kszenia bezpiecze\u0144stwa oraz minimalizowania ryzyka uszkodzenia kabli.<\/p>","protected":false},"excerpt":{"rendered":"<div class=\"icons\" style=\"display: flex; flex-wrap: wrap; gap: 5px; align-items: center; margin-top: 10px;\"><img decoding=\"async\" src=\"https:\/\/as-schwabe.de\/wp-content\/uploads\/ikony\/znak_CE.png\" alt=\"\" width=\"50\" height=\"50\" \/><img decoding=\"async\" src=\"https:\/\/as-schwabe.de\/wp-content\/uploads\/ikony\/znak_PB.png\" alt=\"\" width=\"50\" height=\"50\" \/><img decoding=\"async\" src=\"https:\/\/as-schwabe.de\/wp-content\/uploads\/ikony\/znak_Z.png\" alt=\"\" width=\"50\" height=\"50\" \/><img loading=\"lazy\" decoding=\"async\" src=\"https:\/\/as-schwabe.de\/wp-content\/uploads\/ikony\/znak_D.png\" alt=\"\" width=\"50\" height=\"50\" \/><\/div>\n<ul>\n<li>Ko\u0144c\u00f3wka najazdu kablowego 2 kana\u0142owego <\/li>\n<li>s\u0142u\u017c\u0105 do ochrony przewod\u00f3w, kabli, w\u0119\u017cy i rur na placu budowy <\/li>\n<li>pomosty kablowe u\u0142atwiaj\u0105 przechodzenie przez roz\u0142o\u017cone przewody i zapobiegaj\u0105 wypadkom spowodowanym potkni\u0119ciami na placu budowy <\/li>\n<li>wykonane z nieprzewodz\u0105cej, wytrzyma\u0142ej i niezwykle trwa\u0142ej gumy w kolorze czarno-\u017c\u00f3\u0142tym <\/li>\n<li>dzi\u0119ki wytrzyma\u0142ej gumie i strukturyzowanej powierzchni zapewniaj\u0105 wyj\u0105tkowo antypo\u015blizgow\u0105 nawierzchni\u0119 <\/li>\n<li>materia\u0142 jest odporny na promieniowanie UV i ciep\u0142o, a tak\u017ce kwasy i zasady <\/li>\n<li>bardzo stabilne osadzenie na pod\u0142o\u017cu dzi\u0119ki du\u017cej masie w\u0142asnej pomost\u00f3w kablowych <\/li>\n<li>przejazd nadaje si\u0119 do ruchu ci\u0119\u017ckich pojazd\u00f3w o masie do 10 t lub 20 t na o\u015b przy maksymalnej pr\u0119dko\u015bci przejazdu 10 km\/h <\/li>\n<li>prosty system wtykowy pozwala na dowoln\u0105 rozbudow\u0119 pomost\u00f3w kablowych<\/li>\n<\/ul>","protected":false},"featured_media":31847,"template":"","meta":{"inline_featured_image":false},"genre":[509],"product_cat":[518,595],"product_tag":[],"class_list":{"0":"post-32720","1":"product","2":"type-product","3":"status-publish","4":"has-post-thumbnail","6":"product_brand-as-schwabe-pl","7":"product_cat-asortyment-produktow-cee-400-v-pl","8":"product_cat-najazdy-kablowe-pl","10":"first","11":"instock","12":"shipping-taxable","13":"product-type-simple"},"aioseo_notices":[],"_links":{"self":[{"href":"https:\/\/as-schwabe.de\/pl\/wp-json\/wp\/v2\/product\/32720","targetHints":{"allow":["GET"]}}],"collection":[{"href":"https:\/\/as-schwabe.de\/pl\/wp-json\/wp\/v2\/product"}],"about":[{"href":"https:\/\/as-schwabe.de\/pl\/wp-json\/wp\/v2\/types\/product"}],"version-history":[{"count":0,"href":"https:\/\/as-schwabe.de\/pl\/wp-json\/wp\/v2\/product\/32720\/revisions"}],"wp:featuredmedia":[{"embeddable":true,"href":"https:\/\/as-schwabe.de\/pl\/wp-json\/wp\/v2\/media\/31847"}],"wp:attachment":[{"href":"https:\/\/as-schwabe.de\/pl\/wp-json\/wp\/v2\/media?parent=32720"}],"wp:term":[{"taxonomy":"product_brand","embeddable":true,"href":"https:\/\/as-schwabe.de\/pl\/wp-json\/wp\/v2\/genre?post=32720"},{"taxonomy":"product_cat","embeddable":true,"href":"https:\/\/as-schwabe.de\/pl\/wp-json\/wp\/v2\/product_cat?post=32720"},{"taxonomy":"product_tag","embeddable":true,"href":"https:\/\/as-schwabe.de\/pl\/wp-json\/wp\/v2\/product_tag?post=32720"}],"curies":[{"name":"wp","href":"https:\/\/api.w.org\/{rel}","templated":true}]}}