{"id":32719,"date":"2025-09-26T23:35:52","date_gmt":"2025-09-26T23:35:52","guid":{"rendered":"https:\/\/as-schwabe.de\/?post_type=product&#038;p=32719"},"modified":"2025-10-23T00:18:54","modified_gmt":"2025-10-23T00:18:54","slug":"najazd-kablowy-katowy-45-z-podwojnym-kanalem-kablowym-63226","status":"publish","type":"product","link":"https:\/\/as-schwabe.de\/pl\/produkt\/najazd-kablowy-katowy-45-z-podwojnym-kanalem-kablowym-63226\/","title":{"rendered":"Najazd kablowy k\u0105towy, 45\u00b0 z podw\u00f3jnym kana\u0142em kablowym &#8211; 32&#215;32 mm | 63226"},"content":{"rendered":"<p>Najazd kablowy k\u0105towy 45\u00b0 z podw\u00f3jnym kana\u0142em kablowym to innowacyjne rozwi\u0105zanie dla zabezpieczenia szerokiej gamy przewod\u00f3w oraz kabli w miejscach o du\u017cym nat\u0119\u017ceniu ruchu. Ka\u017cdy z kana\u0142\u00f3w ma wymiary 32&#215;32 mm, co pozwala na swobodne umieszczenie nie tylko standardowych kabli, ale tak\u017ce wi\u0119kszych instalacji. Wymiary najazdu wynosz\u0105 420 x 245 x 40 mm, a jego no\u015bno\u015b\u0107 to imponuj\u0105ce 10 ton, co czyni go idealnym do u\u017cytku w obiektach przemys\u0142owych, magazynach oraz na placach budowy. Dzi\u0119ki zastosowaniu tego najazdu, u\u017cytkownicy mog\u0105 zminimalizowa\u0107 ryzyko uszkodze\u0144 kabli oraz zapewni\u0107 bezpiecze\u0144stwo poruszaj\u0105cym si\u0119 pojazdom i pieszym. Produkt ten \u0142\u0105czy w sobie funkcjonalno\u015b\u0107 z wysok\u0105 jako\u015bci\u0105 wykonania, co czyni go niezast\u0105pionym elementem w ka\u017cdym projekcie elektrotechnicznym.<\/p>","protected":false},"excerpt":{"rendered":"<div class=\"icons\" style=\"display: flex; flex-wrap: wrap; gap: 5px; align-items: center; margin-top: 10px;\"><img decoding=\"async\" src=\"https:\/\/as-schwabe.de\/wp-content\/uploads\/ikony\/znak_CE.png\" alt=\"\" width=\"50\" height=\"50\" \/><img decoding=\"async\" src=\"https:\/\/as-schwabe.de\/wp-content\/uploads\/ikony\/znak_PB.png\" alt=\"\" width=\"50\" height=\"50\" \/><img decoding=\"async\" src=\"https:\/\/as-schwabe.de\/wp-content\/uploads\/ikony\/znak_Z.png\" alt=\"\" width=\"50\" height=\"50\" \/><img loading=\"lazy\" decoding=\"async\" src=\"https:\/\/as-schwabe.de\/wp-content\/uploads\/ikony\/znak_D.png\" alt=\"\" width=\"50\" height=\"50\" \/><\/div>\n<ul>\n<li>Najazd kablowy \u0142uk <\/li>\n<li>2 kana\u0142y z klap\u0105 <\/li>\n<li>s\u0142u\u017c\u0105 do ochrony przewod\u00f3w, kabli, w\u0119\u017cy i rur na placu budowy <\/li>\n<li>pomosty kablowe u\u0142atwiaj\u0105 przechodzenie przez roz\u0142o\u017cone przewody i zapobiegaj\u0105 wypadkom spowodowanym potkni\u0119ciami na placu budowy <\/li>\n<li>wykonane z nieprzewodz\u0105cej, wytrzyma\u0142ej i niezwykle trwa\u0142ej gumy w kolorze czarno-\u017c\u00f3\u0142tym <\/li>\n<li>dzi\u0119ki wytrzyma\u0142ej gumie i strukturyzowanej powierzchni zapewniaj\u0105 wyj\u0105tkowo antypo\u015blizgow\u0105 nawierzchni\u0119 <\/li>\n<li>materia\u0142 jest odporny na promieniowanie UV i ciep\u0142o, a tak\u017ce kwasy i zasady <\/li>\n<li>bardzo stabilne osadzenie na pod\u0142o\u017cu dzi\u0119ki du\u017cej masie w\u0142asnej pomost\u00f3w kablowych <\/li>\n<li>przejazd nadaje si\u0119 do ruchu ci\u0119\u017ckich pojazd\u00f3w o masie do 10 t lub 20 t na o\u015b przy maksymalnej pr\u0119dko\u015bci przejazdu 10 km\/h <\/li>\n<li>prosty system wtykowy pozwala na dowoln\u0105 rozbudow\u0119 pomost\u00f3w kablowych<\/li>\n<\/ul>","protected":false},"featured_media":31845,"template":"","meta":{"inline_featured_image":false},"genre":[509],"product_cat":[518,595],"product_tag":[],"class_list":{"0":"post-32719","1":"product","2":"type-product","3":"status-publish","4":"has-post-thumbnail","6":"product_brand-as-schwabe-pl","7":"product_cat-asortyment-produktow-cee-400-v-pl","8":"product_cat-najazdy-kablowe-pl","10":"first","11":"instock","12":"shipping-taxable","13":"product-type-simple"},"aioseo_notices":[],"_links":{"self":[{"href":"https:\/\/as-schwabe.de\/pl\/wp-json\/wp\/v2\/product\/32719","targetHints":{"allow":["GET"]}}],"collection":[{"href":"https:\/\/as-schwabe.de\/pl\/wp-json\/wp\/v2\/product"}],"about":[{"href":"https:\/\/as-schwabe.de\/pl\/wp-json\/wp\/v2\/types\/product"}],"version-history":[{"count":0,"href":"https:\/\/as-schwabe.de\/pl\/wp-json\/wp\/v2\/product\/32719\/revisions"}],"wp:featuredmedia":[{"embeddable":true,"href":"https:\/\/as-schwabe.de\/pl\/wp-json\/wp\/v2\/media\/31845"}],"wp:attachment":[{"href":"https:\/\/as-schwabe.de\/pl\/wp-json\/wp\/v2\/media?parent=32719"}],"wp:term":[{"taxonomy":"product_brand","embeddable":true,"href":"https:\/\/as-schwabe.de\/pl\/wp-json\/wp\/v2\/genre?post=32719"},{"taxonomy":"product_cat","embeddable":true,"href":"https:\/\/as-schwabe.de\/pl\/wp-json\/wp\/v2\/product_cat?post=32719"},{"taxonomy":"product_tag","embeddable":true,"href":"https:\/\/as-schwabe.de\/pl\/wp-json\/wp\/v2\/product_tag?post=32719"}],"curies":[{"name":"wp","href":"https:\/\/api.w.org\/{rel}","templated":true}]}}