{"id":32717,"date":"2025-09-26T23:35:52","date_gmt":"2025-09-26T23:35:52","guid":{"rendered":"https:\/\/as-schwabe.de\/?post_type=product&#038;p=32717"},"modified":"2025-10-23T00:18:53","modified_gmt":"2025-10-23T00:18:53","slug":"najazd-kablowy-prosty-z-pojedynczym-kanalem-kablowym-63211","status":"publish","type":"product","link":"https:\/\/as-schwabe.de\/pl\/produkt\/najazd-kablowy-prosty-z-pojedynczym-kanalem-kablowym-63211\/","title":{"rendered":"Najazd kablowy prosty z pojedynczym kana\u0142em kablowym &#8211; 35&#215;15 mm | 63211"},"content":{"rendered":"<p>Najazd kablowy prosty z pojedynczym kana\u0142em kablowym o wymiarach 1040 x 245 x 45 mm to solidne rozwi\u0105zanie zapewniaj\u0105ce bezpiecze\u0144stwo w miejscach o du\u017cym nat\u0119\u017ceniu ruchu. Jego no\u015bno\u015b\u0107 wynosz\u0105ca 10 ton sprawia, \u017ce doskonale sprawdzi si\u0119 w przemys\u0142owych i komercyjnych zastosowaniach, gdzie konieczne jest prowadzenie kabli elektrycznych lub telekomunikacyjnych w spos\u00f3b chroni\u0105cy ich przed uszkodzeniem. Wytrzyma\u0142a konstrukcja oraz odpowiednio zaprojektowany kszta\u0142t zapewniaj\u0105 nie tylko ochron\u0119 kabli, ale r\u00f3wnie\u017c komfortowy przejazd dla pojazd\u00f3w. Dzi\u0119ki zastosowaniu najazdu u\u017cytkownik mo\u017ce unikn\u0105\u0107 potencjalnych wypadk\u00f3w, co przyczynia si\u0119 do zwi\u0119kszenia bezpiecze\u0144stwa w miejscu pracy.<\/p>","protected":false},"excerpt":{"rendered":"<div class=\"icons\" style=\"display: flex; flex-wrap: wrap; gap: 5px; align-items: center; margin-top: 10px;\"><img decoding=\"async\" src=\"https:\/\/as-schwabe.de\/wp-content\/uploads\/ikony\/znak_CE.png\" alt=\"\" width=\"50\" height=\"50\" \/><img decoding=\"async\" src=\"https:\/\/as-schwabe.de\/wp-content\/uploads\/ikony\/znak_PB.png\" alt=\"\" width=\"50\" height=\"50\" \/><img decoding=\"async\" src=\"https:\/\/as-schwabe.de\/wp-content\/uploads\/ikony\/znak_Z.png\" alt=\"\" width=\"50\" height=\"50\" \/><img loading=\"lazy\" decoding=\"async\" src=\"https:\/\/as-schwabe.de\/wp-content\/uploads\/ikony\/znak_D.png\" alt=\"\" width=\"50\" height=\"50\" \/><\/div>\n<ul>\n<li>Najazd kablowy prosty <\/li>\n<li>nak\u0142adany <\/li>\n<li>s\u0142u\u017c\u0105 do ochrony przewod\u00f3w, kabli, w\u0119\u017cy i rur na placu budowy <\/li>\n<li>pomosty kablowe u\u0142atwiaj\u0105 przechodzenie przez roz\u0142o\u017cone przewody i zapobiegaj\u0105 wypadkom spowodowanym potkni\u0119ciami na placu budowy <\/li>\n<li>wykonane z nieprzewodz\u0105cej, wytrzyma\u0142ej i niezwykle trwa\u0142ej gumy w kolorze czarno-\u017c\u00f3\u0142tym <\/li>\n<li>dzi\u0119ki wytrzyma\u0142ej gumie i strukturyzowanej powierzchni zapewniaj\u0105 wyj\u0105tkowo antypo\u015blizgow\u0105 nawierzchni\u0119 <\/li>\n<li>materia\u0142 jest odporny na promieniowanie UV i ciep\u0142o, a tak\u017ce kwasy i zasady <\/li>\n<li>bardzo stabilne osadzenie na pod\u0142o\u017cu dzi\u0119ki du\u017cej masie w\u0142asnej pomost\u00f3w kablowych <\/li>\n<li>przejazd nadaje si\u0119 do ruchu ci\u0119\u017ckich pojazd\u00f3w o masie do 10 t lub 20 t na o\u015b przy maksymalnej pr\u0119dko\u015bci przejazdu 10 km\/h <\/li>\n<li>prosty system wtykowy pozwala na dowoln\u0105 rozbudow\u0119 pomost\u00f3w kablowych<\/li>\n<\/ul>","protected":false},"featured_media":31846,"template":"","meta":{"inline_featured_image":false},"genre":[509],"product_cat":[518,595],"product_tag":[],"class_list":{"0":"post-32717","1":"product","2":"type-product","3":"status-publish","4":"has-post-thumbnail","6":"product_brand-as-schwabe-pl","7":"product_cat-asortyment-produktow-cee-400-v-pl","8":"product_cat-najazdy-kablowe-pl","10":"first","11":"instock","12":"shipping-taxable","13":"product-type-simple"},"aioseo_notices":[],"_links":{"self":[{"href":"https:\/\/as-schwabe.de\/pl\/wp-json\/wp\/v2\/product\/32717","targetHints":{"allow":["GET"]}}],"collection":[{"href":"https:\/\/as-schwabe.de\/pl\/wp-json\/wp\/v2\/product"}],"about":[{"href":"https:\/\/as-schwabe.de\/pl\/wp-json\/wp\/v2\/types\/product"}],"version-history":[{"count":0,"href":"https:\/\/as-schwabe.de\/pl\/wp-json\/wp\/v2\/product\/32717\/revisions"}],"wp:featuredmedia":[{"embeddable":true,"href":"https:\/\/as-schwabe.de\/pl\/wp-json\/wp\/v2\/media\/31846"}],"wp:attachment":[{"href":"https:\/\/as-schwabe.de\/pl\/wp-json\/wp\/v2\/media?parent=32717"}],"wp:term":[{"taxonomy":"product_brand","embeddable":true,"href":"https:\/\/as-schwabe.de\/pl\/wp-json\/wp\/v2\/genre?post=32717"},{"taxonomy":"product_cat","embeddable":true,"href":"https:\/\/as-schwabe.de\/pl\/wp-json\/wp\/v2\/product_cat?post=32717"},{"taxonomy":"product_tag","embeddable":true,"href":"https:\/\/as-schwabe.de\/pl\/wp-json\/wp\/v2\/product_tag?post=32717"}],"curies":[{"name":"wp","href":"https:\/\/api.w.org\/{rel}","templated":true}]}}