{"id":32716,"date":"2025-09-26T23:35:51","date_gmt":"2025-09-26T23:35:51","guid":{"rendered":"https:\/\/as-schwabe.de\/?post_type=product&#038;p=32716"},"modified":"2025-10-23T00:18:52","modified_gmt":"2025-10-23T00:18:52","slug":"licznik-energii-elektrycznej-3p-400-v-62512","status":"publish","type":"product","link":"https:\/\/as-schwabe.de\/pl\/produkt\/licznik-energii-elektrycznej-3p-400-v-62512\/","title":{"rendered":"Licznik energii elektrycznej 3-fazowy | 62512"},"content":{"rendered":"<p>Licznik energii elektrycznej 3-fazowy, modu\u0142owy do monta\u017cu na szynie DIN, to niezawodne urz\u0105dzenie zaprojektowane do precyzyjnego pomiaru zu\u017cycia energii. Oferuje zakres pr\u0105dowy od 0,25 A do 5 A (maksymalnie 80 A) oraz analogowy wska\u017anik z rozdzielczo\u015bci\u0105 1000 impuls\u00f3w na kilowatogodzin\u0119. Dzi\u0119ki mo\u017cliwo\u015bci wskazywania maksymalnych warto\u015bci do 999999,9 kWh, licznik idealnie sprawdzi si\u0119 w zastosowaniach komercyjnych i przemys\u0142owych. Jego konstrukcja, zgodna z wymogami dyrektywy MID, zapewnia dok\u0142adno\u015b\u0107 i wiarygodno\u015b\u0107 pomiar\u00f3w, a brak mo\u017cliwo\u015bci resetowania sprawia, \u017ce u\u017cytkownik ma sta\u0142y dost\u0119p do historycznych danych o zu\u017cyciu energii. To doskona\u0142e rozwi\u0105zanie dla profesjonalist\u00f3w, kt\u00f3rzy ceni\u0105 sobie precyzj\u0119 i prostot\u0119 w monta\u017cu.<\/p>","protected":false},"excerpt":{"rendered":"<div class=\"icons\" style=\"display: flex; flex-wrap: wrap; gap: 5px; align-items: center; margin-top: 10px;\"><img decoding=\"async\" src=\"https:\/\/as-schwabe.de\/wp-content\/uploads\/ikony\/znak_CE.png\" alt=\"\" width=\"50\" height=\"50\" \/><img decoding=\"async\" src=\"https:\/\/as-schwabe.de\/wp-content\/uploads\/ikony\/znak_PB.png\" alt=\"\" width=\"50\" height=\"50\" \/><img decoding=\"async\" src=\"https:\/\/as-schwabe.de\/wp-content\/uploads\/ikony\/znak_Z.png\" alt=\"\" width=\"50\" height=\"50\" \/><img loading=\"lazy\" decoding=\"async\" src=\"https:\/\/as-schwabe.de\/wp-content\/uploads\/ikony\/znak_D.png\" alt=\"\" width=\"50\" height=\"50\" \/><img loading=\"lazy\" decoding=\"async\" src=\"https:\/\/as-schwabe.de\/wp-content\/uploads\/ikony\/znak_DE.png\" alt=\"\" width=\"50\" height=\"40\" \/><\/div>\n<ul>\n<li>Licznik energii elektrycznej 400 V \/ urz\u0105dzenie modu\u0142owe do monta\u017cu na szynie <\/li>\n<li>zgodny z MID i odpowiedni do cel\u00f3w rozliczeniowych <\/li>\n<li>klasa dok\u0142adno\u015bci B <\/li>\n<li>licznik analogowy: 6+1 cyfra, mo\u017cliwy do odczytania w dowolnym momencie <\/li>\n<li>odczyt dla maks. 999 999,9 kWh <\/li>\n<li>licznika analogowego nie mo\u017cna zresetowa\u0107 do 0 <\/li>\n<li>pr\u0105d 0,25-5 A (maks. 80 A) <\/li>\n<li>Temperatura pracy od -25\u00b0C do +55\u00b0C <\/li>\n<li>wymiary wys. x szer. x g\u0142.: 119 x 54 x 62 mm<\/li>\n<\/ul>","protected":false},"featured_media":31840,"template":"","meta":{"inline_featured_image":false},"genre":[509],"product_cat":[580,588],"product_tag":[],"class_list":{"0":"post-32716","1":"product","2":"type-product","3":"status-publish","4":"has-post-thumbnail","6":"product_brand-as-schwabe-pl","7":"product_cat-liczniki-energii-elektrycznej-i-ograniczniki-pradu-rozruchowego-pl","8":"product_cat-liczniki-energii-elektrycznej-pl","10":"first","11":"instock","12":"shipping-taxable","13":"product-type-simple"},"aioseo_notices":[],"_links":{"self":[{"href":"https:\/\/as-schwabe.de\/pl\/wp-json\/wp\/v2\/product\/32716","targetHints":{"allow":["GET"]}}],"collection":[{"href":"https:\/\/as-schwabe.de\/pl\/wp-json\/wp\/v2\/product"}],"about":[{"href":"https:\/\/as-schwabe.de\/pl\/wp-json\/wp\/v2\/types\/product"}],"version-history":[{"count":0,"href":"https:\/\/as-schwabe.de\/pl\/wp-json\/wp\/v2\/product\/32716\/revisions"}],"wp:featuredmedia":[{"embeddable":true,"href":"https:\/\/as-schwabe.de\/pl\/wp-json\/wp\/v2\/media\/31840"}],"wp:attachment":[{"href":"https:\/\/as-schwabe.de\/pl\/wp-json\/wp\/v2\/media?parent=32716"}],"wp:term":[{"taxonomy":"product_brand","embeddable":true,"href":"https:\/\/as-schwabe.de\/pl\/wp-json\/wp\/v2\/genre?post=32716"},{"taxonomy":"product_cat","embeddable":true,"href":"https:\/\/as-schwabe.de\/pl\/wp-json\/wp\/v2\/product_cat?post=32716"},{"taxonomy":"product_tag","embeddable":true,"href":"https:\/\/as-schwabe.de\/pl\/wp-json\/wp\/v2\/product_tag?post=32716"}],"curies":[{"name":"wp","href":"https:\/\/api.w.org\/{rel}","templated":true}]}}