{"id":32715,"date":"2025-09-26T23:35:51","date_gmt":"2025-09-26T23:35:51","guid":{"rendered":"https:\/\/as-schwabe.de\/?post_type=product&#038;p=32715"},"modified":"2025-10-23T00:18:52","modified_gmt":"2025-10-23T00:18:52","slug":"licznik-energii-elektrycznej-1-fazowy-62511","status":"publish","type":"product","link":"https:\/\/as-schwabe.de\/pl\/produkt\/licznik-energii-elektrycznej-1-fazowy-62511\/","title":{"rendered":"Licznik energii elektrycznej 1-fazowy | 62511"},"content":{"rendered":"<p>Licznik energii elektrycznej 1-fazowy, modu\u0142owy do monta\u017cu na szynie DIN, to niezawodne urz\u0105dzenie przeznaczone do precyzyjnego pomiaru zu\u017cycia energii w r\u00f3\u017cnych zastosowaniach. Posiada analogowy wska\u017anik z rozdzielczo\u015bci\u0105 1000 impuls\u00f3w na kWh oraz zakres pr\u0105dowy od 0,25 A do 5 A, co pozwala na obs\u0142ug\u0119 maksymalnego obci\u0105\u017cenia do 45 A. Wyposa\u017cony w wy\u015bwietlacz z 5+1 cyframi, licznik umo\u017cliwia \u015bledzenie maksymalnej warto\u015bci zu\u017cycia energii do 99999,9 kWh, co zapewnia pe\u0142n\u0105 kontrol\u0119 nad konsumpcj\u0105 energii. Urz\u0105dzenie nie posiada funkcji resetowania, co gwarantuje sta\u0142y dost\u0119p do danych historycznych. Zgodno\u015b\u0107 z dyrektyw\u0105 MID potwierdza wysok\u0105 jako\u015b\u0107 oraz precyzyjno\u015b\u0107 pomiar\u00f3w, co czyni go idealnym rozwi\u0105zaniem dla u\u017cytkownik\u00f3w poszukuj\u0105cych wydajnych i rzetelnych narz\u0119dzi do monitorowania zu\u017cycia energii.<\/p>","protected":false},"excerpt":{"rendered":"<div class=\"icons\" style=\"display: flex; flex-wrap: wrap; gap: 5px; align-items: center; margin-top: 10px;\"><img decoding=\"async\" src=\"https:\/\/as-schwabe.de\/wp-content\/uploads\/ikony\/znak_CE.png\" alt=\"\" width=\"50\" height=\"50\" \/><img decoding=\"async\" src=\"https:\/\/as-schwabe.de\/wp-content\/uploads\/ikony\/znak_PB.png\" alt=\"\" width=\"50\" height=\"50\" \/><img decoding=\"async\" src=\"https:\/\/as-schwabe.de\/wp-content\/uploads\/ikony\/znak_Z.png\" alt=\"\" width=\"50\" height=\"50\" \/><img loading=\"lazy\" decoding=\"async\" src=\"https:\/\/as-schwabe.de\/wp-content\/uploads\/ikony\/znak_D.png\" alt=\"\" width=\"50\" height=\"50\" \/><img loading=\"lazy\" decoding=\"async\" src=\"https:\/\/as-schwabe.de\/wp-content\/uploads\/ikony\/znak_DE.png\" alt=\"\" width=\"50\" height=\"40\" \/><\/div>\n<ul>\n<li>Licznik energii elektrycznej 230 V \/ urz\u0105dzenie modu\u0142owe do monta\u017cu na szynie <\/li>\n<li>zgodny z MID i odpowiedni do cel\u00f3w rozliczeniowych <\/li>\n<li>klasa dok\u0142adno\u015bci B <\/li>\n<li>licznik analogowy: 5+1 cyfra, mo\u017cliwy do odczytania w dowolnym momencie <\/li>\n<li>odczyt dla maks. 99 999,9 kWh <\/li>\n<li>licznika analogowego nie mo\u017cna zresetowa\u0107 do 0 <\/li>\n<li>pr\u0105d 0,25-5 A (maks. 45 A) <\/li>\n<li>Temperatura pracy od -30\u00b0C do +50\u00b0C <\/li>\n<li>SDM 120 A, 230 V, 50 Hz <\/li>\n<li>S0: 1000 imp\/kWh <\/li>\n<li>wymiary wys. x szer. x g\u0142.: 119 x 17,5 x 62 mm<\/li>\n<\/ul>","protected":false},"featured_media":31837,"template":"","meta":{"inline_featured_image":false},"genre":[509],"product_cat":[580,588],"product_tag":[],"class_list":{"0":"post-32715","1":"product","2":"type-product","3":"status-publish","4":"has-post-thumbnail","6":"product_brand-as-schwabe-pl","7":"product_cat-liczniki-energii-elektrycznej-i-ograniczniki-pradu-rozruchowego-pl","8":"product_cat-liczniki-energii-elektrycznej-pl","10":"first","11":"instock","12":"shipping-taxable","13":"product-type-simple"},"aioseo_notices":[],"_links":{"self":[{"href":"https:\/\/as-schwabe.de\/pl\/wp-json\/wp\/v2\/product\/32715","targetHints":{"allow":["GET"]}}],"collection":[{"href":"https:\/\/as-schwabe.de\/pl\/wp-json\/wp\/v2\/product"}],"about":[{"href":"https:\/\/as-schwabe.de\/pl\/wp-json\/wp\/v2\/types\/product"}],"version-history":[{"count":0,"href":"https:\/\/as-schwabe.de\/pl\/wp-json\/wp\/v2\/product\/32715\/revisions"}],"wp:featuredmedia":[{"embeddable":true,"href":"https:\/\/as-schwabe.de\/pl\/wp-json\/wp\/v2\/media\/31837"}],"wp:attachment":[{"href":"https:\/\/as-schwabe.de\/pl\/wp-json\/wp\/v2\/media?parent=32715"}],"wp:term":[{"taxonomy":"product_brand","embeddable":true,"href":"https:\/\/as-schwabe.de\/pl\/wp-json\/wp\/v2\/genre?post=32715"},{"taxonomy":"product_cat","embeddable":true,"href":"https:\/\/as-schwabe.de\/pl\/wp-json\/wp\/v2\/product_cat?post=32715"},{"taxonomy":"product_tag","embeddable":true,"href":"https:\/\/as-schwabe.de\/pl\/wp-json\/wp\/v2\/product_tag?post=32715"}],"curies":[{"name":"wp","href":"https:\/\/api.w.org\/{rel}","templated":true}]}}