{"id":32712,"date":"2025-09-26T23:35:51","date_gmt":"2025-09-26T23:35:51","guid":{"rendered":"https:\/\/as-schwabe.de\/?post_type=product&#038;p=32712"},"modified":"2025-10-23T00:18:51","modified_gmt":"2025-10-23T00:18:51","slug":"wielofunkcyjne-gniazdo-do-wbudowania-cee-230-v-16-a-3p-cza-62474","status":"publish","type":"product","link":"https:\/\/as-schwabe.de\/pl\/produkt\/wielofunkcyjne-gniazdo-do-wbudowania-cee-230-v-16-a-3p-cza-62474\/","title":{"rendered":"Wielofunkcyjne gniazdo do wbudowania CZA 230 V, 16 A, 2P+Z | 62474"},"content":{"rendered":"<p>Wielofunkcyjne gniazdo do wbudowania CEE 230 V, 16 A, 3P to wszechstronne rozwi\u0105zanie zaprojektowane z my\u015bl\u0105 o u\u017cytkownikach poszukuj\u0105cych niezawodnych \u017ar\u00f3de\u0142 zasilania na zewn\u0105trz. Gniazdo posiada jedno wyj\u015bcie CEE 230 V, 16 A oraz dodatkowe z\u0142\u0105cza: dwa gniazda SAT i jedno gniazdo 12 V DC, co sprawia, \u017ce idealnie sprawdzi si\u0119 w r\u00f3\u017cnych aplikacjach, takich jak instalacje w ogrodach, na tarasach czy w obiektach rekreacyjnych. Dzi\u0119ki izolacji IP44, produkt jest odporny na dzia\u0142anie warunk\u00f3w atmosferycznych, co zapewnia jego d\u0142ugotrwa\u0142e i bezpieczne u\u017cytkowanie. Dodatkowo, pokrywa z zamkni\u0119ciem magnetycznym chroni gniazdo przed zanieczyszczeniami oraz przypadkowym otwarciem, co zwi\u0119ksza komfort u\u017cytkowania. Gniazdo w kolorze czarnym doskonale wpisuje si\u0119 w nowoczesne aran\u017cacje, \u0142\u0105cz\u0105c funkcjonalno\u015b\u0107 z estetyk\u0105.<\/p>","protected":false},"excerpt":{"rendered":"<div class=\"icons\" style=\"display: flex; flex-wrap: wrap; gap: 5px; align-items: center; margin-top: 10px;\"><img decoding=\"async\" src=\"https:\/\/as-schwabe.de\/wp-content\/uploads\/ikony\/znak_SCH.png\" alt=\"\" width=\"45\" height=\"50\" \/><img decoding=\"async\" src=\"https:\/\/as-schwabe.de\/wp-content\/uploads\/ikony\/znak_CE.png\" alt=\"\" width=\"50\" height=\"50\" \/><img decoding=\"async\" src=\"https:\/\/as-schwabe.de\/wp-content\/uploads\/ikony\/znak_IP44.png\" alt=\"\" width=\"50\" height=\"50\" \/><img loading=\"lazy\" decoding=\"async\" src=\"https:\/\/as-schwabe.de\/wp-content\/uploads\/ikony\/znak_Z.png\" alt=\"\" width=\"50\" height=\"50\" \/><img loading=\"lazy\" decoding=\"async\" src=\"https:\/\/as-schwabe.de\/wp-content\/uploads\/ikony\/znak_DE.png\" alt=\"\" width=\"50\" height=\"40\" \/><\/div>\n<ul>\n<li>wysokiej jako\u015bci gniazdo podtynkowe do samodzielnego monta\u017cu <\/li>\n<li>IP44: chroniony przed cia\u0142ami obcymi i bryzgami wody <\/li>\n<li>wielofunkcyjne gniazdko do zabudowy o eleganckim wygl\u0105dzie <\/li>\n<li>pokrywa na zawiasach z zamkni\u0119ciem magnetycznym <\/li>\n<li>k\u0105t otwarcia pokrywy 180\u00b0 <\/li>\n<li>wszystkie widoczne cz\u0119\u015bci wykonane z tworzywa sztucznego odpornego na promieniowanie UV <\/li>\n<li>wysoka klasa odporno\u015bci ogniowej 850\u00b0C, tworzywo samogasn\u0105ce <\/li>\n<li>z\u0142\u0105cza: 1x gniazdo z uziemieniem 230 V, 16 A, z uchyln\u0105 klapk\u0105, 2x gniazdo SAT, 1x gniazdo 12 V DC <\/li>\n<li>z du\u017c\u0105 przestrzeni\u0105 przy\u0142\u0105czeniow\u0105 <\/li>\n<li>niska g\u0142\u0119boko\u015b\u0107 monta\u017cu <\/li>\n<li>wymiary ko\u0142nierza wys. x szer. w mm: 145 x 130 <\/li>\n<li>rozstaw otwor\u00f3w wys. x szer. w mm: 94 x 92 <\/li>\n<li>g\u0142\u0119boko\u015b\u0107 monta\u017cu w mm: 66<\/li>\n<\/ul>","protected":false},"featured_media":31814,"template":"","meta":{"inline_featured_image":false},"genre":[509],"product_cat":[515,550],"product_tag":[],"class_list":{"0":"post-32712","1":"product","2":"type-product","3":"status-publish","4":"has-post-thumbnail","6":"product_brand-as-schwabe-pl","7":"product_cat-kemping-i-caravaning-pl","8":"product_cat-gniazda-tablicowe-cee-do-wbudowania-pl","10":"first","11":"instock","12":"shipping-taxable","13":"product-type-simple"},"aioseo_notices":[],"_links":{"self":[{"href":"https:\/\/as-schwabe.de\/pl\/wp-json\/wp\/v2\/product\/32712","targetHints":{"allow":["GET"]}}],"collection":[{"href":"https:\/\/as-schwabe.de\/pl\/wp-json\/wp\/v2\/product"}],"about":[{"href":"https:\/\/as-schwabe.de\/pl\/wp-json\/wp\/v2\/types\/product"}],"version-history":[{"count":0,"href":"https:\/\/as-schwabe.de\/pl\/wp-json\/wp\/v2\/product\/32712\/revisions"}],"wp:featuredmedia":[{"embeddable":true,"href":"https:\/\/as-schwabe.de\/pl\/wp-json\/wp\/v2\/media\/31814"}],"wp:attachment":[{"href":"https:\/\/as-schwabe.de\/pl\/wp-json\/wp\/v2\/media?parent=32712"}],"wp:term":[{"taxonomy":"product_brand","embeddable":true,"href":"https:\/\/as-schwabe.de\/pl\/wp-json\/wp\/v2\/genre?post=32712"},{"taxonomy":"product_cat","embeddable":true,"href":"https:\/\/as-schwabe.de\/pl\/wp-json\/wp\/v2\/product_cat?post=32712"},{"taxonomy":"product_tag","embeddable":true,"href":"https:\/\/as-schwabe.de\/pl\/wp-json\/wp\/v2\/product_tag?post=32712"}],"curies":[{"name":"wp","href":"https:\/\/api.w.org\/{rel}","templated":true}]}}