{"id":32710,"date":"2025-09-26T23:35:50","date_gmt":"2025-09-26T23:35:50","guid":{"rendered":"https:\/\/as-schwabe.de\/?post_type=product&#038;p=32710"},"modified":"2025-10-23T00:18:49","modified_gmt":"2025-10-23T00:18:49","slug":"wtyczka-do-wbudowania-cee-230-v-16-a-3p-pokrywa-antracyt-62472","status":"publish","type":"product","link":"https:\/\/as-schwabe.de\/pl\/produkt\/wtyczka-do-wbudowania-cee-230-v-16-a-3p-pokrywa-antracyt-62472\/","title":{"rendered":"Wtyczka CEE do wbudowania z klapk\u0105 magnetyczn\u0105 230 V, 16 A, 3P ANTRACYT IP44 | 62472"},"content":{"rendered":"<p>Wtyczka do wbudowania CEE 230 V, 16 A, 3P to niezawodne rozwi\u0105zanie do zasilania przyczep kempingowych oraz innych urz\u0105dze\u0144 wymagaj\u0105cych efektywnego po\u0142\u0105czenia elektrycznego. Charakteryzuje si\u0119 stopniem ochrony IP44, co zapewnia jej bezpieczne u\u017cytkowanie na zewn\u0105trz, nawet w trudnych warunkach atmosferycznych. Wbudowana pokrywa z zamkni\u0119ciem magnetycznym chroni z\u0142\u0105cze przed zanieczyszczeniami i wilgoci\u0105, co znacz\u0105co wyd\u0142u\u017ca \u017cywotno\u015b\u0107 produktu. W eleganckim kolorze antracytowym doskonale wpisuje si\u0119 w nowoczesne aran\u017cacje, \u0142\u0105cz\u0105c funkcjonalno\u015b\u0107 z estetyk\u0105. To rozwi\u0105zanie dedykowane dla u\u017cytkownik\u00f3w ceni\u0105cych sobie wygod\u0119 i niezawodno\u015b\u0107 w ka\u017cdych warunkach.<\/p>","protected":false},"excerpt":{"rendered":"<div class=\"icons\" style=\"display: flex; flex-wrap: wrap; gap: 5px; align-items: center; margin-top: 10px;\"><img decoding=\"async\" src=\"https:\/\/as-schwabe.de\/wp-content\/uploads\/ikony\/znak_CE.png\" alt=\"\" width=\"50\" height=\"50\" \/><img decoding=\"async\" src=\"https:\/\/as-schwabe.de\/wp-content\/uploads\/ikony\/znak_IP44.png\" alt=\"\" width=\"50\" height=\"50\" \/><img decoding=\"async\" src=\"https:\/\/as-schwabe.de\/wp-content\/uploads\/ikony\/znak_Z.png\" alt=\"\" width=\"50\" height=\"50\" \/><img loading=\"lazy\" decoding=\"async\" src=\"https:\/\/as-schwabe.de\/wp-content\/uploads\/ikony\/znak_DE.png\" alt=\"\" width=\"50\" height=\"40\" \/><\/div>\n<ul>\n<li>wysokiej jako\u015bci z\u0142\u0105cza zasilaj\u0105ce do samodzielnego monta\u017cu <\/li>\n<li>CEE 230 V, 16 A, 3P <\/li>\n<li>IP44: chroniony przed cia\u0142ami obcymi i bryzgami wody <\/li>\n<li>obudowa o eleganckim wygl\u0105dzie z zamkni\u0119ciem magnetycznym <\/li>\n<li>wszystkie widoczne cz\u0119\u015bci wykonane z tworzywa sztucznego odpornego<br \/>\nna promieniowanie UV <\/li>\n<li>k\u0105t otwarcia pokrywy 180\u00b0 <\/li>\n<li>pokrywa na zawiasach z zamkni\u0119ciem magnetycznym <\/li>\n<li>wysoka klasa odporno\u015bci ogniowej 850\u00b0C, tworzywo samogasn\u0105ce <\/li>\n<li>du\u017ca przestrze\u0144 przy\u0142\u0105czeniowa <\/li>\n<li>niska g\u0142\u0119boko\u015b\u0107 monta\u017cu <\/li>\n<li>wymiary ko\u0142nierza wys. x szer. w mm: 145 x 130 <\/li>\n<li>rozstaw otwor\u00f3w wys. x szer. w mm: 94 x 92 <\/li>\n<li>g\u0142\u0119boko\u015b\u0107 monta\u017cu w mm: 82<\/li>\n<\/ul>","protected":false},"featured_media":31808,"template":"","meta":{"inline_featured_image":false},"genre":[509],"product_cat":[515,577],"product_tag":[],"class_list":{"0":"post-32710","1":"product","2":"type-product","3":"status-publish","4":"has-post-thumbnail","6":"product_brand-as-schwabe-pl","7":"product_cat-kemping-i-caravaning-pl","8":"product_cat-wtyczki-cee-do-wbudowania-pl","10":"first","11":"instock","12":"shipping-taxable","13":"product-type-simple"},"aioseo_notices":[],"_links":{"self":[{"href":"https:\/\/as-schwabe.de\/pl\/wp-json\/wp\/v2\/product\/32710","targetHints":{"allow":["GET"]}}],"collection":[{"href":"https:\/\/as-schwabe.de\/pl\/wp-json\/wp\/v2\/product"}],"about":[{"href":"https:\/\/as-schwabe.de\/pl\/wp-json\/wp\/v2\/types\/product"}],"version-history":[{"count":0,"href":"https:\/\/as-schwabe.de\/pl\/wp-json\/wp\/v2\/product\/32710\/revisions"}],"wp:featuredmedia":[{"embeddable":true,"href":"https:\/\/as-schwabe.de\/pl\/wp-json\/wp\/v2\/media\/31808"}],"wp:attachment":[{"href":"https:\/\/as-schwabe.de\/pl\/wp-json\/wp\/v2\/media?parent=32710"}],"wp:term":[{"taxonomy":"product_brand","embeddable":true,"href":"https:\/\/as-schwabe.de\/pl\/wp-json\/wp\/v2\/genre?post=32710"},{"taxonomy":"product_cat","embeddable":true,"href":"https:\/\/as-schwabe.de\/pl\/wp-json\/wp\/v2\/product_cat?post=32710"},{"taxonomy":"product_tag","embeddable":true,"href":"https:\/\/as-schwabe.de\/pl\/wp-json\/wp\/v2\/product_tag?post=32710"}],"curies":[{"name":"wp","href":"https:\/\/api.w.org\/{rel}","templated":true}]}}