{"id":32709,"date":"2025-09-26T23:35:50","date_gmt":"2025-09-26T23:35:50","guid":{"rendered":"https:\/\/as-schwabe.de\/?post_type=product&#038;p=32709"},"modified":"2025-10-23T00:18:49","modified_gmt":"2025-10-23T00:18:49","slug":"wtyczka-do-wbudowania-cee-230-v-16-a-3p-pokrywa-cza-62471","status":"publish","type":"product","link":"https:\/\/as-schwabe.de\/pl\/produkt\/wtyczka-do-wbudowania-cee-230-v-16-a-3p-pokrywa-cza-62471\/","title":{"rendered":"Wtyczka CEE do wbudowania z klapk\u0105 magnetyczn\u0105 230 V, 16 A, 3P CZA IP44 | 62471"},"content":{"rendered":"<p>Wtyczka do wbudowania CEE 230 V, 16 A, 3P to solidne rozwi\u0105zanie do zasilania przyczep kempingowych, kt\u00f3re zapewnia wygod\u0119 i bezpiecze\u0144stwo podczas u\u017cytkowania na zewn\u0105trz. Dzi\u0119ki stopniowi ochrony IP44 jest odporna na dzia\u0142anie wilgoci i py\u0142u, co czyni j\u0105 idealnym wyborem do u\u017cytku w trudnych warunkach atmosferycznych. Zastosowanie zamkni\u0119cia magnetycznego w pokrywie gwarantuje \u0142atwe otwieranie oraz zamykanie, zapewniaj\u0105c jednocze\u015bnie dodatkow\u0105 ochron\u0119 przed zanieczyszczeniami. Wtyczka w kolorze czarnym \u0142\u0105czy estetyk\u0119 z funkcjonalno\u015bci\u0105, b\u0119d\u0105c nie tylko praktycznym, ale i stylowym elementem wyposa\u017cenia. Jej wysoka jako\u015b\u0107 wykonania zapewnia d\u0142ugotrwa\u0142e i niezawodne u\u017cytkowanie.<\/p>","protected":false},"excerpt":{"rendered":"<div class=\"icons\" style=\"display: flex; flex-wrap: wrap; gap: 5px; align-items: center; margin-top: 10px;\"><img decoding=\"async\" src=\"https:\/\/as-schwabe.de\/wp-content\/uploads\/ikony\/znak_CE.png\" alt=\"\" width=\"50\" height=\"50\" \/><img decoding=\"async\" src=\"https:\/\/as-schwabe.de\/wp-content\/uploads\/ikony\/znak_IP44.png\" alt=\"\" width=\"50\" height=\"50\" \/><img decoding=\"async\" src=\"https:\/\/as-schwabe.de\/wp-content\/uploads\/ikony\/znak_Z.png\" alt=\"\" width=\"50\" height=\"50\" \/><img loading=\"lazy\" decoding=\"async\" src=\"https:\/\/as-schwabe.de\/wp-content\/uploads\/ikony\/znak_DE.png\" alt=\"\" width=\"50\" height=\"40\" \/><\/div>\n<ul>\n<li>wysokiej jako\u015bci z\u0142\u0105cza zasilaj\u0105ce do samodzielnego monta\u017cu <\/li>\n<li>CEE 230 V, 16 A, 3P <\/li>\n<li>IP44: chroniony przed cia\u0142ami obcymi i bryzgami wody <\/li>\n<li>obudowa o eleganckim wygl\u0105dzie z zamkni\u0119ciem magnetycznym <\/li>\n<li>wszystkie widoczne cz\u0119\u015bci wykonane z tworzywa sztucznego odpornego<br \/>\nna promieniowanie UV <\/li>\n<li>k\u0105t otwarcia pokrywy 180\u00b0 <\/li>\n<li>pokrywa na zawiasach z zamkni\u0119ciem magnetycznym <\/li>\n<li>wysoka klasa odporno\u015bci ogniowej 850\u00b0C, tworzywo samogasn\u0105ce <\/li>\n<li>du\u017ca przestrze\u0144 przy\u0142\u0105czeniowa <\/li>\n<li>niska g\u0142\u0119boko\u015b\u0107 monta\u017cu <\/li>\n<li>wymiary ko\u0142nierza wys. x szer. w mm: 145 x 130 <\/li>\n<li>rozstaw otwor\u00f3w wys. x szer. w mm: 94 x 92 <\/li>\n<li>g\u0142\u0119boko\u015b\u0107 monta\u017cu w mm: 82<\/li>\n<\/ul>","protected":false},"featured_media":31801,"template":"","meta":{"inline_featured_image":false},"genre":[509],"product_cat":[515,577],"product_tag":[],"class_list":{"0":"post-32709","1":"product","2":"type-product","3":"status-publish","4":"has-post-thumbnail","6":"product_brand-as-schwabe-pl","7":"product_cat-kemping-i-caravaning-pl","8":"product_cat-wtyczki-cee-do-wbudowania-pl","10":"first","11":"instock","12":"shipping-taxable","13":"product-type-simple"},"aioseo_notices":[],"_links":{"self":[{"href":"https:\/\/as-schwabe.de\/pl\/wp-json\/wp\/v2\/product\/32709","targetHints":{"allow":["GET"]}}],"collection":[{"href":"https:\/\/as-schwabe.de\/pl\/wp-json\/wp\/v2\/product"}],"about":[{"href":"https:\/\/as-schwabe.de\/pl\/wp-json\/wp\/v2\/types\/product"}],"version-history":[{"count":0,"href":"https:\/\/as-schwabe.de\/pl\/wp-json\/wp\/v2\/product\/32709\/revisions"}],"wp:featuredmedia":[{"embeddable":true,"href":"https:\/\/as-schwabe.de\/pl\/wp-json\/wp\/v2\/media\/31801"}],"wp:attachment":[{"href":"https:\/\/as-schwabe.de\/pl\/wp-json\/wp\/v2\/media?parent=32709"}],"wp:term":[{"taxonomy":"product_brand","embeddable":true,"href":"https:\/\/as-schwabe.de\/pl\/wp-json\/wp\/v2\/genre?post=32709"},{"taxonomy":"product_cat","embeddable":true,"href":"https:\/\/as-schwabe.de\/pl\/wp-json\/wp\/v2\/product_cat?post=32709"},{"taxonomy":"product_tag","embeddable":true,"href":"https:\/\/as-schwabe.de\/pl\/wp-json\/wp\/v2\/product_tag?post=32709"}],"curies":[{"name":"wp","href":"https:\/\/api.w.org\/{rel}","templated":true}]}}