{"id":32707,"date":"2025-09-26T23:35:49","date_gmt":"2025-09-26T23:35:49","guid":{"rendered":"https:\/\/as-schwabe.de\/?post_type=product&#038;p=32707"},"modified":"2025-10-23T00:18:48","modified_gmt":"2025-10-23T00:18:48","slug":"gniazdo-potrojne-z-uziemieniem-uklad-poziomy-230-v-16-a-62464","status":"publish","type":"product","link":"https:\/\/as-schwabe.de\/pl\/produkt\/gniazdo-potrojne-z-uziemieniem-uklad-poziomy-230-v-16-a-62464\/","title":{"rendered":"Gniazdo potr\u00f3jne z uziemieniem, uk\u0142ad poziomy 230 V, 16 A IP54 | 62464"},"content":{"rendered":"<p>Gniazdo potr\u00f3jne z uziemieniem o poziomym uk\u0142adzie to wydajne rozwi\u0105zanie do zasilania urz\u0105dze\u0144 elektrycznych w trudnych warunkach, z oznaczeniem IP54, co zapewnia ochron\u0119 przed py\u0142em oraz wilgoci\u0105. Przeznaczone do pracy na napi\u0119ciu 230 V i nat\u0119\u017ceniu do 16 A, gniazdo doskonale sprawdzi si\u0119 w zastosowaniach zar\u00f3wno wewn\u0119trznych, jak i zewn\u0119trznych, takich jak budowy, ogrody czy warsztaty. Solidna konstrukcja i wysoka jako\u015b\u0107 materia\u0142\u00f3w gwarantuj\u0105 d\u0142ugotrwa\u0142e u\u017cytkowanie oraz bezpiecze\u0144stwo u\u017cytkownika. Zastosowanie uziemienia zwi\u0119ksza poziom ochrony, eliminuj\u0105c ryzyko pora\u017cenia pr\u0105dem. Dzi\u0119ki trzem gniazdom, u\u017cytkownik zyskuje mo\u017cliwo\u015b\u0107 jednoczesnego pod\u0142\u0105czenia kilku urz\u0105dze\u0144, co podnosi komfort i funkcjonalno\u015b\u0107 miejsca pracy.<\/p>","protected":false},"excerpt":{"rendered":"<div class=\"icons\" style=\"display: flex; flex-wrap: wrap; gap: 5px; align-items: center; margin-top: 10px;\"><img decoding=\"async\" src=\"https:\/\/as-schwabe.de\/wp-content\/uploads\/ikony\/znak_CE.png\" alt=\"\" width=\"50\" height=\"50\" \/><img decoding=\"async\" src=\"https:\/\/as-schwabe.de\/wp-content\/uploads\/ikony\/znak_IP54.png\" alt=\"\" width=\"50\" height=\"50\" \/><img decoding=\"async\" src=\"https:\/\/as-schwabe.de\/wp-content\/uploads\/ikony\/znak_Z.png\" alt=\"\" width=\"50\" height=\"50\" \/><img loading=\"lazy\" decoding=\"async\" src=\"https:\/\/as-schwabe.de\/wp-content\/uploads\/ikony\/znak_D.png\" alt=\"\" width=\"50\" height=\"50\" \/><img loading=\"lazy\" decoding=\"async\" src=\"https:\/\/as-schwabe.de\/wp-content\/uploads\/ikony\/znak_DE.png\" alt=\"\" width=\"50\" height=\"40\" \/><\/div>\n<ul>\n<li>Gniazdo potr\u00f3jne poziome <\/li>\n<li>wytrzyma\u0142a obudowa z tworzywa termoplastycznego <\/li>\n<li>du\u017ca odporno\u015b\u0107 na promieniowanie UV <\/li>\n<li>z zaciskami spr\u0119\u017cynowymi <\/li>\n<li>du\u017ca przestrze\u0144 na rozbudowane okablowanie <\/li>\n<li>do pod\u0142\u0105czenia przewod\u00f3w o \u015brednicy maks. 2,5 mm2 <\/li>\n<li>kolor: jasnoszary\/stalowoszary <\/li>\n<li>IP54: odporny na kurz i zachlapania, odpowiedni do wilgotnych pomieszcze\u0144 i u\u017cytku na zewn\u0105trz<\/li>\n<\/ul>","protected":false},"featured_media":31799,"template":"","meta":{"inline_featured_image":false},"genre":[509],"product_cat":[523,594],"product_tag":[],"class_list":{"0":"post-32707","1":"product","2":"type-product","3":"status-publish","4":"has-post-thumbnail","6":"product_brand-as-schwabe-pl","7":"product_cat-produkty-do-samodzielnego-montazu-pl","8":"product_cat-przelaczniki-i-gniazda-natynkowe-pl","10":"first","11":"instock","12":"shipping-taxable","13":"product-type-simple"},"aioseo_notices":[],"_links":{"self":[{"href":"https:\/\/as-schwabe.de\/pl\/wp-json\/wp\/v2\/product\/32707","targetHints":{"allow":["GET"]}}],"collection":[{"href":"https:\/\/as-schwabe.de\/pl\/wp-json\/wp\/v2\/product"}],"about":[{"href":"https:\/\/as-schwabe.de\/pl\/wp-json\/wp\/v2\/types\/product"}],"version-history":[{"count":0,"href":"https:\/\/as-schwabe.de\/pl\/wp-json\/wp\/v2\/product\/32707\/revisions"}],"wp:featuredmedia":[{"embeddable":true,"href":"https:\/\/as-schwabe.de\/pl\/wp-json\/wp\/v2\/media\/31799"}],"wp:attachment":[{"href":"https:\/\/as-schwabe.de\/pl\/wp-json\/wp\/v2\/media?parent=32707"}],"wp:term":[{"taxonomy":"product_brand","embeddable":true,"href":"https:\/\/as-schwabe.de\/pl\/wp-json\/wp\/v2\/genre?post=32707"},{"taxonomy":"product_cat","embeddable":true,"href":"https:\/\/as-schwabe.de\/pl\/wp-json\/wp\/v2\/product_cat?post=32707"},{"taxonomy":"product_tag","embeddable":true,"href":"https:\/\/as-schwabe.de\/pl\/wp-json\/wp\/v2\/product_tag?post=32707"}],"curies":[{"name":"wp","href":"https:\/\/api.w.org\/{rel}","templated":true}]}}