{"id":32706,"date":"2025-09-26T23:35:49","date_gmt":"2025-09-26T23:35:49","guid":{"rendered":"https:\/\/as-schwabe.de\/?post_type=product&#038;p=32706"},"modified":"2025-10-23T00:18:48","modified_gmt":"2025-10-23T00:18:48","slug":"gniazdo-podwojne-z-uziemieniem-uklad-poziomy-230-v-16-a-62463","status":"publish","type":"product","link":"https:\/\/as-schwabe.de\/pl\/produkt\/gniazdo-podwojne-z-uziemieniem-uklad-poziomy-230-v-16-a-62463\/","title":{"rendered":"Gniazdo podw\u00f3jne z uziemieniem, uk\u0142ad poziomy 230 V, 16 A IP54 | 62463"},"content":{"rendered":"<p>Gniazdo podw\u00f3jne z uziemieniem, uk\u0142ad poziomy 230 V, 16 A IP54 to zaawansowane rozwi\u0105zanie elektrotechniczne, kt\u00f3re zapewnia wysok\u0105 poziom ochrony oraz funkcjonalno\u015b\u0107 w r\u00f3\u017cnych zastosowaniach. Dzi\u0119ki klasie ochrony IP54, gniazdo jest odporne na py\u0142 oraz zachlapania wod\u0105, co czyni je idealnym wyborem do u\u017cytku zar\u00f3wno wewn\u0119trznego, jak i zewn\u0119trznego. Uziemienie gwarantuje dodatkowe bezpiecze\u0144stwo, minimalizuj\u0105c ryzyko pora\u017cenia pr\u0105dem. Wysoka warto\u015b\u0107 nat\u0119\u017cenia 16 A sprawia, \u017ce produkt jest idealny do zasilania r\u00f3\u017cnorodnych urz\u0105dze\u0144 elektrycznych, a poziomy uk\u0142ad pozwala na estetyczne i wygodne rozmieszczenie w instalacjach. Ten produkt to doskona\u0142e po\u0142\u0105czenie bezpiecze\u0144stwa, trwa\u0142o\u015bci i funkcjonalno\u015bci, co czyni go niezast\u0105pionym elementem ka\u017cdej instalacji elektrycznej.<\/p>","protected":false},"excerpt":{"rendered":"<div class=\"icons\" style=\"display: flex; flex-wrap: wrap; gap: 5px; align-items: center; margin-top: 10px;\"><img decoding=\"async\" src=\"https:\/\/as-schwabe.de\/wp-content\/uploads\/ikony\/znak_CE.png\" alt=\"\" width=\"50\" height=\"50\" \/><img decoding=\"async\" src=\"https:\/\/as-schwabe.de\/wp-content\/uploads\/ikony\/znak_IP54.png\" alt=\"\" width=\"50\" height=\"50\" \/><img decoding=\"async\" src=\"https:\/\/as-schwabe.de\/wp-content\/uploads\/ikony\/znak_Z.png\" alt=\"\" width=\"50\" height=\"50\" \/><img loading=\"lazy\" decoding=\"async\" src=\"https:\/\/as-schwabe.de\/wp-content\/uploads\/ikony\/znak_D.png\" alt=\"\" width=\"50\" height=\"50\" \/><img loading=\"lazy\" decoding=\"async\" src=\"https:\/\/as-schwabe.de\/wp-content\/uploads\/ikony\/znak_DE.png\" alt=\"\" width=\"50\" height=\"40\" \/><\/div>\n<ul>\n<li>Gniazdo podw\u00f3jne poziome <\/li>\n<li>wytrzyma\u0142a obudowa z tworzywa termoplastycznego <\/li>\n<li>du\u017ca odporno\u015b\u0107 na promieniowanie UV <\/li>\n<li>z zaciskami spr\u0119\u017cynowymi <\/li>\n<li>du\u017ca przestrze\u0144 na rozbudowane okablowanie <\/li>\n<li>do pod\u0142\u0105czenia przewod\u00f3w o \u015brednicy maks. 2,5 mm2 <\/li>\n<li>kolor: jasnoszary\/stalowoszary <\/li>\n<li>IP54: odporny na kurz i zachlapania, odpowiedni do wilgotnych pomieszcze\u0144 i u\u017cytku na zewn\u0105trz<\/li>\n<\/ul>","protected":false},"featured_media":31797,"template":"","meta":{"inline_featured_image":false},"genre":[509],"product_cat":[523,594],"product_tag":[],"class_list":{"0":"post-32706","1":"product","2":"type-product","3":"status-publish","4":"has-post-thumbnail","6":"product_brand-as-schwabe-pl","7":"product_cat-produkty-do-samodzielnego-montazu-pl","8":"product_cat-przelaczniki-i-gniazda-natynkowe-pl","10":"first","11":"instock","12":"shipping-taxable","13":"product-type-simple"},"aioseo_notices":[],"_links":{"self":[{"href":"https:\/\/as-schwabe.de\/pl\/wp-json\/wp\/v2\/product\/32706","targetHints":{"allow":["GET"]}}],"collection":[{"href":"https:\/\/as-schwabe.de\/pl\/wp-json\/wp\/v2\/product"}],"about":[{"href":"https:\/\/as-schwabe.de\/pl\/wp-json\/wp\/v2\/types\/product"}],"version-history":[{"count":0,"href":"https:\/\/as-schwabe.de\/pl\/wp-json\/wp\/v2\/product\/32706\/revisions"}],"wp:featuredmedia":[{"embeddable":true,"href":"https:\/\/as-schwabe.de\/pl\/wp-json\/wp\/v2\/media\/31797"}],"wp:attachment":[{"href":"https:\/\/as-schwabe.de\/pl\/wp-json\/wp\/v2\/media?parent=32706"}],"wp:term":[{"taxonomy":"product_brand","embeddable":true,"href":"https:\/\/as-schwabe.de\/pl\/wp-json\/wp\/v2\/genre?post=32706"},{"taxonomy":"product_cat","embeddable":true,"href":"https:\/\/as-schwabe.de\/pl\/wp-json\/wp\/v2\/product_cat?post=32706"},{"taxonomy":"product_tag","embeddable":true,"href":"https:\/\/as-schwabe.de\/pl\/wp-json\/wp\/v2\/product_tag?post=32706"}],"curies":[{"name":"wp","href":"https:\/\/api.w.org\/{rel}","templated":true}]}}