{"id":32704,"date":"2025-09-26T23:35:49","date_gmt":"2025-09-26T23:35:49","guid":{"rendered":"https:\/\/as-schwabe.de\/?post_type=product&#038;p=32704"},"modified":"2025-10-23T00:18:47","modified_gmt":"2025-10-23T00:18:47","slug":"gniazdo-pojedyncze-z-uziemieniem-zamykane-na-kluczyk-62461","status":"publish","type":"product","link":"https:\/\/as-schwabe.de\/pl\/produkt\/gniazdo-pojedyncze-z-uziemieniem-zamykane-na-kluczyk-62461\/","title":{"rendered":"Gniazdo pojedyncze z uziemieniem zamykane na kluczyk 230 V, 16 A IP54 | 62461"},"content":{"rendered":"<p>Gniazdo pojedyncze z uziemieniem zamykane na kluczyk 230 V, 16 A IP54 to innowacyjne rozwi\u0105zanie, kt\u00f3re zapewnia bezpiecze\u0144stwo w u\u017cytkowaniu urz\u0105dze\u0144 elektrycznych w trudnych warunkach. Dzi\u0119ki stopniowi ochrony IP54, gniazdo jest odporne na kurz oraz wilgo\u0107, co czyni je idealnym do zastosowa\u0144 w przemy\u015ble, warsztatach oraz na zewn\u0119trznych terenach. Mechanizm zamykany na kluczyk zwi\u0119ksza bezpiecze\u0144stwo, uniemo\u017cliwiaj\u0105c dost\u0119p do gniazda osobom nieuprawnionym. Z uwagi na wyspecjalizowane parametry techniczne, takie jak maksymalne obci\u0105\u017cenie 16 A, gniazdo to sprawdzi si\u0119 w r\u00f3\u017cnorodnych aplikacjach, zapewniaj\u0105c stabilne zasilanie dla sprz\u0119tu elektrycznego. Dodatkowo, mo\u017cliwo\u015b\u0107 uziemienia zwi\u0119ksza ochron\u0119 przed pora\u017ceniem elektrycznym, co czyni to gniazdo niezawodnym wyborem dla \u015bwiadomych u\u017cytkownik\u00f3w.<\/p>","protected":false},"excerpt":{"rendered":"<div class=\"icons\" style=\"display: flex; flex-wrap: wrap; gap: 5px; align-items: center; margin-top: 10px;\"><img decoding=\"async\" src=\"https:\/\/as-schwabe.de\/wp-content\/uploads\/ikony\/znak_CE.png\" alt=\"\" width=\"50\" height=\"50\" \/><img decoding=\"async\" src=\"https:\/\/as-schwabe.de\/wp-content\/uploads\/ikony\/znak_IP54.png\" alt=\"\" width=\"50\" height=\"50\" \/><img decoding=\"async\" src=\"https:\/\/as-schwabe.de\/wp-content\/uploads\/ikony\/znak_Z.png\" alt=\"\" width=\"50\" height=\"50\" \/><img loading=\"lazy\" decoding=\"async\" src=\"https:\/\/as-schwabe.de\/wp-content\/uploads\/ikony\/znak_D.png\" alt=\"\" width=\"50\" height=\"50\" \/><img loading=\"lazy\" decoding=\"async\" src=\"https:\/\/as-schwabe.de\/wp-content\/uploads\/ikony\/znak_DE.png\" alt=\"\" width=\"50\" height=\"40\" \/><\/div>\n<ul>\n<li>Gniazdo pojedyncze z uziemieniem zamykane na klucz <\/li>\n<li>wytrzyma\u0142a obudowa z tworzywa termoplastycznego <\/li>\n<li>du\u017ca odporno\u015b\u0107 na promieniowanie UV <\/li>\n<li>z zaciskami spr\u0119\u017cynowymi <\/li>\n<li>du\u017ca przestrze\u0144 na rozbudowane okablowanie <\/li>\n<li>do pod\u0142\u0105czenia przewod\u00f3w o \u015brednicy maks. 2,5 mm2 <\/li>\n<li>kolor: jasnoszary\/stalowoszary <\/li>\n<li>IP54: odporny na kurz i zachlapania, odpowiedni do wilgotnych pomieszcze\u0144 i u\u017cytku na zewn\u0105trz<\/li>\n<\/ul>","protected":false},"featured_media":31792,"template":"","meta":{"inline_featured_image":false},"genre":[509],"product_cat":[523,594],"product_tag":[],"class_list":{"0":"post-32704","1":"product","2":"type-product","3":"status-publish","4":"has-post-thumbnail","6":"product_brand-as-schwabe-pl","7":"product_cat-produkty-do-samodzielnego-montazu-pl","8":"product_cat-przelaczniki-i-gniazda-natynkowe-pl","10":"first","11":"instock","12":"shipping-taxable","13":"product-type-simple"},"aioseo_notices":[],"_links":{"self":[{"href":"https:\/\/as-schwabe.de\/pl\/wp-json\/wp\/v2\/product\/32704","targetHints":{"allow":["GET"]}}],"collection":[{"href":"https:\/\/as-schwabe.de\/pl\/wp-json\/wp\/v2\/product"}],"about":[{"href":"https:\/\/as-schwabe.de\/pl\/wp-json\/wp\/v2\/types\/product"}],"version-history":[{"count":0,"href":"https:\/\/as-schwabe.de\/pl\/wp-json\/wp\/v2\/product\/32704\/revisions"}],"wp:featuredmedia":[{"embeddable":true,"href":"https:\/\/as-schwabe.de\/pl\/wp-json\/wp\/v2\/media\/31792"}],"wp:attachment":[{"href":"https:\/\/as-schwabe.de\/pl\/wp-json\/wp\/v2\/media?parent=32704"}],"wp:term":[{"taxonomy":"product_brand","embeddable":true,"href":"https:\/\/as-schwabe.de\/pl\/wp-json\/wp\/v2\/genre?post=32704"},{"taxonomy":"product_cat","embeddable":true,"href":"https:\/\/as-schwabe.de\/pl\/wp-json\/wp\/v2\/product_cat?post=32704"},{"taxonomy":"product_tag","embeddable":true,"href":"https:\/\/as-schwabe.de\/pl\/wp-json\/wp\/v2\/product_tag?post=32704"}],"curies":[{"name":"wp","href":"https:\/\/api.w.org\/{rel}","templated":true}]}}