{"id":32703,"date":"2025-09-26T23:35:49","date_gmt":"2025-09-26T23:35:49","guid":{"rendered":"https:\/\/as-schwabe.de\/?post_type=product&#038;p=32703"},"modified":"2025-10-23T00:18:46","modified_gmt":"2025-10-23T00:18:46","slug":"gniazdo-pojedyncze-z-uziemieniem-230-v-16-a-ip54-62460","status":"publish","type":"product","link":"https:\/\/as-schwabe.de\/pl\/produkt\/gniazdo-pojedyncze-z-uziemieniem-230-v-16-a-ip54-62460\/","title":{"rendered":"Gniazdo pojedyncze z uziemieniem 230 V, 16 A IP54 | 62460"},"content":{"rendered":"<p>Gniazdo pojedyncze z uziemieniem 230 V, 16 A IP54 to solidne rozwi\u0105zanie przeznaczone do u\u017cytku w warunkach zewn\u0119trznych oraz w pomieszczeniach o podwy\u017cszonej wilgotno\u015bci. Dzi\u0119ki klasie szczelno\u015bci IP54, gniazdo skutecznie chroni przed kurzem oraz spluni\u0119ciem wody, co czyni je idealnym wyborem do ogrod\u00f3w, na tarasy czy w obiektach przemys\u0142owych. Uziemienie zapewnia dodatkowe bezpiecze\u0144stwo u\u017cytkowania, minimalizuj\u0105c ryzyko pora\u017cenia pr\u0105dem. Produkt charakteryzuje si\u0119 wysok\u0105 trwa\u0142o\u015bci\u0105 oraz odporno\u015bci\u0105 na dzia\u0142anie czynnik\u00f3w atmosferycznych, co gwarantuje d\u0142ugotrwa\u0142e i bezawaryjne u\u017cytkowanie. Idealnie sprawdzi si\u0119 w instalacjach elektrycznych, gdzie wymagane jest zapewnienie wydajno\u015bci i bezpiecze\u0144stwa.<\/p>","protected":false},"excerpt":{"rendered":"<div class=\"icons\" style=\"display: flex; flex-wrap: wrap; gap: 5px; align-items: center; margin-top: 10px;\"><img decoding=\"async\" src=\"https:\/\/as-schwabe.de\/wp-content\/uploads\/ikony\/znak_CE.png\" alt=\"\" width=\"50\" height=\"50\" \/><img decoding=\"async\" src=\"https:\/\/as-schwabe.de\/wp-content\/uploads\/ikony\/znak_IP54.png\" alt=\"\" width=\"50\" height=\"50\" \/><img decoding=\"async\" src=\"https:\/\/as-schwabe.de\/wp-content\/uploads\/ikony\/znak_Z.png\" alt=\"\" width=\"50\" height=\"50\" \/><img loading=\"lazy\" decoding=\"async\" src=\"https:\/\/as-schwabe.de\/wp-content\/uploads\/ikony\/znak_D.png\" alt=\"\" width=\"50\" height=\"50\" \/><img loading=\"lazy\" decoding=\"async\" src=\"https:\/\/as-schwabe.de\/wp-content\/uploads\/ikony\/znak_DE.png\" alt=\"\" width=\"50\" height=\"40\" \/><\/div>\n<ul>\n<li>Gniazdo pojedyncze z uziemieniem <\/li>\n<li>wytrzyma\u0142a obudowa z tworzywa termoplastycznego <\/li>\n<li>du\u017ca odporno\u015b\u0107 na promieniowanie UV <\/li>\n<li>z zaciskami spr\u0119\u017cynowymi <\/li>\n<li>du\u017ca przestrze\u0144 na rozbudowane okablowanie <\/li>\n<li>do pod\u0142\u0105czenia przewod\u00f3w o \u015brednicy maks. 2,5 mm2 <\/li>\n<li>kolor: jasnoszary\/stalowoszary <\/li>\n<li>IP54: odporny na kurz i zachlapania, odpowiedni do wilgotnych pomieszcze\u0144 i u\u017cytku na zewn\u0105trz<\/li>\n<\/ul>","protected":false},"featured_media":31789,"template":"","meta":{"inline_featured_image":false},"genre":[509],"product_cat":[523,594],"product_tag":[],"class_list":{"0":"post-32703","1":"product","2":"type-product","3":"status-publish","4":"has-post-thumbnail","6":"product_brand-as-schwabe-pl","7":"product_cat-produkty-do-samodzielnego-montazu-pl","8":"product_cat-przelaczniki-i-gniazda-natynkowe-pl","10":"first","11":"instock","12":"shipping-taxable","13":"product-type-simple"},"aioseo_notices":[],"_links":{"self":[{"href":"https:\/\/as-schwabe.de\/pl\/wp-json\/wp\/v2\/product\/32703","targetHints":{"allow":["GET"]}}],"collection":[{"href":"https:\/\/as-schwabe.de\/pl\/wp-json\/wp\/v2\/product"}],"about":[{"href":"https:\/\/as-schwabe.de\/pl\/wp-json\/wp\/v2\/types\/product"}],"version-history":[{"count":0,"href":"https:\/\/as-schwabe.de\/pl\/wp-json\/wp\/v2\/product\/32703\/revisions"}],"wp:featuredmedia":[{"embeddable":true,"href":"https:\/\/as-schwabe.de\/pl\/wp-json\/wp\/v2\/media\/31789"}],"wp:attachment":[{"href":"https:\/\/as-schwabe.de\/pl\/wp-json\/wp\/v2\/media?parent=32703"}],"wp:term":[{"taxonomy":"product_brand","embeddable":true,"href":"https:\/\/as-schwabe.de\/pl\/wp-json\/wp\/v2\/genre?post=32703"},{"taxonomy":"product_cat","embeddable":true,"href":"https:\/\/as-schwabe.de\/pl\/wp-json\/wp\/v2\/product_cat?post=32703"},{"taxonomy":"product_tag","embeddable":true,"href":"https:\/\/as-schwabe.de\/pl\/wp-json\/wp\/v2\/product_tag?post=32703"}],"curies":[{"name":"wp","href":"https:\/\/api.w.org\/{rel}","templated":true}]}}