{"id":32683,"date":"2025-09-26T23:35:29","date_gmt":"2025-09-26T23:35:29","guid":{"rendered":"https:\/\/as-schwabe.de\/produkt\/przedluzacz-1-gniazdowy-schukoultra-pro-h07rn-f-3g25-25-m-62253\/"},"modified":"2025-10-23T00:18:35","modified_gmt":"2025-10-23T00:18:35","slug":"przedluzacz-1-gniazdowy-schukoultra-pro-h07rn-f-3g25-25-m-62253","status":"publish","type":"product","link":"https:\/\/as-schwabe.de\/pl\/produkt\/przedluzacz-1-gniazdowy-schukoultra-pro-h07rn-f-3g25-25-m-62253\/","title":{"rendered":"Przed\u0142u\u017cacz 1-gniazdowy SCHUKOultra Pro 25 m H07RN-F 3G2,5 CZA IP54 | 62253"},"content":{"rendered":"<p>Przed\u0142u\u017cacz 1-gniazdowy SCHUKOultra Pro o d\u0142ugo\u015bci 25 m to doskona\u0142e rozwi\u0105zanie dla os\u00f3b potrzebuj\u0105cych niezawodnego zasilania w trudnych warunkach, zar\u00f3wno na zewn\u0105trz, jak i na budowie. Dzi\u0119ki zastosowanej wtyczce oraz gniazdku z serii SCHUKOultra Pro, wyr\u00f3\u017cniaj\u0105cych si\u0119 kolorystyk\u0105 czerwono-czarn\u0105, produkt zapewnia maksymalne napi\u0119cie 230 V i pr\u0105d do 16 A (3500 W), co czyni go idealnym do zasilania r\u00f3\u017cnego rodzaju urz\u0105dze\u0144 elektrycznych. Przew\u00f3d wykonany w standardzie H07RN-F 3G2,5 gwarantuje wysok\u0105 odporno\u015b\u0107 na uszkodzenia mechaniczne oraz dzia\u0142anie warunk\u00f3w atmosferycznych, a klasa szczelno\u015bci IP54 zapewnia ochron\u0119 przed wilgoci\u0105 i py\u0142em. Przed\u0142u\u017cacz SCHUKOultra Pro to solidny i praktyczny wyb\u00f3r dla profesjonalist\u00f3w oraz u\u017cytkownik\u00f3w domowych, poszukuj\u0105cych wydajnych rozwi\u0105za\u0144 w zakresie zasilania.<\/p>","protected":false},"excerpt":{"rendered":"<div class=\"icons\" style=\"display: flex; flex-wrap: wrap; gap: 5px; align-items: center; margin-top: 10px;\"><img decoding=\"async\" src=\"https:\/\/as-schwabe.de\/wp-content\/uploads\/ikony\/znak_CE.png\" alt=\"\" width=\"50\" height=\"50\" \/><img decoding=\"async\" src=\"https:\/\/as-schwabe.de\/wp-content\/uploads\/ikony\/znak_IP54.png\" alt=\"\" width=\"50\" height=\"50\" \/><img decoding=\"async\" src=\"https:\/\/as-schwabe.de\/wp-content\/uploads\/ikony\/znak_PB.png\" alt=\"\" width=\"50\" height=\"50\" \/><img loading=\"lazy\" decoding=\"async\" src=\"https:\/\/as-schwabe.de\/wp-content\/uploads\/ikony\/znak_Z.png\" alt=\"\" width=\"50\" height=\"50\" \/><img loading=\"lazy\" decoding=\"async\" src=\"https:\/\/as-schwabe.de\/wp-content\/uploads\/ikony\/znak_D.png\" alt=\"\" width=\"50\" height=\"50\" \/><img loading=\"lazy\" decoding=\"async\" src=\"https:\/\/as-schwabe.de\/wp-content\/uploads\/ikony\/znak_DG.png\" alt=\"\" width=\"50\" height=\"50\" \/><img loading=\"lazy\" decoding=\"async\" src=\"https:\/\/as-schwabe.de\/wp-content\/uploads\/ikony\/znak_DE.png\" alt=\"\" width=\"50\" height=\"40\" \/><\/div>\n<ul>\n<li>dopuszczone do stosowania na budowach i w rolnictwie <\/li>\n<li>230 V, 16 A <\/li>\n<li>IP54: odporny na kurz i bryzgi wody <\/li>\n<li>wtyczka SCHUKOultra Pro <\/li>\n<li>gniazdo SCHUKOultra Pro z klapk\u0105 i kontrolk\u0105 napi\u0119cia<\/li>\n<\/ul>","protected":false},"featured_media":31699,"template":"","meta":{"inline_featured_image":false},"genre":[509],"product_cat":[544,545],"product_tag":[],"class_list":{"0":"post-32683","1":"product","2":"type-product","3":"status-publish","4":"has-post-thumbnail","6":"product_brand-as-schwabe-pl","7":"product_cat-przedluzacze-2-pl","8":"product_cat-do-stosowania-na-budowach-pl","10":"first","11":"instock","12":"shipping-taxable","13":"product-type-simple"},"aioseo_notices":[],"_links":{"self":[{"href":"https:\/\/as-schwabe.de\/pl\/wp-json\/wp\/v2\/product\/32683","targetHints":{"allow":["GET"]}}],"collection":[{"href":"https:\/\/as-schwabe.de\/pl\/wp-json\/wp\/v2\/product"}],"about":[{"href":"https:\/\/as-schwabe.de\/pl\/wp-json\/wp\/v2\/types\/product"}],"version-history":[{"count":0,"href":"https:\/\/as-schwabe.de\/pl\/wp-json\/wp\/v2\/product\/32683\/revisions"}],"wp:featuredmedia":[{"embeddable":true,"href":"https:\/\/as-schwabe.de\/pl\/wp-json\/wp\/v2\/media\/31699"}],"wp:attachment":[{"href":"https:\/\/as-schwabe.de\/pl\/wp-json\/wp\/v2\/media?parent=32683"}],"wp:term":[{"taxonomy":"product_brand","embeddable":true,"href":"https:\/\/as-schwabe.de\/pl\/wp-json\/wp\/v2\/genre?post=32683"},{"taxonomy":"product_cat","embeddable":true,"href":"https:\/\/as-schwabe.de\/pl\/wp-json\/wp\/v2\/product_cat?post=32683"},{"taxonomy":"product_tag","embeddable":true,"href":"https:\/\/as-schwabe.de\/pl\/wp-json\/wp\/v2\/product_tag?post=32683"}],"curies":[{"name":"wp","href":"https:\/\/api.w.org\/{rel}","templated":true}]}}