{"id":32682,"date":"2025-09-26T23:35:29","date_gmt":"2025-09-26T23:35:29","guid":{"rendered":"https:\/\/as-schwabe.de\/produkt\/przedluzacz-1-gniazdowy-schukoultra-pro-h07rn-f-3g25-10-m-62252\/"},"modified":"2025-10-23T00:18:35","modified_gmt":"2025-10-23T00:18:35","slug":"przedluzacz-1-gniazdowy-schukoultra-pro-h07rn-f-3g25-10-m-62252","status":"publish","type":"product","link":"https:\/\/as-schwabe.de\/pl\/produkt\/przedluzacz-1-gniazdowy-schukoultra-pro-h07rn-f-3g25-10-m-62252\/","title":{"rendered":"Przed\u0142u\u017cacz 1-gniazdowy SCHUKOultra Pro 10 m H07RN-F 3G2,5 CZA IP54 | 62252"},"content":{"rendered":"<p>Przed\u0142u\u017cacz 1-gniazdowy SCHUKOultra Pro to niezawodne rozwi\u0105zanie dla profesjonalist\u00f3w oraz majsterkowicz\u00f3w, kt\u00f3rzy potrzebuj\u0105 stabilnego i bezpiecznego zasilania w trudnych warunkach. Wyposa\u017cony w wtyczk\u0119 i gniazdo SCHUKOultra Pro w kolorze czerwono-czarnym, zapewnia zasilanie przy napi\u0119ciu 230 V oraz maksymalnym pr\u0105dzie 16 A, co odpowiada mocy do 3500 W. Dzi\u0119ki zastosowaniu solidnego kabla H07RN-F 3G2,5 o d\u0142ugo\u015bci 10 m, przed\u0142u\u017cacz jest odporny na uszkodzenia mechaniczne i warunki atmosferyczne, co czyni go idealnym do u\u017cytku na zewn\u0105trz i na budowach. Klasa ochrony IP54 gwarantuje skuteczn\u0105 ochron\u0119 przed wilgoci\u0105 i py\u0142em, co zwi\u0119ksza bezpiecze\u0144stwo u\u017cytkowania. Wybieraj\u0105c ten przed\u0142u\u017cacz, zyskujesz pewno\u015b\u0107, \u017ce Twoje urz\u0105dzenia b\u0119d\u0105 dzia\u0142a\u0142y stabilnie, a Ty b\u0119dziesz m\u00f3g\u0142 skupi\u0107 si\u0119 na realizacji swoich projekt\u00f3w.<\/p>","protected":false},"excerpt":{"rendered":"<div class=\"icons\" style=\"display: flex; flex-wrap: wrap; gap: 5px; align-items: center; margin-top: 10px;\"><img decoding=\"async\" src=\"https:\/\/as-schwabe.de\/wp-content\/uploads\/ikony\/znak_CE.png\" alt=\"\" width=\"50\" height=\"50\" \/><img decoding=\"async\" src=\"https:\/\/as-schwabe.de\/wp-content\/uploads\/ikony\/znak_IP54.png\" alt=\"\" width=\"50\" height=\"50\" \/><img decoding=\"async\" src=\"https:\/\/as-schwabe.de\/wp-content\/uploads\/ikony\/znak_PB.png\" alt=\"\" width=\"50\" height=\"50\" \/><img loading=\"lazy\" decoding=\"async\" src=\"https:\/\/as-schwabe.de\/wp-content\/uploads\/ikony\/znak_Z.png\" alt=\"\" width=\"50\" height=\"50\" \/><img loading=\"lazy\" decoding=\"async\" src=\"https:\/\/as-schwabe.de\/wp-content\/uploads\/ikony\/znak_D.png\" alt=\"\" width=\"50\" height=\"50\" \/><img loading=\"lazy\" decoding=\"async\" src=\"https:\/\/as-schwabe.de\/wp-content\/uploads\/ikony\/znak_DG.png\" alt=\"\" width=\"50\" height=\"50\" \/><img loading=\"lazy\" decoding=\"async\" src=\"https:\/\/as-schwabe.de\/wp-content\/uploads\/ikony\/znak_DE.png\" alt=\"\" width=\"50\" height=\"40\" \/><\/div>\n<ul>\n<li>dopuszczone do stosowania na budowach i w rolnictwie <\/li>\n<li>230 V, 16 A <\/li>\n<li>IP54: odporny na kurz i bryzgi wody <\/li>\n<li>wtyczka SCHUKOultra Pro <\/li>\n<li>gniazdo SCHUKOultra Pro z klapk\u0105 i kontrolk\u0105 napi\u0119cia<\/li>\n<\/ul>","protected":false},"featured_media":31698,"template":"","meta":{"inline_featured_image":false},"genre":[509],"product_cat":[544,545],"product_tag":[],"class_list":{"0":"post-32682","1":"product","2":"type-product","3":"status-publish","4":"has-post-thumbnail","6":"product_brand-as-schwabe-pl","7":"product_cat-przedluzacze-2-pl","8":"product_cat-do-stosowania-na-budowach-pl","10":"first","11":"instock","12":"shipping-taxable","13":"product-type-simple"},"aioseo_notices":[],"_links":{"self":[{"href":"https:\/\/as-schwabe.de\/pl\/wp-json\/wp\/v2\/product\/32682","targetHints":{"allow":["GET"]}}],"collection":[{"href":"https:\/\/as-schwabe.de\/pl\/wp-json\/wp\/v2\/product"}],"about":[{"href":"https:\/\/as-schwabe.de\/pl\/wp-json\/wp\/v2\/types\/product"}],"version-history":[{"count":0,"href":"https:\/\/as-schwabe.de\/pl\/wp-json\/wp\/v2\/product\/32682\/revisions"}],"wp:featuredmedia":[{"embeddable":true,"href":"https:\/\/as-schwabe.de\/pl\/wp-json\/wp\/v2\/media\/31698"}],"wp:attachment":[{"href":"https:\/\/as-schwabe.de\/pl\/wp-json\/wp\/v2\/media?parent=32682"}],"wp:term":[{"taxonomy":"product_brand","embeddable":true,"href":"https:\/\/as-schwabe.de\/pl\/wp-json\/wp\/v2\/genre?post=32682"},{"taxonomy":"product_cat","embeddable":true,"href":"https:\/\/as-schwabe.de\/pl\/wp-json\/wp\/v2\/product_cat?post=32682"},{"taxonomy":"product_tag","embeddable":true,"href":"https:\/\/as-schwabe.de\/pl\/wp-json\/wp\/v2\/product_tag?post=32682"}],"curies":[{"name":"wp","href":"https:\/\/api.w.org\/{rel}","templated":true}]}}