{"id":32681,"date":"2025-09-26T23:35:28","date_gmt":"2025-09-26T23:35:28","guid":{"rendered":"https:\/\/as-schwabe.de\/produkt\/przedluzacz-1-gniazdowy-schukoultra-pro-h07rn-f-3g15-25-m-62251\/"},"modified":"2026-02-11T06:55:14","modified_gmt":"2026-02-11T06:55:14","slug":"przedluzacz-1-gniazdowy-schukoultra-pro-h07rn-f-3g15-25-m-62251","status":"publish","type":"product","link":"https:\/\/as-schwabe.de\/pl\/produkt\/przedluzacz-1-gniazdowy-schukoultra-pro-h07rn-f-3g15-25-m-62251\/","title":{"rendered":"Przed\u0142u\u017cacz 1-gniazdowy DuroConn Pro 25 m H07RN-F 3G1,5 CZA IP54 | 62251"},"content":{"rendered":"<p>Przed\u0142u\u017cacz 1-gniazdowy DuroConn o d\u0142ugo\u015bci 25 m, wykonany z wysokiej jako\u015bci przewodu H07RN-F 3G1,5, to idealne rozwi\u0105zanie dla tych, kt\u00f3rzy potrzebuj\u0105 niezawodnego zasilania zar\u00f3wno na zewn\u0105trz, jak i w trudnych warunkach budowlanych. Posiada wej\u015bcie wtyczki DuroConn w kolorze czerwono-czarnym, zapewniaj\u0105cej maksymalne napi\u0119cie 230 V oraz pr\u0105d do 16 A, co czyni go odpowiednim do zasilania urz\u0105dze\u0144 o mocy do 3500 W. Gniazdo wyj\u015bciowe, r\u00f3wnie\u017c w standardzie DuroConn, zapewnia bezpiecze\u0144stwo u\u017cytkowania dzi\u0119ki klasie szczelno\u015bci IP54, co pozwala na jego stosowanie w trudnych warunkach atmosferycznych. Dzi\u0119ki solidnej konstrukcji i odporno\u015bci na czynniki zewn\u0119trzne, przed\u0142u\u017cacz stanowi niezawodny element wyposa\u017cenia na placu budowy oraz w ogrodzie, gwarantuj\u0105c komfort i bezpiecze\u0144stwo korzystania z energii elektrycznej.<\/p>","protected":false},"excerpt":{"rendered":"<div class=\"icons\" style=\"display: flex; flex-wrap: wrap; gap: 5px; align-items: center; margin-top: 10px;\"><img decoding=\"async\" src=\"https:\/\/as-schwabe.de\/wp-content\/uploads\/ikony\/znak_CE.png\" alt=\"\" width=\"50\" height=\"50\" \/><img decoding=\"async\" src=\"https:\/\/as-schwabe.de\/wp-content\/uploads\/ikony\/znak_IP54.png\" alt=\"\" width=\"50\" height=\"50\" \/><img decoding=\"async\" src=\"https:\/\/as-schwabe.de\/wp-content\/uploads\/ikony\/znak_PB.png\" alt=\"\" width=\"50\" height=\"50\" \/><img loading=\"lazy\" decoding=\"async\" src=\"https:\/\/as-schwabe.de\/wp-content\/uploads\/ikony\/znak_Z.png\" alt=\"\" width=\"50\" height=\"50\" \/><img loading=\"lazy\" decoding=\"async\" src=\"https:\/\/as-schwabe.de\/wp-content\/uploads\/ikony\/znak_D.png\" alt=\"\" width=\"50\" height=\"50\" \/><img loading=\"lazy\" decoding=\"async\" src=\"https:\/\/as-schwabe.de\/wp-content\/uploads\/ikony\/znak_DG.png\" alt=\"\" width=\"50\" height=\"50\" \/><img loading=\"lazy\" decoding=\"async\" src=\"https:\/\/as-schwabe.de\/wp-content\/uploads\/ikony\/znak_DE.png\" alt=\"\" width=\"50\" height=\"40\" \/><\/div>\n<ul>\n<li>dopuszczone do stosowania na budowach i w rolnictwie<\/li>\n<li>230 V, 16 A<\/li>\n<li>IP54: odporny na kurz i bryzgi wody<\/li>\n<li>wtyczka DuroConn<\/li>\n<li>gniazdo DuroConn z klapk\u0105 i kontrolk\u0105 napi\u0119cia<\/li>\n<\/ul>","protected":false},"featured_media":36520,"template":"","meta":{"inline_featured_image":false},"genre":[509],"product_cat":[544,545],"product_tag":[],"class_list":{"0":"post-32681","1":"product","2":"type-product","3":"status-publish","4":"has-post-thumbnail","6":"product_brand-as-schwabe-pl","7":"product_cat-przedluzacze-2-pl","8":"product_cat-do-stosowania-na-budowach-pl","10":"first","11":"instock","12":"shipping-taxable","13":"product-type-simple"},"aioseo_notices":[],"_links":{"self":[{"href":"https:\/\/as-schwabe.de\/pl\/wp-json\/wp\/v2\/product\/32681","targetHints":{"allow":["GET"]}}],"collection":[{"href":"https:\/\/as-schwabe.de\/pl\/wp-json\/wp\/v2\/product"}],"about":[{"href":"https:\/\/as-schwabe.de\/pl\/wp-json\/wp\/v2\/types\/product"}],"version-history":[{"count":0,"href":"https:\/\/as-schwabe.de\/pl\/wp-json\/wp\/v2\/product\/32681\/revisions"}],"wp:featuredmedia":[{"embeddable":true,"href":"https:\/\/as-schwabe.de\/pl\/wp-json\/wp\/v2\/media\/36520"}],"wp:attachment":[{"href":"https:\/\/as-schwabe.de\/pl\/wp-json\/wp\/v2\/media?parent=32681"}],"wp:term":[{"taxonomy":"product_brand","embeddable":true,"href":"https:\/\/as-schwabe.de\/pl\/wp-json\/wp\/v2\/genre?post=32681"},{"taxonomy":"product_cat","embeddable":true,"href":"https:\/\/as-schwabe.de\/pl\/wp-json\/wp\/v2\/product_cat?post=32681"},{"taxonomy":"product_tag","embeddable":true,"href":"https:\/\/as-schwabe.de\/pl\/wp-json\/wp\/v2\/product_tag?post=32681"}],"curies":[{"name":"wp","href":"https:\/\/api.w.org\/{rel}","templated":true}]}}