{"id":32680,"date":"2025-09-26T23:35:27","date_gmt":"2025-09-26T23:35:27","guid":{"rendered":"https:\/\/as-schwabe.de\/produkt\/przedluzacz-1-gniazdowy-schukoultra-pro-h07rn-f-3g15-10-m-62250\/"},"modified":"2026-02-11T07:15:47","modified_gmt":"2026-02-11T07:15:47","slug":"przedluzacz-1-gniazdowy-schukoultra-pro-h07rn-f-3g15-10-m-62250","status":"publish","type":"product","link":"https:\/\/as-schwabe.de\/pl\/produkt\/przedluzacz-1-gniazdowy-schukoultra-pro-h07rn-f-3g15-10-m-62250\/","title":{"rendered":"Przed\u0142u\u017cacz 1-gniazdowy DuroConn Pro 10 m H07RN-F 3G1,5 CZA IP54 | 62250"},"content":{"rendered":"<p>Przed\u0142u\u017cacz 1-gniazdowy SCHUKOultra Pro to niezawodne rozwi\u0105zanie dla profesjonalist\u00f3w i entuzjast\u00f3w majsterkowania, oferuj\u0105ce wysok\u0105 jako\u015b\u0107 i bezpiecze\u0144stwo u\u017cytkowania. Wykonany z odpornego na warunki atmosferyczne kabla H07RN-F 3G1,5, ma d\u0142ugo\u015b\u0107 10 metr\u00f3w, co zapewnia du\u017c\u0105 elastyczno\u015b\u0107 w organizacji przestrzeni roboczej. Z wtyczk\u0105 oraz gniazdem SCHUKOultra Pro (obejmuj\u0105cymi klas\u0119 IP54) o nominalnym napi\u0119ciu 230 V i pr\u0105dzie 16 A, przed\u0142u\u017cacz ten sprawdzi si\u0119 doskonale w zastosowaniach zar\u00f3wno na zewn\u0105trz, jak i na budowie. Dzi\u0119ki maksymalnej mocy 3500 W, produkt ten jest idealny do zasilania r\u00f3\u017cnorodnych urz\u0105dze\u0144 elektrycznych w trudnych warunkach. Stabilna konstrukcja i wysoka jako\u015b\u0107 materia\u0142\u00f3w gwarantuj\u0105 bezpiecze\u0144stwo i d\u0142ugotrwa\u0142e u\u017cytkowanie.<\/p>","protected":false},"excerpt":{"rendered":"<div class=\"icons\" style=\"display: flex; flex-wrap: wrap; gap: 5px; align-items: center; margin-top: 10px;\"><img decoding=\"async\" src=\"https:\/\/as-schwabe.de\/wp-content\/uploads\/ikony\/znak_CE.png\" alt=\"\" width=\"50\" height=\"50\" \/><img decoding=\"async\" src=\"https:\/\/as-schwabe.de\/wp-content\/uploads\/ikony\/znak_IP54.png\" alt=\"\" width=\"50\" height=\"50\" \/><img decoding=\"async\" src=\"https:\/\/as-schwabe.de\/wp-content\/uploads\/ikony\/znak_PB.png\" alt=\"\" width=\"50\" height=\"50\" \/><img loading=\"lazy\" decoding=\"async\" src=\"https:\/\/as-schwabe.de\/wp-content\/uploads\/ikony\/znak_Z.png\" alt=\"\" width=\"50\" height=\"50\" \/><img loading=\"lazy\" decoding=\"async\" src=\"https:\/\/as-schwabe.de\/wp-content\/uploads\/ikony\/znak_D.png\" alt=\"\" width=\"50\" height=\"50\" \/><img loading=\"lazy\" decoding=\"async\" src=\"https:\/\/as-schwabe.de\/wp-content\/uploads\/ikony\/znak_DG.png\" alt=\"\" width=\"50\" height=\"50\" \/><img loading=\"lazy\" decoding=\"async\" src=\"https:\/\/as-schwabe.de\/wp-content\/uploads\/ikony\/znak_DE.png\" alt=\"\" width=\"50\" height=\"40\" \/><\/div>\n<ul>\n<li>dopuszczone do stosowania na budowach i w rolnictwie<\/li>\n<li>230 V, 16 A<\/li>\n<li>IP54: odporny na kurz i bryzgi wody<\/li>\n<li>wtyczka DuroConn<\/li>\n<li>gniazdo DuroConn z klapk\u0105 i kontrolk\u0105 napi\u0119cia<\/li>\n<\/ul>","protected":false},"featured_media":36520,"template":"","meta":{"inline_featured_image":false},"genre":[509],"product_cat":[544,545],"product_tag":[],"class_list":{"0":"post-32680","1":"product","2":"type-product","3":"status-publish","4":"has-post-thumbnail","6":"product_brand-as-schwabe-pl","7":"product_cat-przedluzacze-2-pl","8":"product_cat-do-stosowania-na-budowach-pl","10":"first","11":"instock","12":"shipping-taxable","13":"product-type-simple"},"aioseo_notices":[],"_links":{"self":[{"href":"https:\/\/as-schwabe.de\/pl\/wp-json\/wp\/v2\/product\/32680","targetHints":{"allow":["GET"]}}],"collection":[{"href":"https:\/\/as-schwabe.de\/pl\/wp-json\/wp\/v2\/product"}],"about":[{"href":"https:\/\/as-schwabe.de\/pl\/wp-json\/wp\/v2\/types\/product"}],"version-history":[{"count":0,"href":"https:\/\/as-schwabe.de\/pl\/wp-json\/wp\/v2\/product\/32680\/revisions"}],"wp:featuredmedia":[{"embeddable":true,"href":"https:\/\/as-schwabe.de\/pl\/wp-json\/wp\/v2\/media\/36520"}],"wp:attachment":[{"href":"https:\/\/as-schwabe.de\/pl\/wp-json\/wp\/v2\/media?parent=32680"}],"wp:term":[{"taxonomy":"product_brand","embeddable":true,"href":"https:\/\/as-schwabe.de\/pl\/wp-json\/wp\/v2\/genre?post=32680"},{"taxonomy":"product_cat","embeddable":true,"href":"https:\/\/as-schwabe.de\/pl\/wp-json\/wp\/v2\/product_cat?post=32680"},{"taxonomy":"product_tag","embeddable":true,"href":"https:\/\/as-schwabe.de\/pl\/wp-json\/wp\/v2\/product_tag?post=32680"}],"curies":[{"name":"wp","href":"https:\/\/api.w.org\/{rel}","templated":true}]}}