{"id":32679,"date":"2025-09-26T23:35:27","date_gmt":"2025-09-26T23:35:27","guid":{"rendered":"https:\/\/as-schwabe.de\/?post_type=product&#038;p=32679"},"modified":"2025-10-23T00:18:46","modified_gmt":"2025-10-23T00:18:46","slug":"zestaw-lacznik-pojedynczy-i-gniazdo-z-uziemieniem-62455","status":"publish","type":"product","link":"https:\/\/as-schwabe.de\/pl\/produkt\/zestaw-lacznik-pojedynczy-i-gniazdo-z-uziemieniem-62455\/","title":{"rendered":"Zestaw \u0142\u0105cznik pojedynczy i gniazdo z uziemieniem, uk\u0142ad pionowy 230 V, 16 A, 10 A IP54 | 62455"},"content":{"rendered":"<p>Zestaw \u0142\u0105cznik pojedynczy i gniazdo z uziemieniem w uk\u0142adzie pionowym 230 V, 16 A, 10 A, o stopniu ochrony IP54, to niezawodne rozwi\u0105zanie do zastosowa\u0144 w wymagaj\u0105cych warunkach. Dzi\u0119ki wysokiemu poziomowi ochrony, produkt jest odporny na kurz oraz wilgo\u0107, co sprawia, \u017ce idealnie sprawdza si\u0119 w pomieszczeniach gospodarczych, warsztatach oraz na zewn\u0105trz. Wysokiej jako\u015bci materia\u0142y zapewniaj\u0105 d\u0142ugotrwa\u0142e u\u017cytkowanie, a zastosowanie gniazda z uziemieniem zwi\u0119ksza bezpiecze\u0144stwo u\u017cytkowania urz\u0105dze\u0144 elektrycznych. Przejrzysty i funkcjonalny design u\u0142atwia monta\u017c, a tak\u017ce wpisuje si\u0119 w estetyk\u0119 nowoczesnych instalacji. Zestaw ten to doskona\u0142y wyb\u00f3r dla profesjonalist\u00f3w oraz majsterkowicz\u00f3w, kt\u00f3rzy ceni\u0105 sobie zar\u00f3wno komfort, jak i bezpiecze\u0144stwo.<\/p>","protected":false},"excerpt":{"rendered":"<div class=\"icons\" style=\"display: flex; flex-wrap: wrap; gap: 5px; align-items: center; margin-top: 10px;\"><img decoding=\"async\" src=\"https:\/\/as-schwabe.de\/wp-content\/uploads\/ikony\/znak_CE.png\" alt=\"\" width=\"50\" height=\"50\" \/><img decoding=\"async\" src=\"https:\/\/as-schwabe.de\/wp-content\/uploads\/ikony\/znak_IP54.png\" alt=\"\" width=\"50\" height=\"50\" \/><img decoding=\"async\" src=\"https:\/\/as-schwabe.de\/wp-content\/uploads\/ikony\/znak_Z.png\" alt=\"\" width=\"50\" height=\"50\" \/><img loading=\"lazy\" decoding=\"async\" src=\"https:\/\/as-schwabe.de\/wp-content\/uploads\/ikony\/znak_D.png\" alt=\"\" width=\"50\" height=\"50\" \/><img loading=\"lazy\" decoding=\"async\" src=\"https:\/\/as-schwabe.de\/wp-content\/uploads\/ikony\/znak_DE.png\" alt=\"\" width=\"50\" height=\"40\" \/><\/div>\n<ul>\n<li>zestaw \u0142\u0105cznik i gniazdo z uziemieniem \u2013 uk\u0142ad pionowy <\/li>\n<li>wytrzyma\u0142a obudowa z tworzywa termoplastycznego <\/li>\n<li>du\u017ca odporno\u015b\u0107 na promieniowanie UV <\/li>\n<li>z zaciskami spr\u0119\u017cynowymi <\/li>\n<li>du\u017ca przestrze\u0144 na rozbudowane okablowanie <\/li>\n<li>do pod\u0142\u0105czenia przewod\u00f3w o \u015brednicy maks. 2,5 mm2 <\/li>\n<li>kolor: jasnoszary\/stalowoszary <\/li>\n<li>IP54: odporny na kurz i zachlapania, odpowiedni do wilgotnych pomieszcze\u0144 i u\u017cytku na zewn\u0105trz<\/li>\n<\/ul>","protected":false},"featured_media":31787,"template":"","meta":{"inline_featured_image":false},"genre":[509],"product_cat":[523,594],"product_tag":[],"class_list":{"0":"post-32679","1":"product","2":"type-product","3":"status-publish","4":"has-post-thumbnail","6":"product_brand-as-schwabe-pl","7":"product_cat-produkty-do-samodzielnego-montazu-pl","8":"product_cat-przelaczniki-i-gniazda-natynkowe-pl","10":"first","11":"instock","12":"shipping-taxable","13":"product-type-simple"},"aioseo_notices":[],"_links":{"self":[{"href":"https:\/\/as-schwabe.de\/pl\/wp-json\/wp\/v2\/product\/32679","targetHints":{"allow":["GET"]}}],"collection":[{"href":"https:\/\/as-schwabe.de\/pl\/wp-json\/wp\/v2\/product"}],"about":[{"href":"https:\/\/as-schwabe.de\/pl\/wp-json\/wp\/v2\/types\/product"}],"version-history":[{"count":0,"href":"https:\/\/as-schwabe.de\/pl\/wp-json\/wp\/v2\/product\/32679\/revisions"}],"wp:featuredmedia":[{"embeddable":true,"href":"https:\/\/as-schwabe.de\/pl\/wp-json\/wp\/v2\/media\/31787"}],"wp:attachment":[{"href":"https:\/\/as-schwabe.de\/pl\/wp-json\/wp\/v2\/media?parent=32679"}],"wp:term":[{"taxonomy":"product_brand","embeddable":true,"href":"https:\/\/as-schwabe.de\/pl\/wp-json\/wp\/v2\/genre?post=32679"},{"taxonomy":"product_cat","embeddable":true,"href":"https:\/\/as-schwabe.de\/pl\/wp-json\/wp\/v2\/product_cat?post=32679"},{"taxonomy":"product_tag","embeddable":true,"href":"https:\/\/as-schwabe.de\/pl\/wp-json\/wp\/v2\/product_tag?post=32679"}],"curies":[{"name":"wp","href":"https:\/\/api.w.org\/{rel}","templated":true}]}}