{"id":32678,"date":"2025-09-26T23:35:26","date_gmt":"2025-09-26T23:35:26","guid":{"rendered":"https:\/\/as-schwabe.de\/?post_type=product&#038;p=32678"},"modified":"2025-10-23T00:18:46","modified_gmt":"2025-10-23T00:18:46","slug":"wylacznik-awaryjny-ogrzewania-230-v-10-a-ip54-62454","status":"publish","type":"product","link":"https:\/\/as-schwabe.de\/pl\/produkt\/wylacznik-awaryjny-ogrzewania-230-v-10-a-ip54-62454\/","title":{"rendered":"Wy\u0142\u0105cznik awaryjny ogrzewania 230 V, 10 A IP54 | 62454"},"content":{"rendered":"<p>Wy\u0142\u0105cznik awaryjny ogrzewania 230 V, 10 A IP54 to niezawodne rozwi\u0105zanie, kt\u00f3re zapewnia maksymalne bezpiecze\u0144stwo w systemach grzewczych. Dzi\u0119ki klasie ochrony IP54, wy\u0142\u0105cznik jest odporny na py\u0142 oraz zachlapania, co sprawia, \u017ce idealnie sprawdzi si\u0119 w trudnych warunkach zar\u00f3wno wewn\u0119trznych, jak i zewn\u0119trznych. Jego wysoka wydajno\u015b\u0107 pr\u0105dowa wynosz\u0105ca 10 A pozwala na efektywne zarz\u0105dzanie r\u00f3\u017cnymi urz\u0105dzeniami grzewczymi. Produkt ten gwarantuje szybkie wy\u0142\u0105czenie systemu w przypadku awarii, co znacz\u0105co zwi\u0119ksza bezpiecze\u0144stwo u\u017cytkownik\u00f3w. \u0141atwy w monta\u017cu i obs\u0142udze, stanowi doskona\u0142y wyb\u00f3r dla instalator\u00f3w oraz klient\u00f3w poszukuj\u0105cych efektywnych rozwi\u0105za\u0144 grzewczych.<\/p>","protected":false},"excerpt":{"rendered":"<div class=\"icons\" style=\"display: flex; flex-wrap: wrap; gap: 5px; align-items: center; margin-top: 10px;\"><img decoding=\"async\" src=\"https:\/\/as-schwabe.de\/wp-content\/uploads\/ikony\/znak_CE.png\" alt=\"\" width=\"50\" height=\"50\" \/><img decoding=\"async\" src=\"https:\/\/as-schwabe.de\/wp-content\/uploads\/ikony\/znak_IP54.png\" alt=\"\" width=\"50\" height=\"50\" \/><img decoding=\"async\" src=\"https:\/\/as-schwabe.de\/wp-content\/uploads\/ikony\/znak_Z.png\" alt=\"\" width=\"50\" height=\"50\" \/><img loading=\"lazy\" decoding=\"async\" src=\"https:\/\/as-schwabe.de\/wp-content\/uploads\/ikony\/znak_D.png\" alt=\"\" width=\"50\" height=\"50\" \/><img loading=\"lazy\" decoding=\"async\" src=\"https:\/\/as-schwabe.de\/wp-content\/uploads\/ikony\/znak_DE.png\" alt=\"\" width=\"50\" height=\"40\" \/><\/div>\n<ul>\n<li>wy\u0142\u0105cznik awaryjny ogrzewania <\/li>\n<li>wytrzyma\u0142a obudowa z tworzywa termoplastycznego <\/li>\n<li>du\u017ca odporno\u015b\u0107 na promieniowanie UV <\/li>\n<li>z zaciskami spr\u0119\u017cynowymi <\/li>\n<li>du\u017ca przestrze\u0144 na rozbudowane okablowanie <\/li>\n<li>do pod\u0142\u0105czenia przewod\u00f3w o \u015brednicy maks. 2,5 mm2 <\/li>\n<li>kolor: jasnoszary\/stalowoszary <\/li>\n<li>IP54: odporny na kurz i zachlapania, odpowiedni do wilgotnych pomieszcze\u0144 i u\u017cytku na zewn\u0105trz<\/li>\n<\/ul>","protected":false},"featured_media":31785,"template":"","meta":{"inline_featured_image":false},"genre":[509],"product_cat":[523,594],"product_tag":[],"class_list":{"0":"post-32678","1":"product","2":"type-product","3":"status-publish","4":"has-post-thumbnail","6":"product_brand-as-schwabe-pl","7":"product_cat-produkty-do-samodzielnego-montazu-pl","8":"product_cat-przelaczniki-i-gniazda-natynkowe-pl","10":"first","11":"instock","12":"shipping-taxable","13":"product-type-simple"},"aioseo_notices":[],"_links":{"self":[{"href":"https:\/\/as-schwabe.de\/pl\/wp-json\/wp\/v2\/product\/32678","targetHints":{"allow":["GET"]}}],"collection":[{"href":"https:\/\/as-schwabe.de\/pl\/wp-json\/wp\/v2\/product"}],"about":[{"href":"https:\/\/as-schwabe.de\/pl\/wp-json\/wp\/v2\/types\/product"}],"version-history":[{"count":0,"href":"https:\/\/as-schwabe.de\/pl\/wp-json\/wp\/v2\/product\/32678\/revisions"}],"wp:featuredmedia":[{"embeddable":true,"href":"https:\/\/as-schwabe.de\/pl\/wp-json\/wp\/v2\/media\/31785"}],"wp:attachment":[{"href":"https:\/\/as-schwabe.de\/pl\/wp-json\/wp\/v2\/media?parent=32678"}],"wp:term":[{"taxonomy":"product_brand","embeddable":true,"href":"https:\/\/as-schwabe.de\/pl\/wp-json\/wp\/v2\/genre?post=32678"},{"taxonomy":"product_cat","embeddable":true,"href":"https:\/\/as-schwabe.de\/pl\/wp-json\/wp\/v2\/product_cat?post=32678"},{"taxonomy":"product_tag","embeddable":true,"href":"https:\/\/as-schwabe.de\/pl\/wp-json\/wp\/v2\/product_tag?post=32678"}],"curies":[{"name":"wp","href":"https:\/\/api.w.org\/{rel}","templated":true}]}}