{"id":32677,"date":"2025-09-26T23:35:26","date_gmt":"2025-09-26T23:35:26","guid":{"rendered":"https:\/\/as-schwabe.de\/?post_type=product&#038;p=32677"},"modified":"2025-10-23T00:18:45","modified_gmt":"2025-10-23T00:18:45","slug":"lacznik-pojedynczy-podswietlany-230-v-10-a-ip54-62453","status":"publish","type":"product","link":"https:\/\/as-schwabe.de\/pl\/produkt\/lacznik-pojedynczy-podswietlany-230-v-10-a-ip54-62453\/","title":{"rendered":"\u0141\u0105cznik pojedynczy pod\u015bwietlany 230 V, 10 A IP54 | 62453"},"content":{"rendered":"<p>\u0141\u0105cznik pojedynczy pod\u015bwietlany 230 V o maksymalnym nat\u0119\u017ceniu 10 A i stopniu ochrony IP54 to doskona\u0142e rozwi\u0105zanie dla os\u00f3b poszukuj\u0105cych funkcjonalnego i estetycznego elementu instalacji elektrycznej. Dzi\u0119ki pod\u015bwietleniu, w\u0142\u0105cznik jest \u0142atwy do zlokalizowania w ciemno\u015bci, co zwi\u0119ksza komfort u\u017cytkowania. Ochrona na poziomie IP54 zapewnia odporno\u015b\u0107 na py\u0142 i wilgo\u0107, co sprawia, \u017ce produkt idealnie sprawdzi si\u0119 w pomieszczeniach o zwi\u0119kszonej ekspozycji na niekorzystne warunki, takich jak \u0142azienki czy kuchnie. Wysoka jako\u015b\u0107 wykonania oraz nowoczesny design sprawiaj\u0105, \u017ce \u0142\u0105cznik doskonale komponuje si\u0119 z r\u00f3\u017cnorodnymi aran\u017cacjami wn\u0119trz. To niezawodne urz\u0105dzenie, kt\u00f3re \u0142\u0105czy bezpiecze\u0144stwo z estetyk\u0105, spe\u0142niaj\u0105c oczekiwania zar\u00f3wno profesjonalist\u00f3w, jak i u\u017cytkownik\u00f3w domowych.<\/p>","protected":false},"excerpt":{"rendered":"<div class=\"icons\" style=\"display: flex; flex-wrap: wrap; gap: 5px; align-items: center; margin-top: 10px;\"><img decoding=\"async\" src=\"https:\/\/as-schwabe.de\/wp-content\/uploads\/ikony\/znak_CE.png\" alt=\"\" width=\"50\" height=\"50\" \/><img decoding=\"async\" src=\"https:\/\/as-schwabe.de\/wp-content\/uploads\/ikony\/znak_IP54.png\" alt=\"\" width=\"50\" height=\"50\" \/><img decoding=\"async\" src=\"https:\/\/as-schwabe.de\/wp-content\/uploads\/ikony\/znak_Z.png\" alt=\"\" width=\"50\" height=\"50\" \/><img loading=\"lazy\" decoding=\"async\" src=\"https:\/\/as-schwabe.de\/wp-content\/uploads\/ikony\/znak_D.png\" alt=\"\" width=\"50\" height=\"50\" \/><img loading=\"lazy\" decoding=\"async\" src=\"https:\/\/as-schwabe.de\/wp-content\/uploads\/ikony\/znak_DE.png\" alt=\"\" width=\"50\" height=\"40\" \/><\/div>\n<ul>\n<li>\u0142\u0105cznik pojedynczy pod\u015bwietlany <\/li>\n<li>wytrzyma\u0142a obudowa z tworzywa termoplastycznego <\/li>\n<li>du\u017ca odporno\u015b\u0107 na promieniowanie UV <\/li>\n<li>z zaciskami spr\u0119\u017cynowymi <\/li>\n<li>du\u017ca przestrze\u0144 na rozbudowane okablowanie <\/li>\n<li>do pod\u0142\u0105czenia przewod\u00f3w o \u015brednicy maks. 2,5 mm2 <\/li>\n<li>kolor: jasnoszary\/stalowoszary <\/li>\n<li>IP54: odporny na kurz i zachlapania, odpowiedni do wilgotnych pomieszcze\u0144 i u\u017cytku na zewn\u0105trz<\/li>\n<\/ul>","protected":false},"featured_media":31784,"template":"","meta":{"inline_featured_image":false},"genre":[509],"product_cat":[523,594],"product_tag":[],"class_list":{"0":"post-32677","1":"product","2":"type-product","3":"status-publish","4":"has-post-thumbnail","6":"product_brand-as-schwabe-pl","7":"product_cat-produkty-do-samodzielnego-montazu-pl","8":"product_cat-przelaczniki-i-gniazda-natynkowe-pl","10":"first","11":"instock","12":"shipping-taxable","13":"product-type-simple"},"aioseo_notices":[],"_links":{"self":[{"href":"https:\/\/as-schwabe.de\/pl\/wp-json\/wp\/v2\/product\/32677","targetHints":{"allow":["GET"]}}],"collection":[{"href":"https:\/\/as-schwabe.de\/pl\/wp-json\/wp\/v2\/product"}],"about":[{"href":"https:\/\/as-schwabe.de\/pl\/wp-json\/wp\/v2\/types\/product"}],"version-history":[{"count":0,"href":"https:\/\/as-schwabe.de\/pl\/wp-json\/wp\/v2\/product\/32677\/revisions"}],"wp:featuredmedia":[{"embeddable":true,"href":"https:\/\/as-schwabe.de\/pl\/wp-json\/wp\/v2\/media\/31784"}],"wp:attachment":[{"href":"https:\/\/as-schwabe.de\/pl\/wp-json\/wp\/v2\/media?parent=32677"}],"wp:term":[{"taxonomy":"product_brand","embeddable":true,"href":"https:\/\/as-schwabe.de\/pl\/wp-json\/wp\/v2\/genre?post=32677"},{"taxonomy":"product_cat","embeddable":true,"href":"https:\/\/as-schwabe.de\/pl\/wp-json\/wp\/v2\/product_cat?post=32677"},{"taxonomy":"product_tag","embeddable":true,"href":"https:\/\/as-schwabe.de\/pl\/wp-json\/wp\/v2\/product_tag?post=32677"}],"curies":[{"name":"wp","href":"https:\/\/api.w.org\/{rel}","templated":true}]}}