{"id":32676,"date":"2025-09-26T23:35:26","date_gmt":"2025-09-26T23:35:26","guid":{"rendered":"https:\/\/as-schwabe.de\/?post_type=product&#038;p=32676"},"modified":"2025-10-23T00:18:45","modified_gmt":"2025-10-23T00:18:45","slug":"lacznik-schodowy-230-v-10-a-ip54-62452","status":"publish","type":"product","link":"https:\/\/as-schwabe.de\/pl\/produkt\/lacznik-schodowy-230-v-10-a-ip54-62452\/","title":{"rendered":"\u0141\u0105cznik schodowy 230 V, 10 A IP54 | 62452"},"content":{"rendered":"<p>\u0141\u0105cznik schodowy 230 V, 10 A IP54 to wysokiej jako\u015bci produkt elektrotechniczny, zaprojektowany z my\u015bl\u0105 o wygodnym sterowaniu o\u015bwietleniem w obiektach mieszkalnych i komercyjnych. Dzi\u0119ki stopniowi ochrony IP54, urz\u0105dzenie jest odporne na kurz oraz niewielkie zachlapania, co czyni je idealnym rozwi\u0105zaniem do stosowania w r\u00f3\u017cnych warunkach. Jego nominalny pr\u0105d 10 A zapewnia bezpieczn\u0105 i stabiln\u0105 prac\u0119, a mo\u017cliwo\u015b\u0107 monta\u017cu w klatkach schodowych oferuje wygodny dost\u0119p do sterowania o\u015bwietleniem na r\u00f3\u017cnych poziomach budynku. \u0141\u0105cznik schodowy \u0142\u0105czy funkcjonalno\u015b\u0107 z estetyk\u0105, co sprawia, \u017ce jest doskona\u0142ym wyborem dla ka\u017cdej przestrzeni.<\/p>","protected":false},"excerpt":{"rendered":"<div class=\"icons\" style=\"display: flex; flex-wrap: wrap; gap: 5px; align-items: center; margin-top: 10px;\"><img decoding=\"async\" src=\"https:\/\/as-schwabe.de\/wp-content\/uploads\/ikony\/znak_CE.png\" alt=\"\" width=\"50\" height=\"50\" \/><img decoding=\"async\" src=\"https:\/\/as-schwabe.de\/wp-content\/uploads\/ikony\/znak_IP54.png\" alt=\"\" width=\"50\" height=\"50\" \/><img decoding=\"async\" src=\"https:\/\/as-schwabe.de\/wp-content\/uploads\/ikony\/znak_Z.png\" alt=\"\" width=\"50\" height=\"50\" \/><img loading=\"lazy\" decoding=\"async\" src=\"https:\/\/as-schwabe.de\/wp-content\/uploads\/ikony\/znak_D.png\" alt=\"\" width=\"50\" height=\"50\" \/><img loading=\"lazy\" decoding=\"async\" src=\"https:\/\/as-schwabe.de\/wp-content\/uploads\/ikony\/znak_DE.png\" alt=\"\" width=\"50\" height=\"40\" \/><\/div>\n<ul>\n<li>\u0142\u0105cznik schodowy <\/li>\n<li>wytrzyma\u0142a obudowa z tworzywa termoplastycznego <\/li>\n<li>du\u017ca odporno\u015b\u0107 na promieniowanie UV <\/li>\n<li>z zaciskami spr\u0119\u017cynowymi <\/li>\n<li>du\u017ca przestrze\u0144 na rozbudowane okablowanie <\/li>\n<li>do pod\u0142\u0105czenia przewod\u00f3w o \u015brednicy maks. 2,5 mm2 <\/li>\n<li>kolor: jasnoszary\/stalowoszary <\/li>\n<li>IP54: odporny na kurz i zachlapania, odpowiedni do wilgotnych pomieszcze\u0144 i u\u017cytku na zewn\u0105trz<\/li>\n<\/ul>","protected":false},"featured_media":31783,"template":"","meta":{"inline_featured_image":false},"genre":[509],"product_cat":[523,594],"product_tag":[],"class_list":{"0":"post-32676","1":"product","2":"type-product","3":"status-publish","4":"has-post-thumbnail","6":"product_brand-as-schwabe-pl","7":"product_cat-produkty-do-samodzielnego-montazu-pl","8":"product_cat-przelaczniki-i-gniazda-natynkowe-pl","10":"first","11":"instock","12":"shipping-taxable","13":"product-type-simple"},"aioseo_notices":[],"_links":{"self":[{"href":"https:\/\/as-schwabe.de\/pl\/wp-json\/wp\/v2\/product\/32676","targetHints":{"allow":["GET"]}}],"collection":[{"href":"https:\/\/as-schwabe.de\/pl\/wp-json\/wp\/v2\/product"}],"about":[{"href":"https:\/\/as-schwabe.de\/pl\/wp-json\/wp\/v2\/types\/product"}],"version-history":[{"count":0,"href":"https:\/\/as-schwabe.de\/pl\/wp-json\/wp\/v2\/product\/32676\/revisions"}],"wp:featuredmedia":[{"embeddable":true,"href":"https:\/\/as-schwabe.de\/pl\/wp-json\/wp\/v2\/media\/31783"}],"wp:attachment":[{"href":"https:\/\/as-schwabe.de\/pl\/wp-json\/wp\/v2\/media?parent=32676"}],"wp:term":[{"taxonomy":"product_brand","embeddable":true,"href":"https:\/\/as-schwabe.de\/pl\/wp-json\/wp\/v2\/genre?post=32676"},{"taxonomy":"product_cat","embeddable":true,"href":"https:\/\/as-schwabe.de\/pl\/wp-json\/wp\/v2\/product_cat?post=32676"},{"taxonomy":"product_tag","embeddable":true,"href":"https:\/\/as-schwabe.de\/pl\/wp-json\/wp\/v2\/product_tag?post=32676"}],"curies":[{"name":"wp","href":"https:\/\/api.w.org\/{rel}","templated":true}]}}